{"id":11443,"date":"2022-09-06T09:25:35","date_gmt":"2022-09-06T09:25:35","guid":{"rendered":"https:\/\/velvet-med.pt\/?post_type=product&#038;p=11443"},"modified":"2026-02-04T22:42:13","modified_gmt":"2026-02-04T22:42:13","slug":"tamariflux","status":"publish","type":"product","link":"https:\/\/velvet-med.pt\/en\/product\/tamariflux\/","title":{"rendered":"TAMARIFLUX \u2013 Reflux and Heartburn Treatment"},"content":{"rendered":"<h1>Reflux, heartburn and indigestion? Tamariflux<\/h1>\n<ul class=\"ul1\">\n<li class=\"li1\">Tamariflux quickly relieves the burning sensation and discomfort of <a href=\"https:\/\/velvet-med.pt\/en\/azia-indigestao-refluxo\/\">gastroesophageal reflux<\/a>.<\/li>\n<li class=\"li1\"><span class=\"s2\">Effectively reduces acidity and protects the mucosa.<\/span><\/li>\n<li class=\"li1\"><span class=\"s2\">It works to prevent gastric reflux.<\/span><\/li>\n<li>Not intended for use during pregnancy.<\/li>\n<li>Be aware of reflux symptoms: heartburn \/ burning sensation behind the breastbone; sensation of a lump in the throat; regurgitation and vomiting; sore throat and hoarseness; persistent cough.<\/li>\n<\/ul>","protected":false},"excerpt":{"rendered":"<p><span class=\"s1\"><b>24 Chewable Tablets<\/b><\/span><\/p>\n<h4><span class=\"s2\">Information:<\/span><\/h4>\n<ul>\n<li><span class=\"s2\">Heartburn<\/span><\/li>\n<li><span class=\"s2\">Gastric reflux<\/span><\/li>\n<li>Indigestion<\/li>\n<\/ul>","protected":false},"featured_media":14458,"template":"","meta":{"inline_featured_image":false},"product_brand":[],"product_cat":[76],"product_tag":[],"class_list":{"0":"post-11443","1":"product","2":"type-product","3":"status-publish","4":"has-post-thumbnail","6":"product_cat-sistema-digestivo-e-hidratacao","8":"first","9":"instock","10":"shipping-taxable","11":"purchasable","12":"product-type-simple"},"yoast_head":"<!-- This site is optimized with the Yoast SEO plugin v27.3 - https:\/\/yoast.com\/product\/yoast-seo-wordpress\/ -->\n<title>TAMARIFLUX - Tratamento do Refluxo e Azia - Velvet Med<\/title>\n<meta name=\"description\" content=\"Pode contar com Tamariflux para reduzir a acidez, proteger a mucosa e atuar na preven\u00e7\u00e3o e tratamento do refluxo g\u00e1strico - tripla a\u00e7\u00e3o.\" \/>\n<meta name=\"robots\" content=\"index, follow, max-snippet:-1, max-image-preview:large, max-video-preview:-1\" \/>\n<link rel=\"canonical\" href=\"https:\/\/velvet-med.pt\/en\/product\/tamariflux\/\" \/>\n<meta property=\"og:locale\" content=\"en_GB\" \/>\n<meta property=\"og:type\" content=\"article\" \/>\n<meta property=\"og:title\" content=\"TAMARIFLUX - Tratamento do Refluxo e Azia - Velvet Med\" \/>\n<meta property=\"og:description\" content=\"Pode contar com Tamariflux para reduzir a acidez, proteger a mucosa e atuar na preven\u00e7\u00e3o e tratamento do refluxo g\u00e1strico - tripla a\u00e7\u00e3o.\" \/>\n<meta property=\"og:url\" content=\"https:\/\/velvet-med.pt\/en\/product\/tamariflux\/\" \/>\n<meta property=\"og:site_name\" content=\"Velvet Med\" \/>\n<meta property=\"article:modified_time\" content=\"2026-02-04T22:42:13+00:00\" \/>\n<meta property=\"og:image\" content=\"https:\/\/velvet-med.pt\/wp-content\/uploads\/2023\/05\/Tamariflux_front_site.jpg\" \/>\n\t<meta property=\"og:image:width\" content=\"1000\" \/>\n\t<meta property=\"og:image:height\" content=\"1000\" \/>\n\t<meta property=\"og:image:type\" content=\"image\/jpeg\" \/>\n<meta name=\"twitter:card\" content=\"summary_large_image\" \/>\n<meta name=\"twitter:label1\" content=\"Estimated reading time\" \/>\n\t<meta name=\"twitter:data1\" content=\"1 minute\" \/>\n<script type=\"application\/ld+json\" class=\"yoast-schema-graph\">{\"@context\":\"https:\\\/\\\/schema.org\",\"@graph\":[{\"@type\":\"WebPage\",\"@id\":\"https:\\\/\\\/velvet-med.pt\\\/produto\\\/tamariflux\\\/\",\"url\":\"https:\\\/\\\/velvet-med.pt\\\/produto\\\/tamariflux\\\/\",\"name\":\"TAMARIFLUX - Tratamento do Refluxo e Azia - Velvet Med\",\"isPartOf\":{\"@id\":\"https:\\\/\\\/velvet-med.pt\\\/#website\"},\"primaryImageOfPage\":{\"@id\":\"https:\\\/\\\/velvet-med.pt\\\/produto\\\/tamariflux\\\/#primaryimage\"},\"image\":{\"@id\":\"https:\\\/\\\/velvet-med.pt\\\/produto\\\/tamariflux\\\/#primaryimage\"},\"thumbnailUrl\":\"https:\\\/\\\/velvet-med.pt\\\/wp-content\\\/uploads\\\/2023\\\/05\\\/Tamariflux_front_site.jpg\",\"datePublished\":\"2022-09-06T09:25:35+00:00\",\"dateModified\":\"2026-02-04T22:42:13+00:00\",\"description\":\"Pode contar com Tamariflux para reduzir a acidez, proteger a mucosa e atuar na preven\u00e7\u00e3o e tratamento do refluxo g\u00e1strico - tripla a\u00e7\u00e3o.\",\"breadcrumb\":{\"@id\":\"https:\\\/\\\/velvet-med.pt\\\/produto\\\/tamariflux\\\/#breadcrumb\"},\"inLanguage\":\"en-GB\",\"potentialAction\":[{\"@type\":\"ReadAction\",\"target\":[\"https:\\\/\\\/velvet-med.pt\\\/produto\\\/tamariflux\\\/\"]}]},{\"@type\":\"ImageObject\",\"inLanguage\":\"en-GB\",\"@id\":\"https:\\\/\\\/velvet-med.pt\\\/produto\\\/tamariflux\\\/#primaryimage\",\"url\":\"https:\\\/\\\/velvet-med.pt\\\/wp-content\\\/uploads\\\/2023\\\/05\\\/Tamariflux_front_site.jpg\",\"contentUrl\":\"https:\\\/\\\/velvet-med.pt\\\/wp-content\\\/uploads\\\/2023\\\/05\\\/Tamariflux_front_site.jpg\",\"width\":1000,\"height\":1000,\"caption\":\"Uma solu\u00e7\u00e3o para a azia, refluxo e indigest\u00e3o\"},{\"@type\":\"BreadcrumbList\",\"@id\":\"https:\\\/\\\/velvet-med.pt\\\/produto\\\/tamariflux\\\/#breadcrumb\",\"itemListElement\":[{\"@type\":\"ListItem\",\"position\":1,\"name\":\"Home\",\"item\":\"https:\\\/\\\/velvet-med.pt\\\/\"},{\"@type\":\"ListItem\",\"position\":2,\"name\":\"Loja\",\"item\":\"https:\\\/\\\/velvet-med.pt\\\/loja\\\/\"},{\"@type\":\"ListItem\",\"position\":3,\"name\":\"TAMARIFLUX &#8211; Tratamento do Refluxo e Azia\"}]},{\"@type\":\"WebSite\",\"@id\":\"https:\\\/\\\/velvet-med.pt\\\/#website\",\"url\":\"https:\\\/\\\/velvet-med.pt\\\/\",\"name\":\"Velvet Med\",\"description\":\"Healthcare Solutions | Choose a Healthier Life\",\"potentialAction\":[{\"@type\":\"SearchAction\",\"target\":{\"@type\":\"EntryPoint\",\"urlTemplate\":\"https:\\\/\\\/velvet-med.pt\\\/?s={search_term_string}\"},\"query-input\":{\"@type\":\"PropertyValueSpecification\",\"valueRequired\":true,\"valueName\":\"search_term_string\"}}],\"inLanguage\":\"en-GB\"}]}<\/script>\n<!-- \/ Yoast SEO plugin. -->","yoast_head_json":{"title":"TAMARIFLUX - Tratamento do Refluxo e Azia - Velvet Med","description":"Pode contar com Tamariflux para reduzir a acidez, proteger a mucosa e atuar na preven\u00e7\u00e3o e tratamento do refluxo g\u00e1strico - tripla a\u00e7\u00e3o.","robots":{"index":"index","follow":"follow","max-snippet":"max-snippet:-1","max-image-preview":"max-image-preview:large","max-video-preview":"max-video-preview:-1"},"canonical":"https:\/\/velvet-med.pt\/en\/product\/tamariflux\/","og_locale":"en_GB","og_type":"article","og_title":"TAMARIFLUX - Tratamento do Refluxo e Azia - Velvet Med","og_description":"Pode contar com Tamariflux para reduzir a acidez, proteger a mucosa e atuar na preven\u00e7\u00e3o e tratamento do refluxo g\u00e1strico - tripla a\u00e7\u00e3o.","og_url":"https:\/\/velvet-med.pt\/en\/product\/tamariflux\/","og_site_name":"Velvet Med","article_modified_time":"2026-02-04T22:42:13+00:00","og_image":[{"width":1000,"height":1000,"url":"https:\/\/velvet-med.pt\/wp-content\/uploads\/2023\/05\/Tamariflux_front_site.jpg","type":"image\/jpeg"}],"twitter_card":"summary_large_image","twitter_misc":{"Estimated reading time":"1 minute"},"schema":{"@context":"https:\/\/schema.org","@graph":[{"@type":"WebPage","@id":"https:\/\/velvet-med.pt\/produto\/tamariflux\/","url":"https:\/\/velvet-med.pt\/produto\/tamariflux\/","name":"TAMARIFLUX - Tratamento do Refluxo e Azia - Velvet Med","isPartOf":{"@id":"https:\/\/velvet-med.pt\/#website"},"primaryImageOfPage":{"@id":"https:\/\/velvet-med.pt\/produto\/tamariflux\/#primaryimage"},"image":{"@id":"https:\/\/velvet-med.pt\/produto\/tamariflux\/#primaryimage"},"thumbnailUrl":"https:\/\/velvet-med.pt\/wp-content\/uploads\/2023\/05\/Tamariflux_front_site.jpg","datePublished":"2022-09-06T09:25:35+00:00","dateModified":"2026-02-04T22:42:13+00:00","description":"Pode contar com Tamariflux para reduzir a acidez, proteger a mucosa e atuar na preven\u00e7\u00e3o e tratamento do refluxo g\u00e1strico - tripla a\u00e7\u00e3o.","breadcrumb":{"@id":"https:\/\/velvet-med.pt\/produto\/tamariflux\/#breadcrumb"},"inLanguage":"en-GB","potentialAction":[{"@type":"ReadAction","target":["https:\/\/velvet-med.pt\/produto\/tamariflux\/"]}]},{"@type":"ImageObject","inLanguage":"en-GB","@id":"https:\/\/velvet-med.pt\/produto\/tamariflux\/#primaryimage","url":"https:\/\/velvet-med.pt\/wp-content\/uploads\/2023\/05\/Tamariflux_front_site.jpg","contentUrl":"https:\/\/velvet-med.pt\/wp-content\/uploads\/2023\/05\/Tamariflux_front_site.jpg","width":1000,"height":1000,"caption":"Uma solu\u00e7\u00e3o para a azia, refluxo e indigest\u00e3o"},{"@type":"BreadcrumbList","@id":"https:\/\/velvet-med.pt\/produto\/tamariflux\/#breadcrumb","itemListElement":[{"@type":"ListItem","position":1,"name":"Home","item":"https:\/\/velvet-med.pt\/"},{"@type":"ListItem","position":2,"name":"Loja","item":"https:\/\/velvet-med.pt\/loja\/"},{"@type":"ListItem","position":3,"name":"TAMARIFLUX &#8211; Tratamento do Refluxo e Azia"}]},{"@type":"WebSite","@id":"https:\/\/velvet-med.pt\/#website","url":"https:\/\/velvet-med.pt\/","name":"Velvet Med","description":"Healthcare Solutions | Choose a Healthier Life","potentialAction":[{"@type":"SearchAction","target":{"@type":"EntryPoint","urlTemplate":"https:\/\/velvet-med.pt\/?s={search_term_string}"},"query-input":{"@type":"PropertyValueSpecification","valueRequired":true,"valueName":"search_term_string"}}],"inLanguage":"en-GB"}]}},"_links":{"self":[{"href":"https:\/\/velvet-med.pt\/en\/wp-json\/wp\/v2\/product\/11443","targetHints":{"allow":["GET"]}}],"collection":[{"href":"https:\/\/velvet-med.pt\/en\/wp-json\/wp\/v2\/product"}],"about":[{"href":"https:\/\/velvet-med.pt\/en\/wp-json\/wp\/v2\/types\/product"}],"wp:featuredmedia":[{"embeddable":true,"href":"https:\/\/velvet-med.pt\/en\/wp-json\/wp\/v2\/media\/14458"}],"wp:attachment":[{"href":"https:\/\/velvet-med.pt\/en\/wp-json\/wp\/v2\/media?parent=11443"}],"wp:term":[{"taxonomy":"product_brand","embeddable":true,"href":"https:\/\/velvet-med.pt\/en\/wp-json\/wp\/v2\/product_brand?post=11443"},{"taxonomy":"product_cat","embeddable":true,"href":"https:\/\/velvet-med.pt\/en\/wp-json\/wp\/v2\/product_cat?post=11443"},{"taxonomy":"product_tag","embeddable":true,"href":"https:\/\/velvet-med.pt\/en\/wp-json\/wp\/v2\/product_tag?post=11443"}],"curies":[{"name":"wp","href":"https:\/\/api.w.org\/{rel}","templated":true}]}}