{"id":15361,"date":"2023-10-30T17:21:39","date_gmt":"2023-10-30T17:21:39","guid":{"rendered":"https:\/\/velvet-med.pt\/?post_type=product&#038;p=15361"},"modified":"2026-01-20T11:07:11","modified_gmt":"2026-01-20T11:07:11","slug":"veltuss-adulto-dispositivo-medico","status":"publish","type":"product","link":"https:\/\/velvet-med.pt\/en\/product\/veltuss-adulto-dispositivo-medico\/","title":{"rendered":"VELTUSS Adulto Dispositivo M\u00e9dico"},"content":{"rendered":"<h1>A tosse n\u00e3o escolhe momentos. Seja ela seca ou produtiva, trate-a com Veltuss Adulto.<\/h1>\n<ul>\n<li style=\"list-style-type: none;\">\n<ul>\n<li><span class=\"s2\">Dispositivo M\u00e9dico na forma de solu\u00e7\u00e3o xaroposa, 100% natural.<\/span><\/li>\n<li>Destina-se ao tratamento da <a href=\"https:\/\/velvet-med.pt\/en\/saude-das-vias-respiratorias\/\">tosse<\/a> seca ou produtiva,<\/li>\n<li>Acalma\/controla a tosse e protege a garganta.<\/li>\n<li>Para al\u00e9m da sua efic\u00e1cia comprovada, tem um sabor muito agrad\u00e1vel a mel, lim\u00e3o e eucalipto.<\/li>\n<li>Tem <strong>baixo \u00edndice glic\u00e9mico<\/strong>. Se for diab\u00e9tico controlado poder\u00e1 tomar Veltuss Adulto &#8211; cada toma equivale a uma ma\u00e7\u00e3 verde.<\/li>\n<li>Sem lactose, gl\u00faten, \u00e1lcool ou conservantes.<\/li>\n<\/ul>\n<\/li>\n<\/ul>","protected":false},"excerpt":{"rendered":"<p><strong>140 ml of Syrupy Solution with a low glycemic index, flavored with Honey, Lemon and Eucalyptus<\/strong><\/p>\n<h4><span class=\"s2\">Information:<\/span><\/h4>\n<ul>\n<li><span class=\"s2\">Throat, pharynx and vocal cords.<\/span><\/li>\n<li><span class=\"s2\">Expectorant.<\/span><\/li>\n<\/ul>","protected":false},"featured_media":15357,"template":"","meta":{"inline_featured_image":false},"product_brand":[],"product_cat":[129,115],"product_tag":[],"class_list":{"0":"post-15361","1":"product","2":"type-product","3":"status-publish","4":"has-post-thumbnail","6":"product_cat-inverno","7":"product_cat-vias-respiratorias","9":"first","10":"instock","11":"shipping-taxable","12":"purchasable","13":"product-type-simple"},"yoast_head":"<!-- This site is optimized with the Yoast SEO plugin v27.3 - https:\/\/yoast.com\/product\/yoast-seo-wordpress\/ -->\n<title>VELTUSS Adulto Dispositivo M\u00e9dico - Velvet Med<\/title>\n<meta name=\"description\" content=\"Veltuss Adulto destina-se ao tratamento da tosse seca ou produtiva, acalma a tosse e protege a garganta. 100% natural. Produto com baixo \u00edndice glic\u00e9mico.\" \/>\n<meta name=\"robots\" content=\"index, follow, max-snippet:-1, max-image-preview:large, max-video-preview:-1\" \/>\n<link rel=\"canonical\" href=\"https:\/\/velvet-med.pt\/en\/product\/veltuss-adulto-dispositivo-medico\/\" \/>\n<meta property=\"og:locale\" content=\"en_GB\" \/>\n<meta property=\"og:type\" content=\"article\" \/>\n<meta property=\"og:title\" content=\"VELTUSS Adulto Dispositivo M\u00e9dico - Velvet Med\" \/>\n<meta property=\"og:description\" content=\"Veltuss Adulto destina-se ao tratamento da tosse seca ou produtiva, acalma a tosse e protege a garganta. 100% natural. Produto com baixo \u00edndice glic\u00e9mico.\" \/>\n<meta property=\"og:url\" content=\"https:\/\/velvet-med.pt\/en\/product\/veltuss-adulto-dispositivo-medico\/\" \/>\n<meta property=\"og:site_name\" content=\"Velvet Med\" \/>\n<meta property=\"article:modified_time\" content=\"2026-01-20T11:07:11+00:00\" \/>\n<meta property=\"og:image\" content=\"https:\/\/velvet-med.pt\/wp-content\/uploads\/2023\/10\/Veltuss_Ad_dm_front_site.jpg\" \/>\n\t<meta property=\"og:image:width\" content=\"1000\" \/>\n\t<meta property=\"og:image:height\" content=\"1000\" \/>\n\t<meta property=\"og:image:type\" content=\"image\/jpeg\" \/>\n<meta name=\"twitter:card\" content=\"summary_large_image\" \/>\n<meta name=\"twitter:label1\" content=\"Estimated reading time\" \/>\n\t<meta name=\"twitter:data1\" content=\"1 minute\" \/>\n<script type=\"application\/ld+json\" class=\"yoast-schema-graph\">{\"@context\":\"https:\\\/\\\/schema.org\",\"@graph\":[{\"@type\":\"WebPage\",\"@id\":\"https:\\\/\\\/velvet-med.pt\\\/produto\\\/veltuss-adulto-dispositivo-medico\\\/\",\"url\":\"https:\\\/\\\/velvet-med.pt\\\/produto\\\/veltuss-adulto-dispositivo-medico\\\/\",\"name\":\"VELTUSS Adulto Dispositivo M\u00e9dico - Velvet Med\",\"isPartOf\":{\"@id\":\"https:\\\/\\\/velvet-med.pt\\\/#website\"},\"primaryImageOfPage\":{\"@id\":\"https:\\\/\\\/velvet-med.pt\\\/produto\\\/veltuss-adulto-dispositivo-medico\\\/#primaryimage\"},\"image\":{\"@id\":\"https:\\\/\\\/velvet-med.pt\\\/produto\\\/veltuss-adulto-dispositivo-medico\\\/#primaryimage\"},\"thumbnailUrl\":\"https:\\\/\\\/velvet-med.pt\\\/wp-content\\\/uploads\\\/2023\\\/10\\\/Veltuss_Ad_dm_front_site.jpg\",\"datePublished\":\"2023-10-30T17:21:39+00:00\",\"dateModified\":\"2026-01-20T11:07:11+00:00\",\"description\":\"Veltuss Adulto destina-se ao tratamento da tosse seca ou produtiva, acalma a tosse e protege a garganta. 100% natural. Produto com baixo \u00edndice glic\u00e9mico.\",\"breadcrumb\":{\"@id\":\"https:\\\/\\\/velvet-med.pt\\\/produto\\\/veltuss-adulto-dispositivo-medico\\\/#breadcrumb\"},\"inLanguage\":\"en-GB\",\"potentialAction\":[{\"@type\":\"ReadAction\",\"target\":[\"https:\\\/\\\/velvet-med.pt\\\/produto\\\/veltuss-adulto-dispositivo-medico\\\/\"]}]},{\"@type\":\"ImageObject\",\"inLanguage\":\"en-GB\",\"@id\":\"https:\\\/\\\/velvet-med.pt\\\/produto\\\/veltuss-adulto-dispositivo-medico\\\/#primaryimage\",\"url\":\"https:\\\/\\\/velvet-med.pt\\\/wp-content\\\/uploads\\\/2023\\\/10\\\/Veltuss_Ad_dm_front_site.jpg\",\"contentUrl\":\"https:\\\/\\\/velvet-med.pt\\\/wp-content\\\/uploads\\\/2023\\\/10\\\/Veltuss_Ad_dm_front_site.jpg\",\"width\":1000,\"height\":1000,\"caption\":\"Uma solu\u00e7\u00e3o para a tosse seca e produtiva que pode ser tomado por diab\u00e9ticos que estejam controlados\"},{\"@type\":\"BreadcrumbList\",\"@id\":\"https:\\\/\\\/velvet-med.pt\\\/produto\\\/veltuss-adulto-dispositivo-medico\\\/#breadcrumb\",\"itemListElement\":[{\"@type\":\"ListItem\",\"position\":1,\"name\":\"Home\",\"item\":\"https:\\\/\\\/velvet-med.pt\\\/\"},{\"@type\":\"ListItem\",\"position\":2,\"name\":\"Loja\",\"item\":\"https:\\\/\\\/velvet-med.pt\\\/loja\\\/\"},{\"@type\":\"ListItem\",\"position\":3,\"name\":\"VELTUSS Adulto Dispositivo M\u00e9dico\"}]},{\"@type\":\"WebSite\",\"@id\":\"https:\\\/\\\/velvet-med.pt\\\/#website\",\"url\":\"https:\\\/\\\/velvet-med.pt\\\/\",\"name\":\"Velvet Med\",\"description\":\"Healthcare Solutions | Choose a Healthier Life\",\"potentialAction\":[{\"@type\":\"SearchAction\",\"target\":{\"@type\":\"EntryPoint\",\"urlTemplate\":\"https:\\\/\\\/velvet-med.pt\\\/?s={search_term_string}\"},\"query-input\":{\"@type\":\"PropertyValueSpecification\",\"valueRequired\":true,\"valueName\":\"search_term_string\"}}],\"inLanguage\":\"en-GB\"}]}<\/script>\n<!-- \/ Yoast SEO plugin. -->","yoast_head_json":{"title":"VELTUSS Adulto Dispositivo M\u00e9dico - Velvet Med","description":"Veltuss Adulto destina-se ao tratamento da tosse seca ou produtiva, acalma a tosse e protege a garganta. 100% natural. Produto com baixo \u00edndice glic\u00e9mico.","robots":{"index":"index","follow":"follow","max-snippet":"max-snippet:-1","max-image-preview":"max-image-preview:large","max-video-preview":"max-video-preview:-1"},"canonical":"https:\/\/velvet-med.pt\/en\/product\/veltuss-adulto-dispositivo-medico\/","og_locale":"en_GB","og_type":"article","og_title":"VELTUSS Adulto Dispositivo M\u00e9dico - Velvet Med","og_description":"Veltuss Adulto destina-se ao tratamento da tosse seca ou produtiva, acalma a tosse e protege a garganta. 100% natural. Produto com baixo \u00edndice glic\u00e9mico.","og_url":"https:\/\/velvet-med.pt\/en\/product\/veltuss-adulto-dispositivo-medico\/","og_site_name":"Velvet Med","article_modified_time":"2026-01-20T11:07:11+00:00","og_image":[{"width":1000,"height":1000,"url":"https:\/\/velvet-med.pt\/wp-content\/uploads\/2023\/10\/Veltuss_Ad_dm_front_site.jpg","type":"image\/jpeg"}],"twitter_card":"summary_large_image","twitter_misc":{"Estimated reading time":"1 minute"},"schema":{"@context":"https:\/\/schema.org","@graph":[{"@type":"WebPage","@id":"https:\/\/velvet-med.pt\/produto\/veltuss-adulto-dispositivo-medico\/","url":"https:\/\/velvet-med.pt\/produto\/veltuss-adulto-dispositivo-medico\/","name":"VELTUSS Adulto Dispositivo M\u00e9dico - Velvet Med","isPartOf":{"@id":"https:\/\/velvet-med.pt\/#website"},"primaryImageOfPage":{"@id":"https:\/\/velvet-med.pt\/produto\/veltuss-adulto-dispositivo-medico\/#primaryimage"},"image":{"@id":"https:\/\/velvet-med.pt\/produto\/veltuss-adulto-dispositivo-medico\/#primaryimage"},"thumbnailUrl":"https:\/\/velvet-med.pt\/wp-content\/uploads\/2023\/10\/Veltuss_Ad_dm_front_site.jpg","datePublished":"2023-10-30T17:21:39+00:00","dateModified":"2026-01-20T11:07:11+00:00","description":"Veltuss Adulto destina-se ao tratamento da tosse seca ou produtiva, acalma a tosse e protege a garganta. 100% natural. Produto com baixo \u00edndice glic\u00e9mico.","breadcrumb":{"@id":"https:\/\/velvet-med.pt\/produto\/veltuss-adulto-dispositivo-medico\/#breadcrumb"},"inLanguage":"en-GB","potentialAction":[{"@type":"ReadAction","target":["https:\/\/velvet-med.pt\/produto\/veltuss-adulto-dispositivo-medico\/"]}]},{"@type":"ImageObject","inLanguage":"en-GB","@id":"https:\/\/velvet-med.pt\/produto\/veltuss-adulto-dispositivo-medico\/#primaryimage","url":"https:\/\/velvet-med.pt\/wp-content\/uploads\/2023\/10\/Veltuss_Ad_dm_front_site.jpg","contentUrl":"https:\/\/velvet-med.pt\/wp-content\/uploads\/2023\/10\/Veltuss_Ad_dm_front_site.jpg","width":1000,"height":1000,"caption":"Uma solu\u00e7\u00e3o para a tosse seca e produtiva que pode ser tomado por diab\u00e9ticos que estejam controlados"},{"@type":"BreadcrumbList","@id":"https:\/\/velvet-med.pt\/produto\/veltuss-adulto-dispositivo-medico\/#breadcrumb","itemListElement":[{"@type":"ListItem","position":1,"name":"Home","item":"https:\/\/velvet-med.pt\/"},{"@type":"ListItem","position":2,"name":"Loja","item":"https:\/\/velvet-med.pt\/loja\/"},{"@type":"ListItem","position":3,"name":"VELTUSS Adulto Dispositivo M\u00e9dico"}]},{"@type":"WebSite","@id":"https:\/\/velvet-med.pt\/#website","url":"https:\/\/velvet-med.pt\/","name":"Velvet Med","description":"Healthcare Solutions | Choose a Healthier Life","potentialAction":[{"@type":"SearchAction","target":{"@type":"EntryPoint","urlTemplate":"https:\/\/velvet-med.pt\/?s={search_term_string}"},"query-input":{"@type":"PropertyValueSpecification","valueRequired":true,"valueName":"search_term_string"}}],"inLanguage":"en-GB"}]}},"_links":{"self":[{"href":"https:\/\/velvet-med.pt\/en\/wp-json\/wp\/v2\/product\/15361","targetHints":{"allow":["GET"]}}],"collection":[{"href":"https:\/\/velvet-med.pt\/en\/wp-json\/wp\/v2\/product"}],"about":[{"href":"https:\/\/velvet-med.pt\/en\/wp-json\/wp\/v2\/types\/product"}],"wp:featuredmedia":[{"embeddable":true,"href":"https:\/\/velvet-med.pt\/en\/wp-json\/wp\/v2\/media\/15357"}],"wp:attachment":[{"href":"https:\/\/velvet-med.pt\/en\/wp-json\/wp\/v2\/media?parent=15361"}],"wp:term":[{"taxonomy":"product_brand","embeddable":true,"href":"https:\/\/velvet-med.pt\/en\/wp-json\/wp\/v2\/product_brand?post=15361"},{"taxonomy":"product_cat","embeddable":true,"href":"https:\/\/velvet-med.pt\/en\/wp-json\/wp\/v2\/product_cat?post=15361"},{"taxonomy":"product_tag","embeddable":true,"href":"https:\/\/velvet-med.pt\/en\/wp-json\/wp\/v2\/product_tag?post=15361"}],"curies":[{"name":"wp","href":"https:\/\/api.w.org\/{rel}","templated":true}]}}