{"id":7746,"date":"2021-05-04T14:35:42","date_gmt":"2021-05-04T14:35:42","guid":{"rendered":"https:\/\/velvet-med.pt\/?post_type=product&#038;p=7746"},"modified":"2026-03-28T13:38:03","modified_gmt":"2026-03-28T13:38:03","slug":"complexo-b-2","status":"publish","type":"product","link":"https:\/\/velvet-med.pt\/en\/product\/complexo-b-2\/","title":{"rendered":"COMPLEXO B Comprimidos &#8211; Energia Pura"},"content":{"rendered":"<h1><span class=\"s2\">As Vitaminas do Complexo B possuem elevado valor energ\u00e9tico<\/span><\/h1>\n<p><span class=\"s2\">Complexo B Comprimidos \u00e9 indicado em situa\u00e7\u00f5es onde h\u00e1 falta de apetite, falta de energia, cansa\u00e7o e fadiga. \u00c9 um \u00f3timo aliado na melhoria do desempenho cognitivo e mental, aftas e manuten\u00e7\u00e3o das mucosas e sistema imunit\u00e1rio.<\/span><\/p>\n<ul>\n<li style=\"list-style-type: none;\">\n<ul class=\"ul1\">\n<li>Complexo B Comprimidos cont\u00e9m as Vitaminas B1, B2, B3, B5, B6, B9 e B12.<\/li>\n<li class=\"li1\"><span class=\"s2\">Vitamin B2, B3, B5, B6, B9, and B12 contribute to the reduction of tiredness and fatigue.<\/span><\/li>\n<li class=\"li1\"><span class=\"s2\">As Vitaminas B1, B2, B3, B5, B6 e B12 contribuem para o normal metabolismo produtor de energia.<\/span><\/li>\n<li class=\"li1\"><span class=\"s2\">Vitamin B5 contributes to normal mental performance.<\/span><\/li>\n<li class=\"li1\"><span class=\"s2\">As Vitaminas B1, B2, B3 e B6 contribuem para o normal funcionamento do sistema nervoso.<\/span><\/li>\n<li class=\"li1\"><span class=\"s2\">As Vitaminas B1, B3, B6, B9 e B12 contribuem para uma normal fun\u00e7\u00e3o psicol\u00f3gica.<span class=\"Apple-converted-space\">\u00a0<\/span><\/span><\/li>\n<li class=\"li1\"><span class=\"s2\">As Vitaminas B2 e B3 contribuem para a manuten\u00e7\u00e3o de mucosas normais.<\/span><\/li>\n<li class=\"li1\"><span class=\"s2\">Vitamins B6, B9, and B12 contribute to the normal functioning of the immune system.<\/span><\/li>\n<li>From 12 years of age.<\/li>\n<\/ul>\n<\/li>\n<\/ul>","protected":false},"excerpt":{"rendered":"<p><strong>30 Tablets<\/strong><\/p>\n<h4><span class=\"s1\">Information:<\/span><\/h4>\n<ul class=\"ul1\">\n<li class=\"li1\"><span class=\"s1\">Physical\/mental fatigue and tiredness<\/span><\/li>\n<li class=\"li1\"><span class=\"s1\">Ulcers and other mucous disorders<\/span><\/li>\n<li class=\"li1\"><span class=\"s1\">Lack of appetite<\/span><\/li>\n<li class=\"li1\"><span class=\"s1\">Weakened immune system<\/span><\/li>\n<\/ul>","protected":false},"featured_media":7207,"template":"","meta":{"inline_featured_image":false},"product_brand":[],"product_cat":[68],"product_tag":[],"class_list":{"0":"post-7746","1":"product","2":"type-product","3":"status-publish","4":"has-post-thumbnail","6":"product_cat-vitaminas-e-minerais","8":"first","9":"instock","10":"shipping-taxable","11":"purchasable","12":"product-type-simple"},"yoast_head":"<!-- This site is optimized with the Yoast SEO plugin v27.3 - https:\/\/yoast.com\/product\/yoast-seo-wordpress\/ -->\n<title>COMPLEXO B Comprimidos - Energia Pura - Velvet Med<\/title>\n<meta name=\"description\" content=\"Complexo B Comprimidos contribui para a redu\u00e7\u00e3o do cansa\u00e7o f\u00edsico, melhoria do desempenho intelectual, manuten\u00e7\u00e3o das mucosas e sistema imunit\u00e1rio.\" \/>\n<meta name=\"robots\" content=\"index, follow, max-snippet:-1, max-image-preview:large, max-video-preview:-1\" \/>\n<link rel=\"canonical\" href=\"https:\/\/velvet-med.pt\/en\/product\/complexo-b-2\/\" \/>\n<meta property=\"og:locale\" content=\"en_GB\" \/>\n<meta property=\"og:type\" content=\"article\" \/>\n<meta property=\"og:title\" content=\"COMPLEXO B Comprimidos - Energia Pura - Velvet Med\" \/>\n<meta property=\"og:description\" content=\"Complexo B Comprimidos contribui para a redu\u00e7\u00e3o do cansa\u00e7o f\u00edsico, melhoria do desempenho intelectual, manuten\u00e7\u00e3o das mucosas e sistema imunit\u00e1rio.\" \/>\n<meta property=\"og:url\" content=\"https:\/\/velvet-med.pt\/en\/product\/complexo-b-2\/\" \/>\n<meta property=\"og:site_name\" content=\"Velvet Med\" \/>\n<meta property=\"article:modified_time\" content=\"2026-03-28T13:38:03+00:00\" \/>\n<meta property=\"og:image\" content=\"https:\/\/velvet-med.pt\/wp-content\/uploads\/2021\/02\/Comp-B-comprimidos-produto.png\" \/>\n\t<meta property=\"og:image:width\" content=\"1080\" \/>\n\t<meta property=\"og:image:height\" content=\"1080\" \/>\n\t<meta property=\"og:image:type\" content=\"image\/png\" \/>\n<meta name=\"twitter:card\" content=\"summary_large_image\" \/>\n<meta name=\"twitter:label1\" content=\"Estimated reading time\" \/>\n\t<meta name=\"twitter:data1\" content=\"2 minutes\" \/>\n<script type=\"application\/ld+json\" class=\"yoast-schema-graph\">{\"@context\":\"https:\\\/\\\/schema.org\",\"@graph\":[{\"@type\":\"WebPage\",\"@id\":\"https:\\\/\\\/velvet-med.pt\\\/produto\\\/complexo-b-2\\\/\",\"url\":\"https:\\\/\\\/velvet-med.pt\\\/produto\\\/complexo-b-2\\\/\",\"name\":\"COMPLEXO B Comprimidos - Energia Pura - Velvet Med\",\"isPartOf\":{\"@id\":\"https:\\\/\\\/velvet-med.pt\\\/#website\"},\"primaryImageOfPage\":{\"@id\":\"https:\\\/\\\/velvet-med.pt\\\/produto\\\/complexo-b-2\\\/#primaryimage\"},\"image\":{\"@id\":\"https:\\\/\\\/velvet-med.pt\\\/produto\\\/complexo-b-2\\\/#primaryimage\"},\"thumbnailUrl\":\"https:\\\/\\\/velvet-med.pt\\\/wp-content\\\/uploads\\\/2021\\\/02\\\/Comp-B-comprimidos-produto.png\",\"datePublished\":\"2021-05-04T14:35:42+00:00\",\"dateModified\":\"2026-03-28T13:38:03+00:00\",\"description\":\"Complexo B Comprimidos contribui para a redu\u00e7\u00e3o do cansa\u00e7o f\u00edsico, melhoria do desempenho intelectual, manuten\u00e7\u00e3o das mucosas e sistema imunit\u00e1rio.\",\"breadcrumb\":{\"@id\":\"https:\\\/\\\/velvet-med.pt\\\/produto\\\/complexo-b-2\\\/#breadcrumb\"},\"inLanguage\":\"en-GB\",\"potentialAction\":[{\"@type\":\"ReadAction\",\"target\":[\"https:\\\/\\\/velvet-med.pt\\\/produto\\\/complexo-b-2\\\/\"]}]},{\"@type\":\"ImageObject\",\"inLanguage\":\"en-GB\",\"@id\":\"https:\\\/\\\/velvet-med.pt\\\/produto\\\/complexo-b-2\\\/#primaryimage\",\"url\":\"https:\\\/\\\/velvet-med.pt\\\/wp-content\\\/uploads\\\/2021\\\/02\\\/Comp-B-comprimidos-produto.png\",\"contentUrl\":\"https:\\\/\\\/velvet-med.pt\\\/wp-content\\\/uploads\\\/2021\\\/02\\\/Comp-B-comprimidos-produto.png\",\"width\":1080,\"height\":1080,\"caption\":\"Energia pura\"},{\"@type\":\"BreadcrumbList\",\"@id\":\"https:\\\/\\\/velvet-med.pt\\\/produto\\\/complexo-b-2\\\/#breadcrumb\",\"itemListElement\":[{\"@type\":\"ListItem\",\"position\":1,\"name\":\"Home\",\"item\":\"https:\\\/\\\/velvet-med.pt\\\/\"},{\"@type\":\"ListItem\",\"position\":2,\"name\":\"Loja\",\"item\":\"https:\\\/\\\/velvet-med.pt\\\/loja\\\/\"},{\"@type\":\"ListItem\",\"position\":3,\"name\":\"COMPLEXO B Comprimidos &#8211; Energia Pura\"}]},{\"@type\":\"WebSite\",\"@id\":\"https:\\\/\\\/velvet-med.pt\\\/#website\",\"url\":\"https:\\\/\\\/velvet-med.pt\\\/\",\"name\":\"Velvet Med\",\"description\":\"Healthcare Solutions | Choose a Healthier Life\",\"potentialAction\":[{\"@type\":\"SearchAction\",\"target\":{\"@type\":\"EntryPoint\",\"urlTemplate\":\"https:\\\/\\\/velvet-med.pt\\\/?s={search_term_string}\"},\"query-input\":{\"@type\":\"PropertyValueSpecification\",\"valueRequired\":true,\"valueName\":\"search_term_string\"}}],\"inLanguage\":\"en-GB\"}]}<\/script>\n<!-- \/ Yoast SEO plugin. -->","yoast_head_json":{"title":"COMPLEXO B Comprimidos - Energia Pura - Velvet Med","description":"Complexo B Comprimidos contribui para a redu\u00e7\u00e3o do cansa\u00e7o f\u00edsico, melhoria do desempenho intelectual, manuten\u00e7\u00e3o das mucosas e sistema imunit\u00e1rio.","robots":{"index":"index","follow":"follow","max-snippet":"max-snippet:-1","max-image-preview":"max-image-preview:large","max-video-preview":"max-video-preview:-1"},"canonical":"https:\/\/velvet-med.pt\/en\/product\/complexo-b-2\/","og_locale":"en_GB","og_type":"article","og_title":"COMPLEXO B Comprimidos - Energia Pura - Velvet Med","og_description":"Complexo B Comprimidos contribui para a redu\u00e7\u00e3o do cansa\u00e7o f\u00edsico, melhoria do desempenho intelectual, manuten\u00e7\u00e3o das mucosas e sistema imunit\u00e1rio.","og_url":"https:\/\/velvet-med.pt\/en\/product\/complexo-b-2\/","og_site_name":"Velvet Med","article_modified_time":"2026-03-28T13:38:03+00:00","og_image":[{"width":1080,"height":1080,"url":"https:\/\/velvet-med.pt\/wp-content\/uploads\/2021\/02\/Comp-B-comprimidos-produto.png","type":"image\/png"}],"twitter_card":"summary_large_image","twitter_misc":{"Estimated reading time":"2 minutes"},"schema":{"@context":"https:\/\/schema.org","@graph":[{"@type":"WebPage","@id":"https:\/\/velvet-med.pt\/produto\/complexo-b-2\/","url":"https:\/\/velvet-med.pt\/produto\/complexo-b-2\/","name":"COMPLEXO B Comprimidos - Energia Pura - Velvet Med","isPartOf":{"@id":"https:\/\/velvet-med.pt\/#website"},"primaryImageOfPage":{"@id":"https:\/\/velvet-med.pt\/produto\/complexo-b-2\/#primaryimage"},"image":{"@id":"https:\/\/velvet-med.pt\/produto\/complexo-b-2\/#primaryimage"},"thumbnailUrl":"https:\/\/velvet-med.pt\/wp-content\/uploads\/2021\/02\/Comp-B-comprimidos-produto.png","datePublished":"2021-05-04T14:35:42+00:00","dateModified":"2026-03-28T13:38:03+00:00","description":"Complexo B Comprimidos contribui para a redu\u00e7\u00e3o do cansa\u00e7o f\u00edsico, melhoria do desempenho intelectual, manuten\u00e7\u00e3o das mucosas e sistema imunit\u00e1rio.","breadcrumb":{"@id":"https:\/\/velvet-med.pt\/produto\/complexo-b-2\/#breadcrumb"},"inLanguage":"en-GB","potentialAction":[{"@type":"ReadAction","target":["https:\/\/velvet-med.pt\/produto\/complexo-b-2\/"]}]},{"@type":"ImageObject","inLanguage":"en-GB","@id":"https:\/\/velvet-med.pt\/produto\/complexo-b-2\/#primaryimage","url":"https:\/\/velvet-med.pt\/wp-content\/uploads\/2021\/02\/Comp-B-comprimidos-produto.png","contentUrl":"https:\/\/velvet-med.pt\/wp-content\/uploads\/2021\/02\/Comp-B-comprimidos-produto.png","width":1080,"height":1080,"caption":"Energia pura"},{"@type":"BreadcrumbList","@id":"https:\/\/velvet-med.pt\/produto\/complexo-b-2\/#breadcrumb","itemListElement":[{"@type":"ListItem","position":1,"name":"Home","item":"https:\/\/velvet-med.pt\/"},{"@type":"ListItem","position":2,"name":"Loja","item":"https:\/\/velvet-med.pt\/loja\/"},{"@type":"ListItem","position":3,"name":"COMPLEXO B Comprimidos &#8211; Energia Pura"}]},{"@type":"WebSite","@id":"https:\/\/velvet-med.pt\/#website","url":"https:\/\/velvet-med.pt\/","name":"Velvet Med","description":"Healthcare Solutions | Choose a Healthier Life","potentialAction":[{"@type":"SearchAction","target":{"@type":"EntryPoint","urlTemplate":"https:\/\/velvet-med.pt\/?s={search_term_string}"},"query-input":{"@type":"PropertyValueSpecification","valueRequired":true,"valueName":"search_term_string"}}],"inLanguage":"en-GB"}]}},"_links":{"self":[{"href":"https:\/\/velvet-med.pt\/en\/wp-json\/wp\/v2\/product\/7746","targetHints":{"allow":["GET"]}}],"collection":[{"href":"https:\/\/velvet-med.pt\/en\/wp-json\/wp\/v2\/product"}],"about":[{"href":"https:\/\/velvet-med.pt\/en\/wp-json\/wp\/v2\/types\/product"}],"wp:featuredmedia":[{"embeddable":true,"href":"https:\/\/velvet-med.pt\/en\/wp-json\/wp\/v2\/media\/7207"}],"wp:attachment":[{"href":"https:\/\/velvet-med.pt\/en\/wp-json\/wp\/v2\/media?parent=7746"}],"wp:term":[{"taxonomy":"product_brand","embeddable":true,"href":"https:\/\/velvet-med.pt\/en\/wp-json\/wp\/v2\/product_brand?post=7746"},{"taxonomy":"product_cat","embeddable":true,"href":"https:\/\/velvet-med.pt\/en\/wp-json\/wp\/v2\/product_cat?post=7746"},{"taxonomy":"product_tag","embeddable":true,"href":"https:\/\/velvet-med.pt\/en\/wp-json\/wp\/v2\/product_tag?post=7746"}],"curies":[{"name":"wp","href":"https:\/\/api.w.org\/{rel}","templated":true}]}}