{"id":7748,"date":"2021-05-04T14:35:42","date_gmt":"2021-05-04T14:35:42","guid":{"rendered":"https:\/\/velvet-med.pt\/?post_type=product&#038;p=7748"},"modified":"2026-01-20T11:10:04","modified_gmt":"2026-01-20T11:10:04","slug":"velvita-c-efervescente","status":"publish","type":"product","link":"https:\/\/velvet-med.pt\/en\/product\/velvita-c-efervescente\/","title":{"rendered":"VELVITA C Effervescent Tablets \u2013 Vitamin C"},"content":{"rendered":"<h1><span class=\"s2\">Source of Vitamin C<\/span><\/h1>\n<p>Velvita C Effervescent Tablets are an excellent supplement for urinary tract infections, tissue repair, collagen synthesis, boosting the immune system, or when there is a need to increase iron absorption (such as in cases of anaemia).<\/p>\n<ul class=\"ul1\">\n<li>Orange flavour.<\/li>\n<li>No sugar.<\/li>\n<li>From 12 years of age.<\/li>\n<\/ul>\n<p><a href=\"https:\/\/velvet-med.pt\/en\/vitamina-c\/\">Vitamin C<\/a>:<\/p>\n<ul class=\"ul1\">\n<li class=\"li1\"><span class=\"s2\">It contributes to the normal functioning of the immune system, psychological function, and the nervous system. Furthermore, it is also essential for the protection of cells from oxidative stress, the reduction of tiredness and fatigue, and normal energy-yielding metabolism.<\/span><\/li>\n<li>Important for collagen synthesis and tissue repair.<\/li>\n<li>Increases iron absorption.<\/li>\n<\/ul>","protected":false},"excerpt":{"rendered":"<p><strong>20 Sugar-free Effervescent Tablets<\/strong><\/p>\n<h4><span class=\"s2\">Information:<\/span><\/h4>\n<ul>\n<li><span class=\"s2\">Strengthens the immune system<\/span><\/li>\n<li><span class=\"s2\">Vitamin C deficiencies<\/span><\/li>\n<li><span class=\"s2\">Supplement for iron and joint treatment products.<\/span><\/li>\n<\/ul>","protected":false},"featured_media":7116,"template":"","meta":{"inline_featured_image":false},"product_brand":[],"product_cat":[129,72],"product_tag":[],"class_list":{"0":"post-7748","1":"product","2":"type-product","3":"status-publish","4":"has-post-thumbnail","6":"product_cat-inverno","7":"product_cat-sistema-imunitario","9":"first","10":"instock","11":"shipping-taxable","12":"purchasable","13":"product-type-simple"},"yoast_head":"<!-- This site is optimized with the Yoast SEO plugin v27.3 - https:\/\/yoast.com\/product\/yoast-seo-wordpress\/ -->\n<title>VELVITA C Comprimidos Efervescentes - Vitamina C - Velvet Med<\/title>\n<meta name=\"description\" content=\"Velvita C Comprimidos Efervescentes. Refor\u00e7o do sistema imunit\u00e1rio, infe\u00e7\u00f5es urin\u00e1rias, repara\u00e7\u00e3o dos tecidos ou aumento da absor\u00e7\u00e3o de ferro. Sem a\u00e7\u00facar.\" \/>\n<meta name=\"robots\" content=\"index, follow, max-snippet:-1, max-image-preview:large, max-video-preview:-1\" \/>\n<link rel=\"canonical\" href=\"https:\/\/velvet-med.pt\/en\/product\/velvita-c-efervescente\/\" \/>\n<meta property=\"og:locale\" content=\"en_GB\" \/>\n<meta property=\"og:type\" content=\"article\" \/>\n<meta property=\"og:title\" content=\"VELVITA C Comprimidos Efervescentes - Vitamina C - Velvet Med\" \/>\n<meta property=\"og:description\" content=\"Velvita C Comprimidos Efervescentes. Refor\u00e7o do sistema imunit\u00e1rio, infe\u00e7\u00f5es urin\u00e1rias, repara\u00e7\u00e3o dos tecidos ou aumento da absor\u00e7\u00e3o de ferro. Sem a\u00e7\u00facar.\" \/>\n<meta property=\"og:url\" content=\"https:\/\/velvet-med.pt\/en\/product\/velvita-c-efervescente\/\" \/>\n<meta property=\"og:site_name\" content=\"Velvet Med\" \/>\n<meta property=\"article:modified_time\" content=\"2026-01-20T11:10:04+00:00\" \/>\n<meta property=\"og:image\" content=\"https:\/\/velvet-med.pt\/wp-content\/uploads\/2021\/01\/velvitaC_Efvr-1.jpg\" \/>\n\t<meta property=\"og:image:width\" content=\"1000\" \/>\n\t<meta property=\"og:image:height\" content=\"1000\" \/>\n\t<meta property=\"og:image:type\" content=\"image\/jpeg\" \/>\n<meta name=\"twitter:card\" content=\"summary_large_image\" \/>\n<meta name=\"twitter:label1\" content=\"Estimated reading time\" \/>\n\t<meta name=\"twitter:data1\" content=\"1 minute\" \/>\n<script type=\"application\/ld+json\" class=\"yoast-schema-graph\">{\"@context\":\"https:\\\/\\\/schema.org\",\"@graph\":[{\"@type\":\"WebPage\",\"@id\":\"https:\\\/\\\/velvet-med.pt\\\/produto\\\/velvita-c-efervescente\\\/\",\"url\":\"https:\\\/\\\/velvet-med.pt\\\/produto\\\/velvita-c-efervescente\\\/\",\"name\":\"VELVITA C Comprimidos Efervescentes - Vitamina C - Velvet Med\",\"isPartOf\":{\"@id\":\"https:\\\/\\\/velvet-med.pt\\\/#website\"},\"primaryImageOfPage\":{\"@id\":\"https:\\\/\\\/velvet-med.pt\\\/produto\\\/velvita-c-efervescente\\\/#primaryimage\"},\"image\":{\"@id\":\"https:\\\/\\\/velvet-med.pt\\\/produto\\\/velvita-c-efervescente\\\/#primaryimage\"},\"thumbnailUrl\":\"https:\\\/\\\/velvet-med.pt\\\/wp-content\\\/uploads\\\/2021\\\/01\\\/velvitaC_Efvr-1.jpg\",\"datePublished\":\"2021-05-04T14:35:42+00:00\",\"dateModified\":\"2026-01-20T11:10:04+00:00\",\"description\":\"Velvita C Comprimidos Efervescentes. Refor\u00e7o do sistema imunit\u00e1rio, infe\u00e7\u00f5es urin\u00e1rias, repara\u00e7\u00e3o dos tecidos ou aumento da absor\u00e7\u00e3o de ferro. Sem a\u00e7\u00facar.\",\"breadcrumb\":{\"@id\":\"https:\\\/\\\/velvet-med.pt\\\/produto\\\/velvita-c-efervescente\\\/#breadcrumb\"},\"inLanguage\":\"en-GB\",\"potentialAction\":[{\"@type\":\"ReadAction\",\"target\":[\"https:\\\/\\\/velvet-med.pt\\\/produto\\\/velvita-c-efervescente\\\/\"]}]},{\"@type\":\"ImageObject\",\"inLanguage\":\"en-GB\",\"@id\":\"https:\\\/\\\/velvet-med.pt\\\/produto\\\/velvita-c-efervescente\\\/#primaryimage\",\"url\":\"https:\\\/\\\/velvet-med.pt\\\/wp-content\\\/uploads\\\/2021\\\/01\\\/velvitaC_Efvr-1.jpg\",\"contentUrl\":\"https:\\\/\\\/velvet-med.pt\\\/wp-content\\\/uploads\\\/2021\\\/01\\\/velvitaC_Efvr-1.jpg\",\"width\":1000,\"height\":1000,\"caption\":\"Vitamina C\"},{\"@type\":\"BreadcrumbList\",\"@id\":\"https:\\\/\\\/velvet-med.pt\\\/produto\\\/velvita-c-efervescente\\\/#breadcrumb\",\"itemListElement\":[{\"@type\":\"ListItem\",\"position\":1,\"name\":\"Home\",\"item\":\"https:\\\/\\\/velvet-med.pt\\\/\"},{\"@type\":\"ListItem\",\"position\":2,\"name\":\"Loja\",\"item\":\"https:\\\/\\\/velvet-med.pt\\\/loja\\\/\"},{\"@type\":\"ListItem\",\"position\":3,\"name\":\"VELVITA C Comprimidos Efervescentes &#8211; Vitamina C\"}]},{\"@type\":\"WebSite\",\"@id\":\"https:\\\/\\\/velvet-med.pt\\\/#website\",\"url\":\"https:\\\/\\\/velvet-med.pt\\\/\",\"name\":\"Velvet Med\",\"description\":\"Healthcare Solutions | Choose a Healthier Life\",\"potentialAction\":[{\"@type\":\"SearchAction\",\"target\":{\"@type\":\"EntryPoint\",\"urlTemplate\":\"https:\\\/\\\/velvet-med.pt\\\/?s={search_term_string}\"},\"query-input\":{\"@type\":\"PropertyValueSpecification\",\"valueRequired\":true,\"valueName\":\"search_term_string\"}}],\"inLanguage\":\"en-GB\"}]}<\/script>\n<!-- \/ Yoast SEO plugin. -->","yoast_head_json":{"title":"VELVITA C Comprimidos Efervescentes - Vitamina C - Velvet Med","description":"Velvita C Comprimidos Efervescentes. Refor\u00e7o do sistema imunit\u00e1rio, infe\u00e7\u00f5es urin\u00e1rias, repara\u00e7\u00e3o dos tecidos ou aumento da absor\u00e7\u00e3o de ferro. Sem a\u00e7\u00facar.","robots":{"index":"index","follow":"follow","max-snippet":"max-snippet:-1","max-image-preview":"max-image-preview:large","max-video-preview":"max-video-preview:-1"},"canonical":"https:\/\/velvet-med.pt\/en\/product\/velvita-c-efervescente\/","og_locale":"en_GB","og_type":"article","og_title":"VELVITA C Comprimidos Efervescentes - Vitamina C - Velvet Med","og_description":"Velvita C Comprimidos Efervescentes. Refor\u00e7o do sistema imunit\u00e1rio, infe\u00e7\u00f5es urin\u00e1rias, repara\u00e7\u00e3o dos tecidos ou aumento da absor\u00e7\u00e3o de ferro. Sem a\u00e7\u00facar.","og_url":"https:\/\/velvet-med.pt\/en\/product\/velvita-c-efervescente\/","og_site_name":"Velvet Med","article_modified_time":"2026-01-20T11:10:04+00:00","og_image":[{"width":1000,"height":1000,"url":"https:\/\/velvet-med.pt\/wp-content\/uploads\/2021\/01\/velvitaC_Efvr-1.jpg","type":"image\/jpeg"}],"twitter_card":"summary_large_image","twitter_misc":{"Estimated reading time":"1 minute"},"schema":{"@context":"https:\/\/schema.org","@graph":[{"@type":"WebPage","@id":"https:\/\/velvet-med.pt\/produto\/velvita-c-efervescente\/","url":"https:\/\/velvet-med.pt\/produto\/velvita-c-efervescente\/","name":"VELVITA C Comprimidos Efervescentes - Vitamina C - Velvet Med","isPartOf":{"@id":"https:\/\/velvet-med.pt\/#website"},"primaryImageOfPage":{"@id":"https:\/\/velvet-med.pt\/produto\/velvita-c-efervescente\/#primaryimage"},"image":{"@id":"https:\/\/velvet-med.pt\/produto\/velvita-c-efervescente\/#primaryimage"},"thumbnailUrl":"https:\/\/velvet-med.pt\/wp-content\/uploads\/2021\/01\/velvitaC_Efvr-1.jpg","datePublished":"2021-05-04T14:35:42+00:00","dateModified":"2026-01-20T11:10:04+00:00","description":"Velvita C Comprimidos Efervescentes. Refor\u00e7o do sistema imunit\u00e1rio, infe\u00e7\u00f5es urin\u00e1rias, repara\u00e7\u00e3o dos tecidos ou aumento da absor\u00e7\u00e3o de ferro. Sem a\u00e7\u00facar.","breadcrumb":{"@id":"https:\/\/velvet-med.pt\/produto\/velvita-c-efervescente\/#breadcrumb"},"inLanguage":"en-GB","potentialAction":[{"@type":"ReadAction","target":["https:\/\/velvet-med.pt\/produto\/velvita-c-efervescente\/"]}]},{"@type":"ImageObject","inLanguage":"en-GB","@id":"https:\/\/velvet-med.pt\/produto\/velvita-c-efervescente\/#primaryimage","url":"https:\/\/velvet-med.pt\/wp-content\/uploads\/2021\/01\/velvitaC_Efvr-1.jpg","contentUrl":"https:\/\/velvet-med.pt\/wp-content\/uploads\/2021\/01\/velvitaC_Efvr-1.jpg","width":1000,"height":1000,"caption":"Vitamina C"},{"@type":"BreadcrumbList","@id":"https:\/\/velvet-med.pt\/produto\/velvita-c-efervescente\/#breadcrumb","itemListElement":[{"@type":"ListItem","position":1,"name":"Home","item":"https:\/\/velvet-med.pt\/"},{"@type":"ListItem","position":2,"name":"Loja","item":"https:\/\/velvet-med.pt\/loja\/"},{"@type":"ListItem","position":3,"name":"VELVITA C Comprimidos Efervescentes &#8211; Vitamina C"}]},{"@type":"WebSite","@id":"https:\/\/velvet-med.pt\/#website","url":"https:\/\/velvet-med.pt\/","name":"Velvet Med","description":"Healthcare Solutions | Choose a Healthier Life","potentialAction":[{"@type":"SearchAction","target":{"@type":"EntryPoint","urlTemplate":"https:\/\/velvet-med.pt\/?s={search_term_string}"},"query-input":{"@type":"PropertyValueSpecification","valueRequired":true,"valueName":"search_term_string"}}],"inLanguage":"en-GB"}]}},"_links":{"self":[{"href":"https:\/\/velvet-med.pt\/en\/wp-json\/wp\/v2\/product\/7748","targetHints":{"allow":["GET"]}}],"collection":[{"href":"https:\/\/velvet-med.pt\/en\/wp-json\/wp\/v2\/product"}],"about":[{"href":"https:\/\/velvet-med.pt\/en\/wp-json\/wp\/v2\/types\/product"}],"wp:featuredmedia":[{"embeddable":true,"href":"https:\/\/velvet-med.pt\/en\/wp-json\/wp\/v2\/media\/7116"}],"wp:attachment":[{"href":"https:\/\/velvet-med.pt\/en\/wp-json\/wp\/v2\/media?parent=7748"}],"wp:term":[{"taxonomy":"product_brand","embeddable":true,"href":"https:\/\/velvet-med.pt\/en\/wp-json\/wp\/v2\/product_brand?post=7748"},{"taxonomy":"product_cat","embeddable":true,"href":"https:\/\/velvet-med.pt\/en\/wp-json\/wp\/v2\/product_cat?post=7748"},{"taxonomy":"product_tag","embeddable":true,"href":"https:\/\/velvet-med.pt\/en\/wp-json\/wp\/v2\/product_tag?post=7748"}],"curies":[{"name":"wp","href":"https:\/\/api.w.org\/{rel}","templated":true}]}}