{"id":7753,"date":"2021-05-04T14:35:43","date_gmt":"2021-05-04T14:35:43","guid":{"rendered":"https:\/\/velvet-med.pt\/?post_type=product&#038;p=7753"},"modified":"2026-01-20T10:22:13","modified_gmt":"2026-01-20T10:22:13","slug":"boulactis-plus-2","status":"publish","type":"product","link":"https:\/\/velvet-med.pt\/en\/product\/boulactis-plus-2\/","title":{"rendered":"BOULACTIS PLUS &#8211; Simbi\u00f3tico &#8211; Fun\u00e7\u00e3o Intestinal"},"content":{"rendered":"<h1>Melhore a sua fun\u00e7\u00e3o intestinal e reforce a flora bacteriana<\/h1>\n<ul class=\"ul1\">\n<li class=\"li1\"><span class=\"s2\">Boulactis Plus \u00e9 um <strong>simbi\u00f3tico <\/strong>&#8211;\u00a0combina\u00e7\u00e3o de bact\u00e9rias habitantes do intestino humano que melhoram o estado geral do organismo e fibras alimentares que permitem a sua sobreviv\u00eancia e prolifera\u00e7\u00e3o.<\/span><\/li>\n<li class=\"li1\"><span class=\"s2\">Com Vitaminas B1, B2 e B6 que contribuem para o normal metabolismo produtor de energia. A vitamina B2 contribui para a manuten\u00e7\u00e3o e integridade da mucosa intestinal e, consequentemente, para a manuten\u00e7\u00e3o de uma <a href=\"https:\/\/velvet-med.pt\/en\/foral-intestinal-pre-e-probioticos\/\">flora intestinal<\/a> normal.<\/span><\/li>\n<li>Conte com Boulactis Plus em situa\u00e7\u00f5es de diarreia (induzida ou n\u00e3o por antibi\u00f3ticos), obstipa\u00e7\u00e3o e s\u00edndrome do c\u00f3lon irrit\u00e1vel.<\/li>\n<li>A partir dos 3 anos de idade.<\/li>\n<li>Orange flavour.<\/li>\n<\/ul>","protected":false},"excerpt":{"rendered":"<p><strong>8 sachets<\/strong><\/p>\n<h4><span class=\"s2\">Information:<\/span><\/h4>\n<ul>\n<li><span class=\"s2\">Symptomatic diarrhoea relief<\/span><\/li>\n<li><span class=\"s2\">Prevention or relief of antibiotic-induced diarrhoea<\/span><\/li>\n<li><span class=\"s2\">Regulation of intestinal flora<\/span><\/li>\n<\/ul>","protected":false},"featured_media":16090,"template":"","meta":{"inline_featured_image":false},"product_brand":[],"product_cat":[129,76],"product_tag":[],"class_list":{"0":"post-7753","1":"product","2":"type-product","3":"status-publish","4":"has-post-thumbnail","6":"product_cat-inverno","7":"product_cat-sistema-digestivo-e-hidratacao","9":"first","10":"instock","11":"shipping-taxable","12":"purchasable","13":"product-type-simple"},"yoast_head":"<!-- This site is optimized with the Yoast SEO plugin v27.3 - https:\/\/yoast.com\/product\/yoast-seo-wordpress\/ -->\n<title>BOULACTIS PLUS - Simbi\u00f3tico - Fun\u00e7\u00e3o Intestinal - Velvet Med<\/title>\n<meta name=\"description\" content=\"Melhore a sua fun\u00e7\u00e3o intestinal e reforce a flora bacteriana com Boulactis Plus. Adequado para diarreia, obstipa\u00e7\u00e3o e s\u00edndrome do c\u00f3lon irrit\u00e1vel.\" \/>\n<meta name=\"robots\" content=\"index, follow, max-snippet:-1, max-image-preview:large, max-video-preview:-1\" \/>\n<link rel=\"canonical\" href=\"https:\/\/velvet-med.pt\/en\/product\/boulactis-plus-2\/\" \/>\n<meta property=\"og:locale\" content=\"en_GB\" \/>\n<meta property=\"og:type\" content=\"article\" \/>\n<meta property=\"og:title\" content=\"BOULACTIS PLUS - Simbi\u00f3tico - Fun\u00e7\u00e3o Intestinal - Velvet Med\" \/>\n<meta property=\"og:description\" content=\"Melhore a sua fun\u00e7\u00e3o intestinal e reforce a flora bacteriana com Boulactis Plus. Adequado para diarreia, obstipa\u00e7\u00e3o e s\u00edndrome do c\u00f3lon irrit\u00e1vel.\" \/>\n<meta property=\"og:url\" content=\"https:\/\/velvet-med.pt\/en\/product\/boulactis-plus-2\/\" \/>\n<meta property=\"og:site_name\" content=\"Velvet Med\" \/>\n<meta property=\"article:modified_time\" content=\"2026-01-20T10:22:13+00:00\" \/>\n<meta property=\"og:image\" content=\"https:\/\/velvet-med.pt\/wp-content\/uploads\/2023\/12\/Boulactis-produto2.jpg\" \/>\n\t<meta property=\"og:image:width\" content=\"1080\" \/>\n\t<meta property=\"og:image:height\" content=\"1080\" \/>\n\t<meta property=\"og:image:type\" content=\"image\/jpeg\" \/>\n<meta name=\"twitter:card\" content=\"summary_large_image\" \/>\n<meta name=\"twitter:label1\" content=\"Estimated reading time\" \/>\n\t<meta name=\"twitter:data1\" content=\"1 minute\" \/>\n<script type=\"application\/ld+json\" class=\"yoast-schema-graph\">{\"@context\":\"https:\\\/\\\/schema.org\",\"@graph\":[{\"@type\":\"WebPage\",\"@id\":\"https:\\\/\\\/velvet-med.pt\\\/produto\\\/boulactis-plus-2\\\/\",\"url\":\"https:\\\/\\\/velvet-med.pt\\\/produto\\\/boulactis-plus-2\\\/\",\"name\":\"BOULACTIS PLUS - Simbi\u00f3tico - Fun\u00e7\u00e3o Intestinal - Velvet Med\",\"isPartOf\":{\"@id\":\"https:\\\/\\\/velvet-med.pt\\\/#website\"},\"primaryImageOfPage\":{\"@id\":\"https:\\\/\\\/velvet-med.pt\\\/produto\\\/boulactis-plus-2\\\/#primaryimage\"},\"image\":{\"@id\":\"https:\\\/\\\/velvet-med.pt\\\/produto\\\/boulactis-plus-2\\\/#primaryimage\"},\"thumbnailUrl\":\"https:\\\/\\\/velvet-med.pt\\\/wp-content\\\/uploads\\\/2023\\\/12\\\/Boulactis-produto2.jpg\",\"datePublished\":\"2021-05-04T14:35:43+00:00\",\"dateModified\":\"2026-01-20T10:22:13+00:00\",\"description\":\"Melhore a sua fun\u00e7\u00e3o intestinal e reforce a flora bacteriana com Boulactis Plus. Adequado para diarreia, obstipa\u00e7\u00e3o e s\u00edndrome do c\u00f3lon irrit\u00e1vel.\",\"breadcrumb\":{\"@id\":\"https:\\\/\\\/velvet-med.pt\\\/produto\\\/boulactis-plus-2\\\/#breadcrumb\"},\"inLanguage\":\"en-GB\",\"potentialAction\":[{\"@type\":\"ReadAction\",\"target\":[\"https:\\\/\\\/velvet-med.pt\\\/produto\\\/boulactis-plus-2\\\/\"]}]},{\"@type\":\"ImageObject\",\"inLanguage\":\"en-GB\",\"@id\":\"https:\\\/\\\/velvet-med.pt\\\/produto\\\/boulactis-plus-2\\\/#primaryimage\",\"url\":\"https:\\\/\\\/velvet-med.pt\\\/wp-content\\\/uploads\\\/2023\\\/12\\\/Boulactis-produto2.jpg\",\"contentUrl\":\"https:\\\/\\\/velvet-med.pt\\\/wp-content\\\/uploads\\\/2023\\\/12\\\/Boulactis-produto2.jpg\",\"width\":1080,\"height\":1080,\"caption\":\"Boulactis Plus \u00e9 um simbi\u00f3tico, muito completo, tanto para diarreias, como para obstipa\u00e7\u00e3o e s\u00edndrome do col\u00f3n irrit\u00e1vel\"},{\"@type\":\"BreadcrumbList\",\"@id\":\"https:\\\/\\\/velvet-med.pt\\\/produto\\\/boulactis-plus-2\\\/#breadcrumb\",\"itemListElement\":[{\"@type\":\"ListItem\",\"position\":1,\"name\":\"Home\",\"item\":\"https:\\\/\\\/velvet-med.pt\\\/\"},{\"@type\":\"ListItem\",\"position\":2,\"name\":\"Loja\",\"item\":\"https:\\\/\\\/velvet-med.pt\\\/loja\\\/\"},{\"@type\":\"ListItem\",\"position\":3,\"name\":\"BOULACTIS PLUS &#8211; Simbi\u00f3tico &#8211; Fun\u00e7\u00e3o Intestinal\"}]},{\"@type\":\"WebSite\",\"@id\":\"https:\\\/\\\/velvet-med.pt\\\/#website\",\"url\":\"https:\\\/\\\/velvet-med.pt\\\/\",\"name\":\"Velvet Med\",\"description\":\"Healthcare Solutions | Choose a Healthier Life\",\"potentialAction\":[{\"@type\":\"SearchAction\",\"target\":{\"@type\":\"EntryPoint\",\"urlTemplate\":\"https:\\\/\\\/velvet-med.pt\\\/?s={search_term_string}\"},\"query-input\":{\"@type\":\"PropertyValueSpecification\",\"valueRequired\":true,\"valueName\":\"search_term_string\"}}],\"inLanguage\":\"en-GB\"}]}<\/script>\n<!-- \/ Yoast SEO plugin. -->","yoast_head_json":{"title":"BOULACTIS PLUS - Simbi\u00f3tico - Fun\u00e7\u00e3o Intestinal - Velvet Med","description":"Melhore a sua fun\u00e7\u00e3o intestinal e reforce a flora bacteriana com Boulactis Plus. Adequado para diarreia, obstipa\u00e7\u00e3o e s\u00edndrome do c\u00f3lon irrit\u00e1vel.","robots":{"index":"index","follow":"follow","max-snippet":"max-snippet:-1","max-image-preview":"max-image-preview:large","max-video-preview":"max-video-preview:-1"},"canonical":"https:\/\/velvet-med.pt\/en\/product\/boulactis-plus-2\/","og_locale":"en_GB","og_type":"article","og_title":"BOULACTIS PLUS - Simbi\u00f3tico - Fun\u00e7\u00e3o Intestinal - Velvet Med","og_description":"Melhore a sua fun\u00e7\u00e3o intestinal e reforce a flora bacteriana com Boulactis Plus. Adequado para diarreia, obstipa\u00e7\u00e3o e s\u00edndrome do c\u00f3lon irrit\u00e1vel.","og_url":"https:\/\/velvet-med.pt\/en\/product\/boulactis-plus-2\/","og_site_name":"Velvet Med","article_modified_time":"2026-01-20T10:22:13+00:00","og_image":[{"width":1080,"height":1080,"url":"https:\/\/velvet-med.pt\/wp-content\/uploads\/2023\/12\/Boulactis-produto2.jpg","type":"image\/jpeg"}],"twitter_card":"summary_large_image","twitter_misc":{"Estimated reading time":"1 minute"},"schema":{"@context":"https:\/\/schema.org","@graph":[{"@type":"WebPage","@id":"https:\/\/velvet-med.pt\/produto\/boulactis-plus-2\/","url":"https:\/\/velvet-med.pt\/produto\/boulactis-plus-2\/","name":"BOULACTIS PLUS - Simbi\u00f3tico - Fun\u00e7\u00e3o Intestinal - Velvet Med","isPartOf":{"@id":"https:\/\/velvet-med.pt\/#website"},"primaryImageOfPage":{"@id":"https:\/\/velvet-med.pt\/produto\/boulactis-plus-2\/#primaryimage"},"image":{"@id":"https:\/\/velvet-med.pt\/produto\/boulactis-plus-2\/#primaryimage"},"thumbnailUrl":"https:\/\/velvet-med.pt\/wp-content\/uploads\/2023\/12\/Boulactis-produto2.jpg","datePublished":"2021-05-04T14:35:43+00:00","dateModified":"2026-01-20T10:22:13+00:00","description":"Melhore a sua fun\u00e7\u00e3o intestinal e reforce a flora bacteriana com Boulactis Plus. Adequado para diarreia, obstipa\u00e7\u00e3o e s\u00edndrome do c\u00f3lon irrit\u00e1vel.","breadcrumb":{"@id":"https:\/\/velvet-med.pt\/produto\/boulactis-plus-2\/#breadcrumb"},"inLanguage":"en-GB","potentialAction":[{"@type":"ReadAction","target":["https:\/\/velvet-med.pt\/produto\/boulactis-plus-2\/"]}]},{"@type":"ImageObject","inLanguage":"en-GB","@id":"https:\/\/velvet-med.pt\/produto\/boulactis-plus-2\/#primaryimage","url":"https:\/\/velvet-med.pt\/wp-content\/uploads\/2023\/12\/Boulactis-produto2.jpg","contentUrl":"https:\/\/velvet-med.pt\/wp-content\/uploads\/2023\/12\/Boulactis-produto2.jpg","width":1080,"height":1080,"caption":"Boulactis Plus \u00e9 um simbi\u00f3tico, muito completo, tanto para diarreias, como para obstipa\u00e7\u00e3o e s\u00edndrome do col\u00f3n irrit\u00e1vel"},{"@type":"BreadcrumbList","@id":"https:\/\/velvet-med.pt\/produto\/boulactis-plus-2\/#breadcrumb","itemListElement":[{"@type":"ListItem","position":1,"name":"Home","item":"https:\/\/velvet-med.pt\/"},{"@type":"ListItem","position":2,"name":"Loja","item":"https:\/\/velvet-med.pt\/loja\/"},{"@type":"ListItem","position":3,"name":"BOULACTIS PLUS &#8211; Simbi\u00f3tico &#8211; Fun\u00e7\u00e3o Intestinal"}]},{"@type":"WebSite","@id":"https:\/\/velvet-med.pt\/#website","url":"https:\/\/velvet-med.pt\/","name":"Velvet Med","description":"Healthcare Solutions | Choose a Healthier Life","potentialAction":[{"@type":"SearchAction","target":{"@type":"EntryPoint","urlTemplate":"https:\/\/velvet-med.pt\/?s={search_term_string}"},"query-input":{"@type":"PropertyValueSpecification","valueRequired":true,"valueName":"search_term_string"}}],"inLanguage":"en-GB"}]}},"_links":{"self":[{"href":"https:\/\/velvet-med.pt\/en\/wp-json\/wp\/v2\/product\/7753","targetHints":{"allow":["GET"]}}],"collection":[{"href":"https:\/\/velvet-med.pt\/en\/wp-json\/wp\/v2\/product"}],"about":[{"href":"https:\/\/velvet-med.pt\/en\/wp-json\/wp\/v2\/types\/product"}],"wp:featuredmedia":[{"embeddable":true,"href":"https:\/\/velvet-med.pt\/en\/wp-json\/wp\/v2\/media\/16090"}],"wp:attachment":[{"href":"https:\/\/velvet-med.pt\/en\/wp-json\/wp\/v2\/media?parent=7753"}],"wp:term":[{"taxonomy":"product_brand","embeddable":true,"href":"https:\/\/velvet-med.pt\/en\/wp-json\/wp\/v2\/product_brand?post=7753"},{"taxonomy":"product_cat","embeddable":true,"href":"https:\/\/velvet-med.pt\/en\/wp-json\/wp\/v2\/product_cat?post=7753"},{"taxonomy":"product_tag","embeddable":true,"href":"https:\/\/velvet-med.pt\/en\/wp-json\/wp\/v2\/product_tag?post=7753"}],"curies":[{"name":"wp","href":"https:\/\/api.w.org\/{rel}","templated":true}]}}