{"id":19884,"date":"2025-07-17T10:56:40","date_gmt":"2025-07-17T10:56:40","guid":{"rendered":"https:\/\/velvet-med.pt\/?post_type=product&#038;p=19884"},"modified":"2026-02-04T22:42:13","modified_gmt":"2026-02-04T22:42:13","slug":"sedanoct-rapid","status":"publish","type":"product","link":"https:\/\/velvet-med.pt\/es\/producto\/sedanoct-rapid\/","title":{"rendered":"SEDANOCT RAPID &#8211; Para um Sono Reparador"},"content":{"rendered":"<h1>Conte com Sedanoct Rapid para ter um sono reparador e relaxado.<\/h1>\n<ul class=\"ul1\">\n<li class=\"li1\"><span class=\"s2\">Sedanoct Rapid permite um adormecer mais r\u00e1pido, gra\u00e7as \u00e0 sua<strong> tecnologia de liberta\u00e7\u00e3o dupla. <\/strong>Esta permite a liberta\u00e7\u00e3o eficaz da Melatonina em <strong>menos de 10 minutos<\/strong>.<\/span><\/li>\n<li class=\"li1\"><span class=\"s2\">Reduz os despertares noturnos para que tenha um per\u00edodo de sono cont\u00ednuo, sem interrup\u00e7\u00f5es, gra\u00e7as aos extratos de Melissa e Papoila da Calif\u00f3rnia.<\/span><\/li>\n<li class=\"li1\"><span class=\"s2\">Regula o\u00a0<a href=\"https:\/\/velvet-med.pt\/es\/a_importancia_de_uma_boa_noite_de_sono\/\">sono<\/a> &#8211; este deve ser suficientemente profundo para ser reparador.<\/span><\/li>\n<li>N\u00e3o causa sonol\u00eancia no dia seguinte &#8211; o objetivo \u00e9 que acorde a sentir-se pronto para enfrentar o dia.<\/li>\n<li>Trata-se de uma alternativa n\u00e3o farmacol\u00f3gica e que <strong>n\u00e3o causa depend\u00eancia<\/strong>.<\/li>\n<li>Pode ser utilizado no desmame da terap\u00eautica farmacol\u00f3gica.<\/li>\n<li><strong>Com Magn\u00e9sio microencapsulado MAGSHAPE\u2122<\/strong><\/li>\n<li>Cada embalagem cont\u00e9m 30 comprimidos revestidos, devendo ser realizada a toma de 1 comprimido por dia, cerca de 30 minutos antes de deitar, com um copo de \u00e1gua.<\/li>\n<\/ul>","protected":false},"excerpt":{"rendered":"<p><span class=\"s1\"><b>30 Comprimidos Recubiertos<\/b><\/span><\/p>\n<h4><span class=\"s2\">Indicaciones<\/span><\/h4>\n<ul>\n<li><span class=\"s2\">Insomnio leve a moderado<\/span><\/li>\n<li><span class=\"s2\">S\u00edntomas asociados con el desfase horario<\/span><\/li>\n<\/ul>","protected":false},"featured_media":19885,"template":"","meta":{"inline_featured_image":false},"product_brand":[],"product_cat":[132],"product_tag":[],"class_list":{"0":"post-19884","1":"product","2":"type-product","3":"status-publish","4":"has-post-thumbnail","6":"product_cat-perturbacao-do-sono","8":"first","9":"instock","10":"shipping-taxable","11":"purchasable","12":"product-type-simple"},"yoast_head":"<!-- This site is optimized with the Yoast SEO plugin v27.3 - https:\/\/yoast.com\/product\/yoast-seo-wordpress\/ -->\n<title>SEDANOCT RAPID - Para um Sono Reparador - Velvet Med<\/title>\n<meta name=\"description\" content=\"Conte com Sedanoct Rapid para ter um sono reparador. Facilita o adormecer, reduz os despertares noturnos e regula o sono. Alternativa n\u00e3o farmacol\u00f3gica.\" \/>\n<meta name=\"robots\" content=\"index, follow, max-snippet:-1, max-image-preview:large, max-video-preview:-1\" \/>\n<link rel=\"canonical\" href=\"https:\/\/velvet-med.pt\/es\/producto\/sedanoct-rapid\/\" \/>\n<meta property=\"og:locale\" content=\"es_ES\" \/>\n<meta property=\"og:type\" content=\"article\" \/>\n<meta property=\"og:title\" content=\"SEDANOCT RAPID - Para um Sono Reparador - Velvet Med\" \/>\n<meta property=\"og:description\" content=\"Conte com Sedanoct Rapid para ter um sono reparador. Facilita o adormecer, reduz os despertares noturnos e regula o sono. Alternativa n\u00e3o farmacol\u00f3gica.\" \/>\n<meta property=\"og:url\" content=\"https:\/\/velvet-med.pt\/es\/producto\/sedanoct-rapid\/\" \/>\n<meta property=\"og:site_name\" content=\"Velvet Med\" \/>\n<meta property=\"article:modified_time\" content=\"2026-02-04T22:42:13+00:00\" \/>\n<meta property=\"og:image\" content=\"https:\/\/velvet-med.pt\/wp-content\/uploads\/2025\/07\/SEDANOCT_RAPID_site.jpg\" \/>\n\t<meta property=\"og:image:width\" content=\"1000\" \/>\n\t<meta property=\"og:image:height\" content=\"1000\" \/>\n\t<meta property=\"og:image:type\" content=\"image\/jpeg\" \/>\n<meta name=\"twitter:card\" content=\"summary_large_image\" \/>\n<meta name=\"twitter:label1\" content=\"Tiempo de lectura\" \/>\n\t<meta name=\"twitter:data1\" content=\"1 minuto\" \/>\n<script type=\"application\/ld+json\" class=\"yoast-schema-graph\">{\"@context\":\"https:\\\/\\\/schema.org\",\"@graph\":[{\"@type\":\"WebPage\",\"@id\":\"https:\\\/\\\/velvet-med.pt\\\/produto\\\/sedanoct-rapid\\\/\",\"url\":\"https:\\\/\\\/velvet-med.pt\\\/produto\\\/sedanoct-rapid\\\/\",\"name\":\"SEDANOCT RAPID - Para um Sono Reparador - Velvet Med\",\"isPartOf\":{\"@id\":\"https:\\\/\\\/velvet-med.pt\\\/#website\"},\"primaryImageOfPage\":{\"@id\":\"https:\\\/\\\/velvet-med.pt\\\/produto\\\/sedanoct-rapid\\\/#primaryimage\"},\"image\":{\"@id\":\"https:\\\/\\\/velvet-med.pt\\\/produto\\\/sedanoct-rapid\\\/#primaryimage\"},\"thumbnailUrl\":\"https:\\\/\\\/velvet-med.pt\\\/wp-content\\\/uploads\\\/2025\\\/07\\\/SEDANOCT_RAPID_site.jpg\",\"datePublished\":\"2025-07-17T10:56:40+00:00\",\"dateModified\":\"2026-02-04T22:42:13+00:00\",\"description\":\"Conte com Sedanoct Rapid para ter um sono reparador. Facilita o adormecer, reduz os despertares noturnos e regula o sono. Alternativa n\u00e3o farmacol\u00f3gica.\",\"breadcrumb\":{\"@id\":\"https:\\\/\\\/velvet-med.pt\\\/produto\\\/sedanoct-rapid\\\/#breadcrumb\"},\"inLanguage\":\"es\",\"potentialAction\":[{\"@type\":\"ReadAction\",\"target\":[\"https:\\\/\\\/velvet-med.pt\\\/produto\\\/sedanoct-rapid\\\/\"]}]},{\"@type\":\"ImageObject\",\"inLanguage\":\"es\",\"@id\":\"https:\\\/\\\/velvet-med.pt\\\/produto\\\/sedanoct-rapid\\\/#primaryimage\",\"url\":\"https:\\\/\\\/velvet-med.pt\\\/wp-content\\\/uploads\\\/2025\\\/07\\\/SEDANOCT_RAPID_site.jpg\",\"contentUrl\":\"https:\\\/\\\/velvet-med.pt\\\/wp-content\\\/uploads\\\/2025\\\/07\\\/SEDANOCT_RAPID_site.jpg\",\"width\":1000,\"height\":1000,\"caption\":\"Sedanoct Rapid - para um sono reparador\"},{\"@type\":\"BreadcrumbList\",\"@id\":\"https:\\\/\\\/velvet-med.pt\\\/produto\\\/sedanoct-rapid\\\/#breadcrumb\",\"itemListElement\":[{\"@type\":\"ListItem\",\"position\":1,\"name\":\"Home\",\"item\":\"https:\\\/\\\/velvet-med.pt\\\/\"},{\"@type\":\"ListItem\",\"position\":2,\"name\":\"Loja\",\"item\":\"https:\\\/\\\/velvet-med.pt\\\/loja\\\/\"},{\"@type\":\"ListItem\",\"position\":3,\"name\":\"SEDANOCT RAPID &#8211; Para um Sono Reparador\"}]},{\"@type\":\"WebSite\",\"@id\":\"https:\\\/\\\/velvet-med.pt\\\/#website\",\"url\":\"https:\\\/\\\/velvet-med.pt\\\/\",\"name\":\"Velvet Med\",\"description\":\"Healthcare Solutions | Choose a Healthier Life\",\"potentialAction\":[{\"@type\":\"SearchAction\",\"target\":{\"@type\":\"EntryPoint\",\"urlTemplate\":\"https:\\\/\\\/velvet-med.pt\\\/?s={search_term_string}\"},\"query-input\":{\"@type\":\"PropertyValueSpecification\",\"valueRequired\":true,\"valueName\":\"search_term_string\"}}],\"inLanguage\":\"es\"}]}<\/script>\n<!-- \/ Yoast SEO plugin. -->","yoast_head_json":{"title":"SEDANOCT RAPID - Para um Sono Reparador - Velvet Med","description":"Conte com Sedanoct Rapid para ter um sono reparador. Facilita o adormecer, reduz os despertares noturnos e regula o sono. Alternativa n\u00e3o farmacol\u00f3gica.","robots":{"index":"index","follow":"follow","max-snippet":"max-snippet:-1","max-image-preview":"max-image-preview:large","max-video-preview":"max-video-preview:-1"},"canonical":"https:\/\/velvet-med.pt\/es\/producto\/sedanoct-rapid\/","og_locale":"es_ES","og_type":"article","og_title":"SEDANOCT RAPID - Para um Sono Reparador - Velvet Med","og_description":"Conte com Sedanoct Rapid para ter um sono reparador. Facilita o adormecer, reduz os despertares noturnos e regula o sono. Alternativa n\u00e3o farmacol\u00f3gica.","og_url":"https:\/\/velvet-med.pt\/es\/producto\/sedanoct-rapid\/","og_site_name":"Velvet Med","article_modified_time":"2026-02-04T22:42:13+00:00","og_image":[{"width":1000,"height":1000,"url":"https:\/\/velvet-med.pt\/wp-content\/uploads\/2025\/07\/SEDANOCT_RAPID_site.jpg","type":"image\/jpeg"}],"twitter_card":"summary_large_image","twitter_misc":{"Tiempo de lectura":"1 minuto"},"schema":{"@context":"https:\/\/schema.org","@graph":[{"@type":"WebPage","@id":"https:\/\/velvet-med.pt\/produto\/sedanoct-rapid\/","url":"https:\/\/velvet-med.pt\/produto\/sedanoct-rapid\/","name":"SEDANOCT RAPID - Para um Sono Reparador - Velvet Med","isPartOf":{"@id":"https:\/\/velvet-med.pt\/#website"},"primaryImageOfPage":{"@id":"https:\/\/velvet-med.pt\/produto\/sedanoct-rapid\/#primaryimage"},"image":{"@id":"https:\/\/velvet-med.pt\/produto\/sedanoct-rapid\/#primaryimage"},"thumbnailUrl":"https:\/\/velvet-med.pt\/wp-content\/uploads\/2025\/07\/SEDANOCT_RAPID_site.jpg","datePublished":"2025-07-17T10:56:40+00:00","dateModified":"2026-02-04T22:42:13+00:00","description":"Conte com Sedanoct Rapid para ter um sono reparador. Facilita o adormecer, reduz os despertares noturnos e regula o sono. Alternativa n\u00e3o farmacol\u00f3gica.","breadcrumb":{"@id":"https:\/\/velvet-med.pt\/produto\/sedanoct-rapid\/#breadcrumb"},"inLanguage":"es","potentialAction":[{"@type":"ReadAction","target":["https:\/\/velvet-med.pt\/produto\/sedanoct-rapid\/"]}]},{"@type":"ImageObject","inLanguage":"es","@id":"https:\/\/velvet-med.pt\/produto\/sedanoct-rapid\/#primaryimage","url":"https:\/\/velvet-med.pt\/wp-content\/uploads\/2025\/07\/SEDANOCT_RAPID_site.jpg","contentUrl":"https:\/\/velvet-med.pt\/wp-content\/uploads\/2025\/07\/SEDANOCT_RAPID_site.jpg","width":1000,"height":1000,"caption":"Sedanoct Rapid - para um sono reparador"},{"@type":"BreadcrumbList","@id":"https:\/\/velvet-med.pt\/produto\/sedanoct-rapid\/#breadcrumb","itemListElement":[{"@type":"ListItem","position":1,"name":"Home","item":"https:\/\/velvet-med.pt\/"},{"@type":"ListItem","position":2,"name":"Loja","item":"https:\/\/velvet-med.pt\/loja\/"},{"@type":"ListItem","position":3,"name":"SEDANOCT RAPID &#8211; Para um Sono Reparador"}]},{"@type":"WebSite","@id":"https:\/\/velvet-med.pt\/#website","url":"https:\/\/velvet-med.pt\/","name":"Velvet Med","description":"Healthcare Solutions | Choose a Healthier Life","potentialAction":[{"@type":"SearchAction","target":{"@type":"EntryPoint","urlTemplate":"https:\/\/velvet-med.pt\/?s={search_term_string}"},"query-input":{"@type":"PropertyValueSpecification","valueRequired":true,"valueName":"search_term_string"}}],"inLanguage":"es"}]}},"_links":{"self":[{"href":"https:\/\/velvet-med.pt\/es\/wp-json\/wp\/v2\/product\/19884","targetHints":{"allow":["GET"]}}],"collection":[{"href":"https:\/\/velvet-med.pt\/es\/wp-json\/wp\/v2\/product"}],"about":[{"href":"https:\/\/velvet-med.pt\/es\/wp-json\/wp\/v2\/types\/product"}],"wp:featuredmedia":[{"embeddable":true,"href":"https:\/\/velvet-med.pt\/es\/wp-json\/wp\/v2\/media\/19885"}],"wp:attachment":[{"href":"https:\/\/velvet-med.pt\/es\/wp-json\/wp\/v2\/media?parent=19884"}],"wp:term":[{"taxonomy":"product_brand","embeddable":true,"href":"https:\/\/velvet-med.pt\/es\/wp-json\/wp\/v2\/product_brand?post=19884"},{"taxonomy":"product_cat","embeddable":true,"href":"https:\/\/velvet-med.pt\/es\/wp-json\/wp\/v2\/product_cat?post=19884"},{"taxonomy":"product_tag","embeddable":true,"href":"https:\/\/velvet-med.pt\/es\/wp-json\/wp\/v2\/product_tag?post=19884"}],"curies":[{"name":"wp","href":"https:\/\/api.w.org\/{rel}","templated":true}]}}