{"id":7747,"date":"2021-07-07T00:00:42","date_gmt":"2021-07-07T00:00:42","guid":{"rendered":"https:\/\/velvet-med.pt\/?post_type=product&#038;p=7747"},"modified":"2026-02-04T22:42:13","modified_gmt":"2026-02-04T22:42:13","slug":"imunavit-2","status":"publish","type":"product","link":"https:\/\/velvet-med.pt\/es\/producto\/imunavit-2\/","title":{"rendered":"IMUNAVIT &#8211; Comprimidos Efervescentes"},"content":{"rendered":"<h1>A precisar de fortalecer a sua imunidade?<\/h1>\n<p><span class=\"s2\">Imunavit Comprimidos Efervescentes \u00e9 uma excelente alternativa:<\/span><\/p>\n<ul class=\"ul1\">\n<li class=\"li1\"><span class=\"s2\">F\u00f3rmula innovadora que combina la vitamina C y el zinc con los beneficios de la equin\u00e1cea y el pr\u00f3polis.<\/span><\/li>\n<li class=\"li1\"><span class=\"s2\">Desempenha um papel fundamental no normal funcionamento do <a href=\"https:\/\/velvet-med.pt\/es\/imunidade\/\">sistema imunit\u00e1rio<\/a> e manuten\u00e7\u00e3o da sa\u00fade contra as agress\u00f5es externas di\u00e1rias.<\/span><\/li>\n<li>Sem A\u00e7\u00facar.<\/li>\n<li>Sabor a lim\u00e3o.<\/li>\n<li>A partir dos 12 anos de idade.<\/li>\n<\/ul>","protected":false},"excerpt":{"rendered":"<p><span class=\"s1\"><b>20 Comprimidos Efervescentes, Sem A\u00e7\u00facar<\/b><\/span><\/p>\n<h4><span class=\"s2\">Indicaciones<\/span><\/h4>\n<ul>\n<li><span class=\"s2\">Refuerzo del sistema inmunitario<\/span><\/li>\n<li><span class=\"s2\">Complemento en el tratamiento de enfermedades de las v\u00edas respiratorias<\/span><\/li>\n<\/ul>","protected":false},"featured_media":7274,"template":"","meta":{"inline_featured_image":false},"product_brand":[],"product_cat":[129,72],"product_tag":[],"class_list":{"0":"post-7747","1":"product","2":"type-product","3":"status-publish","4":"has-post-thumbnail","6":"product_cat-inverno","7":"product_cat-sistema-imunitario","9":"first","10":"instock","11":"shipping-taxable","12":"purchasable","13":"product-type-simple"},"yoast_head":"<!-- This site is optimized with the Yoast SEO plugin v27.3 - https:\/\/yoast.com\/product\/yoast-seo-wordpress\/ -->\n<title>IMUNAVIT - Comprimidos Efervescentes - Velvet Med<\/title>\n<meta name=\"description\" content=\"Precisa de fortalecer a sua imunidade? Imunavit Comprimidos Efervescentes \u00e9 uma \u00f3tima alternativa. Com Vitamina C, Zinco, Equin\u00e1cea e Pr\u00f3polis. Sem A\u00e7\u00facar.\" \/>\n<meta name=\"robots\" content=\"index, follow, max-snippet:-1, max-image-preview:large, max-video-preview:-1\" \/>\n<link rel=\"canonical\" href=\"https:\/\/velvet-med.pt\/es\/producto\/imunavit-2\/\" \/>\n<meta property=\"og:locale\" content=\"es_ES\" \/>\n<meta property=\"og:type\" content=\"article\" \/>\n<meta property=\"og:title\" content=\"IMUNAVIT - Comprimidos Efervescentes - Velvet Med\" \/>\n<meta property=\"og:description\" content=\"Precisa de fortalecer a sua imunidade? Imunavit Comprimidos Efervescentes \u00e9 uma \u00f3tima alternativa. Com Vitamina C, Zinco, Equin\u00e1cea e Pr\u00f3polis. Sem A\u00e7\u00facar.\" \/>\n<meta property=\"og:url\" content=\"https:\/\/velvet-med.pt\/es\/producto\/imunavit-2\/\" \/>\n<meta property=\"og:site_name\" content=\"Velvet Med\" \/>\n<meta property=\"article:modified_time\" content=\"2026-02-04T22:42:13+00:00\" \/>\n<meta property=\"og:image\" content=\"https:\/\/velvet-med.pt\/wp-content\/uploads\/2021\/02\/Imunavit-produto.png\" \/>\n\t<meta property=\"og:image:width\" content=\"1080\" \/>\n\t<meta property=\"og:image:height\" content=\"1080\" \/>\n\t<meta property=\"og:image:type\" content=\"image\/png\" \/>\n<meta name=\"twitter:card\" content=\"summary_large_image\" \/>\n<meta name=\"twitter:label1\" content=\"Tiempo de lectura\" \/>\n\t<meta name=\"twitter:data1\" content=\"1 minuto\" \/>\n<script type=\"application\/ld+json\" class=\"yoast-schema-graph\">{\"@context\":\"https:\\\/\\\/schema.org\",\"@graph\":[{\"@type\":\"WebPage\",\"@id\":\"https:\\\/\\\/velvet-med.pt\\\/produto\\\/imunavit-2\\\/\",\"url\":\"https:\\\/\\\/velvet-med.pt\\\/produto\\\/imunavit-2\\\/\",\"name\":\"IMUNAVIT - Comprimidos Efervescentes - Velvet Med\",\"isPartOf\":{\"@id\":\"https:\\\/\\\/velvet-med.pt\\\/#website\"},\"primaryImageOfPage\":{\"@id\":\"https:\\\/\\\/velvet-med.pt\\\/produto\\\/imunavit-2\\\/#primaryimage\"},\"image\":{\"@id\":\"https:\\\/\\\/velvet-med.pt\\\/produto\\\/imunavit-2\\\/#primaryimage\"},\"thumbnailUrl\":\"https:\\\/\\\/velvet-med.pt\\\/wp-content\\\/uploads\\\/2021\\\/02\\\/Imunavit-produto.png\",\"datePublished\":\"2021-07-07T00:00:42+00:00\",\"dateModified\":\"2026-02-04T22:42:13+00:00\",\"description\":\"Precisa de fortalecer a sua imunidade? Imunavit Comprimidos Efervescentes \u00e9 uma \u00f3tima alternativa. Com Vitamina C, Zinco, Equin\u00e1cea e Pr\u00f3polis. Sem A\u00e7\u00facar.\",\"breadcrumb\":{\"@id\":\"https:\\\/\\\/velvet-med.pt\\\/produto\\\/imunavit-2\\\/#breadcrumb\"},\"inLanguage\":\"es\",\"potentialAction\":[{\"@type\":\"ReadAction\",\"target\":[\"https:\\\/\\\/velvet-med.pt\\\/produto\\\/imunavit-2\\\/\"]}]},{\"@type\":\"ImageObject\",\"inLanguage\":\"es\",\"@id\":\"https:\\\/\\\/velvet-med.pt\\\/produto\\\/imunavit-2\\\/#primaryimage\",\"url\":\"https:\\\/\\\/velvet-med.pt\\\/wp-content\\\/uploads\\\/2021\\\/02\\\/Imunavit-produto.png\",\"contentUrl\":\"https:\\\/\\\/velvet-med.pt\\\/wp-content\\\/uploads\\\/2021\\\/02\\\/Imunavit-produto.png\",\"width\":1080,\"height\":1080,\"caption\":\"Refor\u00e7o da imunidade\"},{\"@type\":\"BreadcrumbList\",\"@id\":\"https:\\\/\\\/velvet-med.pt\\\/produto\\\/imunavit-2\\\/#breadcrumb\",\"itemListElement\":[{\"@type\":\"ListItem\",\"position\":1,\"name\":\"Home\",\"item\":\"https:\\\/\\\/velvet-med.pt\\\/\"},{\"@type\":\"ListItem\",\"position\":2,\"name\":\"Loja\",\"item\":\"https:\\\/\\\/velvet-med.pt\\\/loja\\\/\"},{\"@type\":\"ListItem\",\"position\":3,\"name\":\"IMUNAVIT &#8211; Comprimidos Efervescentes\"}]},{\"@type\":\"WebSite\",\"@id\":\"https:\\\/\\\/velvet-med.pt\\\/#website\",\"url\":\"https:\\\/\\\/velvet-med.pt\\\/\",\"name\":\"Velvet Med\",\"description\":\"Healthcare Solutions | Choose a Healthier Life\",\"potentialAction\":[{\"@type\":\"SearchAction\",\"target\":{\"@type\":\"EntryPoint\",\"urlTemplate\":\"https:\\\/\\\/velvet-med.pt\\\/?s={search_term_string}\"},\"query-input\":{\"@type\":\"PropertyValueSpecification\",\"valueRequired\":true,\"valueName\":\"search_term_string\"}}],\"inLanguage\":\"es\"}]}<\/script>\n<!-- \/ Yoast SEO plugin. -->","yoast_head_json":{"title":"IMUNAVIT - Comprimidos Efervescentes - Velvet Med","description":"Precisa de fortalecer a sua imunidade? Imunavit Comprimidos Efervescentes \u00e9 uma \u00f3tima alternativa. Com Vitamina C, Zinco, Equin\u00e1cea e Pr\u00f3polis. Sem A\u00e7\u00facar.","robots":{"index":"index","follow":"follow","max-snippet":"max-snippet:-1","max-image-preview":"max-image-preview:large","max-video-preview":"max-video-preview:-1"},"canonical":"https:\/\/velvet-med.pt\/es\/producto\/imunavit-2\/","og_locale":"es_ES","og_type":"article","og_title":"IMUNAVIT - Comprimidos Efervescentes - Velvet Med","og_description":"Precisa de fortalecer a sua imunidade? Imunavit Comprimidos Efervescentes \u00e9 uma \u00f3tima alternativa. Com Vitamina C, Zinco, Equin\u00e1cea e Pr\u00f3polis. Sem A\u00e7\u00facar.","og_url":"https:\/\/velvet-med.pt\/es\/producto\/imunavit-2\/","og_site_name":"Velvet Med","article_modified_time":"2026-02-04T22:42:13+00:00","og_image":[{"width":1080,"height":1080,"url":"https:\/\/velvet-med.pt\/wp-content\/uploads\/2021\/02\/Imunavit-produto.png","type":"image\/png"}],"twitter_card":"summary_large_image","twitter_misc":{"Tiempo de lectura":"1 minuto"},"schema":{"@context":"https:\/\/schema.org","@graph":[{"@type":"WebPage","@id":"https:\/\/velvet-med.pt\/produto\/imunavit-2\/","url":"https:\/\/velvet-med.pt\/produto\/imunavit-2\/","name":"IMUNAVIT - Comprimidos Efervescentes - Velvet Med","isPartOf":{"@id":"https:\/\/velvet-med.pt\/#website"},"primaryImageOfPage":{"@id":"https:\/\/velvet-med.pt\/produto\/imunavit-2\/#primaryimage"},"image":{"@id":"https:\/\/velvet-med.pt\/produto\/imunavit-2\/#primaryimage"},"thumbnailUrl":"https:\/\/velvet-med.pt\/wp-content\/uploads\/2021\/02\/Imunavit-produto.png","datePublished":"2021-07-07T00:00:42+00:00","dateModified":"2026-02-04T22:42:13+00:00","description":"Precisa de fortalecer a sua imunidade? Imunavit Comprimidos Efervescentes \u00e9 uma \u00f3tima alternativa. Com Vitamina C, Zinco, Equin\u00e1cea e Pr\u00f3polis. Sem A\u00e7\u00facar.","breadcrumb":{"@id":"https:\/\/velvet-med.pt\/produto\/imunavit-2\/#breadcrumb"},"inLanguage":"es","potentialAction":[{"@type":"ReadAction","target":["https:\/\/velvet-med.pt\/produto\/imunavit-2\/"]}]},{"@type":"ImageObject","inLanguage":"es","@id":"https:\/\/velvet-med.pt\/produto\/imunavit-2\/#primaryimage","url":"https:\/\/velvet-med.pt\/wp-content\/uploads\/2021\/02\/Imunavit-produto.png","contentUrl":"https:\/\/velvet-med.pt\/wp-content\/uploads\/2021\/02\/Imunavit-produto.png","width":1080,"height":1080,"caption":"Refor\u00e7o da imunidade"},{"@type":"BreadcrumbList","@id":"https:\/\/velvet-med.pt\/produto\/imunavit-2\/#breadcrumb","itemListElement":[{"@type":"ListItem","position":1,"name":"Home","item":"https:\/\/velvet-med.pt\/"},{"@type":"ListItem","position":2,"name":"Loja","item":"https:\/\/velvet-med.pt\/loja\/"},{"@type":"ListItem","position":3,"name":"IMUNAVIT &#8211; Comprimidos Efervescentes"}]},{"@type":"WebSite","@id":"https:\/\/velvet-med.pt\/#website","url":"https:\/\/velvet-med.pt\/","name":"Velvet Med","description":"Healthcare Solutions | Choose a Healthier Life","potentialAction":[{"@type":"SearchAction","target":{"@type":"EntryPoint","urlTemplate":"https:\/\/velvet-med.pt\/?s={search_term_string}"},"query-input":{"@type":"PropertyValueSpecification","valueRequired":true,"valueName":"search_term_string"}}],"inLanguage":"es"}]}},"_links":{"self":[{"href":"https:\/\/velvet-med.pt\/es\/wp-json\/wp\/v2\/product\/7747","targetHints":{"allow":["GET"]}}],"collection":[{"href":"https:\/\/velvet-med.pt\/es\/wp-json\/wp\/v2\/product"}],"about":[{"href":"https:\/\/velvet-med.pt\/es\/wp-json\/wp\/v2\/types\/product"}],"wp:featuredmedia":[{"embeddable":true,"href":"https:\/\/velvet-med.pt\/es\/wp-json\/wp\/v2\/media\/7274"}],"wp:attachment":[{"href":"https:\/\/velvet-med.pt\/es\/wp-json\/wp\/v2\/media?parent=7747"}],"wp:term":[{"taxonomy":"product_brand","embeddable":true,"href":"https:\/\/velvet-med.pt\/es\/wp-json\/wp\/v2\/product_brand?post=7747"},{"taxonomy":"product_cat","embeddable":true,"href":"https:\/\/velvet-med.pt\/es\/wp-json\/wp\/v2\/product_cat?post=7747"},{"taxonomy":"product_tag","embeddable":true,"href":"https:\/\/velvet-med.pt\/es\/wp-json\/wp\/v2\/product_tag?post=7747"}],"curies":[{"name":"wp","href":"https:\/\/api.w.org\/{rel}","templated":true}]}}