{"id":7755,"date":"2021-05-04T14:35:43","date_gmt":"2021-05-04T14:35:43","guid":{"rendered":"https:\/\/velvet-med.pt\/?post_type=product&#038;p=7755"},"modified":"2026-03-20T16:54:47","modified_gmt":"2026-03-20T16:54:47","slug":"magnetril-d","status":"publish","type":"product","link":"https:\/\/velvet-med.pt\/es\/producto\/magnetril-d\/","title":{"rendered":"MAGNETRIL D &#8211; Cansa\u00e7o, Fadiga e C\u00e3ibras Musculares"},"content":{"rendered":"<h1><span class=\"s2\">Cansa\u00e7o, fadiga muscular e c\u00e3ibras?<\/span><\/h1>\n<p><span class=\"s2\">Para al\u00e9m de ser eficaz nestas situa\u00e7\u00f5es, Magnetril D tamb\u00e9m est\u00e1 indicado em c\u00e3ibras musculares, fraqueza, perda de apetite e gasto acentuado. <\/span><\/p>\n<p><span class=\"s2\">A f\u00f3rmula \u00fanica de Magnetril D, combina o Magn\u00e9sio com elementos essenciais para a atividade muscular, \u00f3ssea e nervosa:<\/span><\/p>\n<ul>\n<li style=\"list-style-type: none;\">\n<ul class=\"ul1\">\n<li class=\"li1\"><span class=\"s2\">A Vitamina B6 e o Magn\u00e9sio contribuem para a redu\u00e7\u00e3o do <a href=\"https:\/\/velvet-med.pt\/es\/cansaco-e-fadiga-muscular\/\">cansa\u00e7o e da fadiga<\/a>.<span class=\"Apple-converted-space\">\u00a0<\/span><\/span><\/li>\n<li class=\"li1\"><span class=\"s2\">O Pot\u00e1ssio, o C\u00e1lcio, o Magn\u00e9sio e a Vitamina D contribuem para o normal funcionamento muscular.<span class=\"Apple-converted-space\">\u00a0<\/span><\/span><\/li>\n<li class=\"li1\"><span class=\"s2\">El magnesio contribuye al equilibrio de los electrolitos.<\/span><\/li>\n<li class=\"li1\"><span class=\"s2\">O C\u00e1lcio, a Vitamina B6 e o Magn\u00e9sio contribuem para o normal metabolismo produtor de energia<\/span><\/li>\n<li class=\"li1\"><span class=\"s2\">El magnesio, la vitamina B6 y el potasio contribuyen al buen funcionamiento del sistema nervioso.<\/span><\/li>\n<li>A Vitamina D e o Magn\u00e9sio s\u00e3o elementos essenciais \u00e0 sa\u00fade muscular, \u00f3ssea e nervosa<\/li>\n<li class=\"li1\"><span class=\"s2\">Por \u00faltimo, a Vitamina D contribui para a normal absor\u00e7\u00e3o\/utiliza\u00e7\u00e3o do c\u00e1lcio e do f\u00f3sforo.<\/span><\/li>\n<\/ul>\n<\/li>\n<\/ul>","protected":false},"excerpt":{"rendered":"<p><strong>30 Comprimidos Recubiertos<\/strong><\/p>\n<h4><span class=\"s2\">Indicaciones<span class=\"Apple-converted-space\">\u00a0<\/span><\/span><\/h4>\n<ul>\n<li><span class=\"s2\">Cansancio y falta de energ\u00eda<\/span><\/li>\n<li><span class=\"s2\">Fatiga y calambres musculares<\/span><\/li>\n<li><span class=\"s2\">Mantiene los huesos y los dientes sanos<\/span><\/li>\n<li><span class=\"s2\">Carencia de magnesio<\/span><\/li>\n<li><span class=\"s2\">Actividades deportivas<\/span><\/li>\n<\/ul>","protected":false},"featured_media":17498,"template":"","meta":{"inline_featured_image":false},"product_brand":[],"product_cat":[73],"product_tag":[],"class_list":{"0":"post-7755","1":"product","2":"type-product","3":"status-publish","4":"has-post-thumbnail","6":"product_cat-sistema-muscular","8":"first","9":"instock","10":"shipping-taxable","11":"purchasable","12":"product-type-simple"},"yoast_head":"<!-- This site is optimized with the Yoast SEO plugin v27.3 - https:\/\/yoast.com\/product\/yoast-seo-wordpress\/ -->\n<title>MAGNETRIL D - Cansa\u00e7o, Fadiga e C\u00e3ibras Musculares - Velvet Med<\/title>\n<meta name=\"description\" content=\"Pode contar com Magnetril D na redu\u00e7\u00e3o dos sintomas de cansa\u00e7o e fadiga muscular, c\u00e3ibras musculares, fraqueza e perda de apetite e gasto acentuado.\" \/>\n<meta name=\"robots\" content=\"index, follow, max-snippet:-1, max-image-preview:large, max-video-preview:-1\" \/>\n<link rel=\"canonical\" href=\"https:\/\/velvet-med.pt\/es\/producto\/magnetril-d\/\" \/>\n<meta property=\"og:locale\" content=\"es_ES\" \/>\n<meta property=\"og:type\" content=\"article\" \/>\n<meta property=\"og:title\" content=\"MAGNETRIL D - Cansa\u00e7o, Fadiga e C\u00e3ibras Musculares - Velvet Med\" \/>\n<meta property=\"og:description\" content=\"Pode contar com Magnetril D na redu\u00e7\u00e3o dos sintomas de cansa\u00e7o e fadiga muscular, c\u00e3ibras musculares, fraqueza e perda de apetite e gasto acentuado.\" \/>\n<meta property=\"og:url\" content=\"https:\/\/velvet-med.pt\/es\/producto\/magnetril-d\/\" \/>\n<meta property=\"og:site_name\" content=\"Velvet Med\" \/>\n<meta property=\"article:modified_time\" content=\"2026-03-20T16:54:47+00:00\" \/>\n<meta property=\"og:image\" content=\"https:\/\/velvet-med.pt\/wp-content\/uploads\/2024\/06\/Magnetril-D-img-0.jpg\" \/>\n\t<meta property=\"og:image:width\" content=\"1080\" \/>\n\t<meta property=\"og:image:height\" content=\"1080\" \/>\n\t<meta property=\"og:image:type\" content=\"image\/jpeg\" \/>\n<meta name=\"twitter:card\" content=\"summary_large_image\" \/>\n<meta name=\"twitter:label1\" content=\"Tiempo de lectura\" \/>\n\t<meta name=\"twitter:data1\" content=\"2 minutos\" \/>\n<script type=\"application\/ld+json\" class=\"yoast-schema-graph\">{\"@context\":\"https:\\\/\\\/schema.org\",\"@graph\":[{\"@type\":\"WebPage\",\"@id\":\"https:\\\/\\\/velvet-med.pt\\\/produto\\\/magnetril-d\\\/\",\"url\":\"https:\\\/\\\/velvet-med.pt\\\/produto\\\/magnetril-d\\\/\",\"name\":\"MAGNETRIL D - Cansa\u00e7o, Fadiga e C\u00e3ibras Musculares - Velvet Med\",\"isPartOf\":{\"@id\":\"https:\\\/\\\/velvet-med.pt\\\/#website\"},\"primaryImageOfPage\":{\"@id\":\"https:\\\/\\\/velvet-med.pt\\\/produto\\\/magnetril-d\\\/#primaryimage\"},\"image\":{\"@id\":\"https:\\\/\\\/velvet-med.pt\\\/produto\\\/magnetril-d\\\/#primaryimage\"},\"thumbnailUrl\":\"https:\\\/\\\/velvet-med.pt\\\/wp-content\\\/uploads\\\/2024\\\/06\\\/Magnetril-D-img-0.jpg\",\"datePublished\":\"2021-05-04T14:35:43+00:00\",\"dateModified\":\"2026-03-20T16:54:47+00:00\",\"description\":\"Pode contar com Magnetril D na redu\u00e7\u00e3o dos sintomas de cansa\u00e7o e fadiga muscular, c\u00e3ibras musculares, fraqueza e perda de apetite e gasto acentuado.\",\"breadcrumb\":{\"@id\":\"https:\\\/\\\/velvet-med.pt\\\/produto\\\/magnetril-d\\\/#breadcrumb\"},\"inLanguage\":\"es\",\"potentialAction\":[{\"@type\":\"ReadAction\",\"target\":[\"https:\\\/\\\/velvet-med.pt\\\/produto\\\/magnetril-d\\\/\"]}]},{\"@type\":\"ImageObject\",\"inLanguage\":\"es\",\"@id\":\"https:\\\/\\\/velvet-med.pt\\\/produto\\\/magnetril-d\\\/#primaryimage\",\"url\":\"https:\\\/\\\/velvet-med.pt\\\/wp-content\\\/uploads\\\/2024\\\/06\\\/Magnetril-D-img-0.jpg\",\"contentUrl\":\"https:\\\/\\\/velvet-med.pt\\\/wp-content\\\/uploads\\\/2024\\\/06\\\/Magnetril-D-img-0.jpg\",\"width\":1080,\"height\":1080,\"caption\":\"Magnetril D \u00e9 um suplemento alimentar muito completo para o bem-estar muscular\"},{\"@type\":\"BreadcrumbList\",\"@id\":\"https:\\\/\\\/velvet-med.pt\\\/produto\\\/magnetril-d\\\/#breadcrumb\",\"itemListElement\":[{\"@type\":\"ListItem\",\"position\":1,\"name\":\"Home\",\"item\":\"https:\\\/\\\/velvet-med.pt\\\/\"},{\"@type\":\"ListItem\",\"position\":2,\"name\":\"Loja\",\"item\":\"https:\\\/\\\/velvet-med.pt\\\/loja\\\/\"},{\"@type\":\"ListItem\",\"position\":3,\"name\":\"MAGNETRIL D &#8211; Cansa\u00e7o, Fadiga e C\u00e3ibras Musculares\"}]},{\"@type\":\"WebSite\",\"@id\":\"https:\\\/\\\/velvet-med.pt\\\/#website\",\"url\":\"https:\\\/\\\/velvet-med.pt\\\/\",\"name\":\"Velvet Med\",\"description\":\"Healthcare Solutions | Choose a Healthier Life\",\"potentialAction\":[{\"@type\":\"SearchAction\",\"target\":{\"@type\":\"EntryPoint\",\"urlTemplate\":\"https:\\\/\\\/velvet-med.pt\\\/?s={search_term_string}\"},\"query-input\":{\"@type\":\"PropertyValueSpecification\",\"valueRequired\":true,\"valueName\":\"search_term_string\"}}],\"inLanguage\":\"es\"}]}<\/script>\n<!-- \/ Yoast SEO plugin. -->","yoast_head_json":{"title":"MAGNETRIL D - Cansa\u00e7o, Fadiga e C\u00e3ibras Musculares - Velvet Med","description":"Pode contar com Magnetril D na redu\u00e7\u00e3o dos sintomas de cansa\u00e7o e fadiga muscular, c\u00e3ibras musculares, fraqueza e perda de apetite e gasto acentuado.","robots":{"index":"index","follow":"follow","max-snippet":"max-snippet:-1","max-image-preview":"max-image-preview:large","max-video-preview":"max-video-preview:-1"},"canonical":"https:\/\/velvet-med.pt\/es\/producto\/magnetril-d\/","og_locale":"es_ES","og_type":"article","og_title":"MAGNETRIL D - Cansa\u00e7o, Fadiga e C\u00e3ibras Musculares - Velvet Med","og_description":"Pode contar com Magnetril D na redu\u00e7\u00e3o dos sintomas de cansa\u00e7o e fadiga muscular, c\u00e3ibras musculares, fraqueza e perda de apetite e gasto acentuado.","og_url":"https:\/\/velvet-med.pt\/es\/producto\/magnetril-d\/","og_site_name":"Velvet Med","article_modified_time":"2026-03-20T16:54:47+00:00","og_image":[{"width":1080,"height":1080,"url":"https:\/\/velvet-med.pt\/wp-content\/uploads\/2024\/06\/Magnetril-D-img-0.jpg","type":"image\/jpeg"}],"twitter_card":"summary_large_image","twitter_misc":{"Tiempo de lectura":"2 minutos"},"schema":{"@context":"https:\/\/schema.org","@graph":[{"@type":"WebPage","@id":"https:\/\/velvet-med.pt\/produto\/magnetril-d\/","url":"https:\/\/velvet-med.pt\/produto\/magnetril-d\/","name":"MAGNETRIL D - Cansa\u00e7o, Fadiga e C\u00e3ibras Musculares - Velvet Med","isPartOf":{"@id":"https:\/\/velvet-med.pt\/#website"},"primaryImageOfPage":{"@id":"https:\/\/velvet-med.pt\/produto\/magnetril-d\/#primaryimage"},"image":{"@id":"https:\/\/velvet-med.pt\/produto\/magnetril-d\/#primaryimage"},"thumbnailUrl":"https:\/\/velvet-med.pt\/wp-content\/uploads\/2024\/06\/Magnetril-D-img-0.jpg","datePublished":"2021-05-04T14:35:43+00:00","dateModified":"2026-03-20T16:54:47+00:00","description":"Pode contar com Magnetril D na redu\u00e7\u00e3o dos sintomas de cansa\u00e7o e fadiga muscular, c\u00e3ibras musculares, fraqueza e perda de apetite e gasto acentuado.","breadcrumb":{"@id":"https:\/\/velvet-med.pt\/produto\/magnetril-d\/#breadcrumb"},"inLanguage":"es","potentialAction":[{"@type":"ReadAction","target":["https:\/\/velvet-med.pt\/produto\/magnetril-d\/"]}]},{"@type":"ImageObject","inLanguage":"es","@id":"https:\/\/velvet-med.pt\/produto\/magnetril-d\/#primaryimage","url":"https:\/\/velvet-med.pt\/wp-content\/uploads\/2024\/06\/Magnetril-D-img-0.jpg","contentUrl":"https:\/\/velvet-med.pt\/wp-content\/uploads\/2024\/06\/Magnetril-D-img-0.jpg","width":1080,"height":1080,"caption":"Magnetril D \u00e9 um suplemento alimentar muito completo para o bem-estar muscular"},{"@type":"BreadcrumbList","@id":"https:\/\/velvet-med.pt\/produto\/magnetril-d\/#breadcrumb","itemListElement":[{"@type":"ListItem","position":1,"name":"Home","item":"https:\/\/velvet-med.pt\/"},{"@type":"ListItem","position":2,"name":"Loja","item":"https:\/\/velvet-med.pt\/loja\/"},{"@type":"ListItem","position":3,"name":"MAGNETRIL D &#8211; Cansa\u00e7o, Fadiga e C\u00e3ibras Musculares"}]},{"@type":"WebSite","@id":"https:\/\/velvet-med.pt\/#website","url":"https:\/\/velvet-med.pt\/","name":"Velvet Med","description":"Healthcare Solutions | Choose a Healthier Life","potentialAction":[{"@type":"SearchAction","target":{"@type":"EntryPoint","urlTemplate":"https:\/\/velvet-med.pt\/?s={search_term_string}"},"query-input":{"@type":"PropertyValueSpecification","valueRequired":true,"valueName":"search_term_string"}}],"inLanguage":"es"}]}},"_links":{"self":[{"href":"https:\/\/velvet-med.pt\/es\/wp-json\/wp\/v2\/product\/7755","targetHints":{"allow":["GET"]}}],"collection":[{"href":"https:\/\/velvet-med.pt\/es\/wp-json\/wp\/v2\/product"}],"about":[{"href":"https:\/\/velvet-med.pt\/es\/wp-json\/wp\/v2\/types\/product"}],"wp:featuredmedia":[{"embeddable":true,"href":"https:\/\/velvet-med.pt\/es\/wp-json\/wp\/v2\/media\/17498"}],"wp:attachment":[{"href":"https:\/\/velvet-med.pt\/es\/wp-json\/wp\/v2\/media?parent=7755"}],"wp:term":[{"taxonomy":"product_brand","embeddable":true,"href":"https:\/\/velvet-med.pt\/es\/wp-json\/wp\/v2\/product_brand?post=7755"},{"taxonomy":"product_cat","embeddable":true,"href":"https:\/\/velvet-med.pt\/es\/wp-json\/wp\/v2\/product_cat?post=7755"},{"taxonomy":"product_tag","embeddable":true,"href":"https:\/\/velvet-med.pt\/es\/wp-json\/wp\/v2\/product_tag?post=7755"}],"curies":[{"name":"wp","href":"https:\/\/api.w.org\/{rel}","templated":true}]}}