{"id":7797,"date":"2021-05-04T14:36:19","date_gmt":"2021-05-04T14:36:19","guid":{"rendered":"https:\/\/velvet-med.pt\/?post_type=product&#038;p=7797"},"modified":"2025-04-15T11:26:33","modified_gmt":"2025-04-15T11:26:33","slug":"oleo-de-amendoas-doces-125ml","status":"publish","type":"product","link":"https:\/\/velvet-med.pt\/es\/producto\/oleo-de-amendoas-doces-125ml\/","title":{"rendered":"Aceite de almendra dulce 125\u00a0ml"},"content":{"rendered":"","protected":false},"excerpt":{"rendered":"<p><span class=\"s1\"><b>M\u00ednimo de 5 unidades<\/b><\/span><\/p>\n<h4><span class=\"s2\">Indicaciones<\/span><\/h4>\n<ul>\n<li><span class=\"s2\">Producto 100\u00a0% natural.<\/span><\/li>\n<li><span class=\"s2\">Rico en vitaminas A y B, prote\u00ednas y minerales esenciales.<\/span><\/li>\n<li><span class=\"s2\">Para todos los tipos de piel (incluidos beb\u00e9s y embarazadas).<\/span><\/li>\n<li><strong>USO EXTERNO<\/strong><\/li>\n<\/ul>","protected":false},"featured_media":7526,"template":"","meta":{"inline_featured_image":false},"product_brand":[],"product_cat":[80],"product_tag":[],"class_list":{"0":"post-7797","1":"product","2":"type-product","3":"status-publish","4":"has-post-thumbnail","6":"product_cat-galenicos","8":"first","9":"instock","10":"shipping-taxable","11":"purchasable","12":"product-type-simple"},"yoast_head":"<!-- This site is optimized with the Yoast SEO plugin v27.3 - https:\/\/yoast.com\/product\/yoast-seo-wordpress\/ -->\n<title>\u00d3leo de Am\u00eandoas Doces 125ml - Velvet Med<\/title>\n<meta name=\"robots\" content=\"index, follow, max-snippet:-1, max-image-preview:large, max-video-preview:-1\" \/>\n<link rel=\"canonical\" href=\"https:\/\/velvet-med.pt\/es\/producto\/oleo-de-amendoas-doces-125ml\/\" \/>\n<meta property=\"og:locale\" content=\"es_ES\" \/>\n<meta property=\"og:type\" content=\"article\" \/>\n<meta property=\"og:title\" content=\"\u00d3leo de Am\u00eandoas Doces 125ml - Velvet Med\" \/>\n<meta property=\"og:description\" content=\"M\u00ednimo de 5 unidades Indica\u00e7\u00f5es:   Produto 100% natural.  Rico em Vitaminas A e B, prote\u00ednas e minerais essenciais.  Para todos os tipos de pele, (incluindo beb\u00e9s e gr\u00e1vidas).  USO EXTERNO\" \/>\n<meta property=\"og:url\" content=\"https:\/\/velvet-med.pt\/es\/producto\/oleo-de-amendoas-doces-125ml\/\" \/>\n<meta property=\"og:site_name\" content=\"Velvet Med\" \/>\n<meta property=\"article:modified_time\" content=\"2025-04-15T11:26:33+00:00\" \/>\n<meta property=\"og:image\" content=\"https:\/\/velvet-med.pt\/wp-content\/uploads\/2021\/03\/Oleo-de-Amendoas-Doces-60ml-125ml-e-250ml-produto.jpg\" \/>\n\t<meta property=\"og:image:width\" content=\"1080\" \/>\n\t<meta property=\"og:image:height\" content=\"1080\" \/>\n\t<meta property=\"og:image:type\" content=\"image\/jpeg\" \/>\n<meta name=\"twitter:card\" content=\"summary_large_image\" \/>\n<meta name=\"twitter:label1\" content=\"Tiempo de lectura\" \/>\n\t<meta name=\"twitter:data1\" content=\"1 minuto\" \/>\n<script type=\"application\/ld+json\" class=\"yoast-schema-graph\">{\"@context\":\"https:\\\/\\\/schema.org\",\"@graph\":[{\"@type\":\"WebPage\",\"@id\":\"https:\\\/\\\/velvet-med.pt\\\/produto\\\/oleo-de-amendoas-doces-125ml\\\/\",\"url\":\"https:\\\/\\\/velvet-med.pt\\\/produto\\\/oleo-de-amendoas-doces-125ml\\\/\",\"name\":\"\u00d3leo de Am\u00eandoas Doces 125ml - Velvet Med\",\"isPartOf\":{\"@id\":\"https:\\\/\\\/velvet-med.pt\\\/#website\"},\"primaryImageOfPage\":{\"@id\":\"https:\\\/\\\/velvet-med.pt\\\/produto\\\/oleo-de-amendoas-doces-125ml\\\/#primaryimage\"},\"image\":{\"@id\":\"https:\\\/\\\/velvet-med.pt\\\/produto\\\/oleo-de-amendoas-doces-125ml\\\/#primaryimage\"},\"thumbnailUrl\":\"https:\\\/\\\/velvet-med.pt\\\/wp-content\\\/uploads\\\/2021\\\/03\\\/Oleo-de-Amendoas-Doces-60ml-125ml-e-250ml-produto.jpg\",\"datePublished\":\"2021-05-04T14:36:19+00:00\",\"dateModified\":\"2025-04-15T11:26:33+00:00\",\"breadcrumb\":{\"@id\":\"https:\\\/\\\/velvet-med.pt\\\/produto\\\/oleo-de-amendoas-doces-125ml\\\/#breadcrumb\"},\"inLanguage\":\"es\",\"potentialAction\":[{\"@type\":\"ReadAction\",\"target\":[\"https:\\\/\\\/velvet-med.pt\\\/produto\\\/oleo-de-amendoas-doces-125ml\\\/\"]}]},{\"@type\":\"ImageObject\",\"inLanguage\":\"es\",\"@id\":\"https:\\\/\\\/velvet-med.pt\\\/produto\\\/oleo-de-amendoas-doces-125ml\\\/#primaryimage\",\"url\":\"https:\\\/\\\/velvet-med.pt\\\/wp-content\\\/uploads\\\/2021\\\/03\\\/Oleo-de-Amendoas-Doces-60ml-125ml-e-250ml-produto.jpg\",\"contentUrl\":\"https:\\\/\\\/velvet-med.pt\\\/wp-content\\\/uploads\\\/2021\\\/03\\\/Oleo-de-Amendoas-Doces-60ml-125ml-e-250ml-produto.jpg\",\"width\":1080,\"height\":1080,\"caption\":\"Embalagens amarelas dos diferentes formatos de \u00f3leo de am\u00eandoas doces\"},{\"@type\":\"BreadcrumbList\",\"@id\":\"https:\\\/\\\/velvet-med.pt\\\/produto\\\/oleo-de-amendoas-doces-125ml\\\/#breadcrumb\",\"itemListElement\":[{\"@type\":\"ListItem\",\"position\":1,\"name\":\"Home\",\"item\":\"https:\\\/\\\/velvet-med.pt\\\/\"},{\"@type\":\"ListItem\",\"position\":2,\"name\":\"Loja\",\"item\":\"https:\\\/\\\/velvet-med.pt\\\/loja\\\/\"},{\"@type\":\"ListItem\",\"position\":3,\"name\":\"\u00d3leo de Am\u00eandoas Doces 125ml\"}]},{\"@type\":\"WebSite\",\"@id\":\"https:\\\/\\\/velvet-med.pt\\\/#website\",\"url\":\"https:\\\/\\\/velvet-med.pt\\\/\",\"name\":\"Velvet Med\",\"description\":\"Healthcare Solutions | Choose a Healthier Life\",\"potentialAction\":[{\"@type\":\"SearchAction\",\"target\":{\"@type\":\"EntryPoint\",\"urlTemplate\":\"https:\\\/\\\/velvet-med.pt\\\/?s={search_term_string}\"},\"query-input\":{\"@type\":\"PropertyValueSpecification\",\"valueRequired\":true,\"valueName\":\"search_term_string\"}}],\"inLanguage\":\"es\"}]}<\/script>\n<!-- \/ Yoast SEO plugin. -->","yoast_head_json":{"title":"\u00d3leo de Am\u00eandoas Doces 125ml - Velvet Med","robots":{"index":"index","follow":"follow","max-snippet":"max-snippet:-1","max-image-preview":"max-image-preview:large","max-video-preview":"max-video-preview:-1"},"canonical":"https:\/\/velvet-med.pt\/es\/producto\/oleo-de-amendoas-doces-125ml\/","og_locale":"es_ES","og_type":"article","og_title":"\u00d3leo de Am\u00eandoas Doces 125ml - Velvet Med","og_description":"M\u00ednimo de 5 unidades Indica\u00e7\u00f5es:   Produto 100% natural.  Rico em Vitaminas A e B, prote\u00ednas e minerais essenciais.  Para todos os tipos de pele, (incluindo beb\u00e9s e gr\u00e1vidas).  USO EXTERNO","og_url":"https:\/\/velvet-med.pt\/es\/producto\/oleo-de-amendoas-doces-125ml\/","og_site_name":"Velvet Med","article_modified_time":"2025-04-15T11:26:33+00:00","og_image":[{"width":1080,"height":1080,"url":"https:\/\/velvet-med.pt\/wp-content\/uploads\/2021\/03\/Oleo-de-Amendoas-Doces-60ml-125ml-e-250ml-produto.jpg","type":"image\/jpeg"}],"twitter_card":"summary_large_image","twitter_misc":{"Tiempo de lectura":"1 minuto"},"schema":{"@context":"https:\/\/schema.org","@graph":[{"@type":"WebPage","@id":"https:\/\/velvet-med.pt\/produto\/oleo-de-amendoas-doces-125ml\/","url":"https:\/\/velvet-med.pt\/produto\/oleo-de-amendoas-doces-125ml\/","name":"\u00d3leo de Am\u00eandoas Doces 125ml - Velvet Med","isPartOf":{"@id":"https:\/\/velvet-med.pt\/#website"},"primaryImageOfPage":{"@id":"https:\/\/velvet-med.pt\/produto\/oleo-de-amendoas-doces-125ml\/#primaryimage"},"image":{"@id":"https:\/\/velvet-med.pt\/produto\/oleo-de-amendoas-doces-125ml\/#primaryimage"},"thumbnailUrl":"https:\/\/velvet-med.pt\/wp-content\/uploads\/2021\/03\/Oleo-de-Amendoas-Doces-60ml-125ml-e-250ml-produto.jpg","datePublished":"2021-05-04T14:36:19+00:00","dateModified":"2025-04-15T11:26:33+00:00","breadcrumb":{"@id":"https:\/\/velvet-med.pt\/produto\/oleo-de-amendoas-doces-125ml\/#breadcrumb"},"inLanguage":"es","potentialAction":[{"@type":"ReadAction","target":["https:\/\/velvet-med.pt\/produto\/oleo-de-amendoas-doces-125ml\/"]}]},{"@type":"ImageObject","inLanguage":"es","@id":"https:\/\/velvet-med.pt\/produto\/oleo-de-amendoas-doces-125ml\/#primaryimage","url":"https:\/\/velvet-med.pt\/wp-content\/uploads\/2021\/03\/Oleo-de-Amendoas-Doces-60ml-125ml-e-250ml-produto.jpg","contentUrl":"https:\/\/velvet-med.pt\/wp-content\/uploads\/2021\/03\/Oleo-de-Amendoas-Doces-60ml-125ml-e-250ml-produto.jpg","width":1080,"height":1080,"caption":"Embalagens amarelas dos diferentes formatos de \u00f3leo de am\u00eandoas doces"},{"@type":"BreadcrumbList","@id":"https:\/\/velvet-med.pt\/produto\/oleo-de-amendoas-doces-125ml\/#breadcrumb","itemListElement":[{"@type":"ListItem","position":1,"name":"Home","item":"https:\/\/velvet-med.pt\/"},{"@type":"ListItem","position":2,"name":"Loja","item":"https:\/\/velvet-med.pt\/loja\/"},{"@type":"ListItem","position":3,"name":"\u00d3leo de Am\u00eandoas Doces 125ml"}]},{"@type":"WebSite","@id":"https:\/\/velvet-med.pt\/#website","url":"https:\/\/velvet-med.pt\/","name":"Velvet Med","description":"Healthcare Solutions | Choose a Healthier Life","potentialAction":[{"@type":"SearchAction","target":{"@type":"EntryPoint","urlTemplate":"https:\/\/velvet-med.pt\/?s={search_term_string}"},"query-input":{"@type":"PropertyValueSpecification","valueRequired":true,"valueName":"search_term_string"}}],"inLanguage":"es"}]}},"_links":{"self":[{"href":"https:\/\/velvet-med.pt\/es\/wp-json\/wp\/v2\/product\/7797","targetHints":{"allow":["GET"]}}],"collection":[{"href":"https:\/\/velvet-med.pt\/es\/wp-json\/wp\/v2\/product"}],"about":[{"href":"https:\/\/velvet-med.pt\/es\/wp-json\/wp\/v2\/types\/product"}],"wp:featuredmedia":[{"embeddable":true,"href":"https:\/\/velvet-med.pt\/es\/wp-json\/wp\/v2\/media\/7526"}],"wp:attachment":[{"href":"https:\/\/velvet-med.pt\/es\/wp-json\/wp\/v2\/media?parent=7797"}],"wp:term":[{"taxonomy":"product_brand","embeddable":true,"href":"https:\/\/velvet-med.pt\/es\/wp-json\/wp\/v2\/product_brand?post=7797"},{"taxonomy":"product_cat","embeddable":true,"href":"https:\/\/velvet-med.pt\/es\/wp-json\/wp\/v2\/product_cat?post=7797"},{"taxonomy":"product_tag","embeddable":true,"href":"https:\/\/velvet-med.pt\/es\/wp-json\/wp\/v2\/product_tag?post=7797"}],"curies":[{"name":"wp","href":"https:\/\/api.w.org\/{rel}","templated":true}]}}