{"id":15355,"date":"2023-10-30T14:37:17","date_gmt":"2023-10-30T14:37:17","guid":{"rendered":"https:\/\/velvet-med.pt\/?post_type=product&#038;p=15355"},"modified":"2026-01-20T11:07:58","modified_gmt":"2026-01-20T11:07:58","slug":"veltuss-crianca-dispositivo-medico","status":"publish","type":"product","link":"https:\/\/velvet-med.pt\/fr\/produit\/veltuss-crianca-dispositivo-medico\/","title":{"rendered":"VELTUSS Crian\u00e7a Dispositivo M\u00e9dico"},"content":{"rendered":"<h1>Trate a tosse dos mais pequenos com Veltuss Crian\u00e7a.<\/h1>\n<ul>\n<li><span class=\"s2\">Dispositivo M\u00e9dico indicado no tratamento da <a href=\"https:\/\/velvet-med.pt\/fr\/saude-das-vias-respiratorias\/\">tosse<\/a> seca ou produtiva.<\/span><\/li>\n<li><span class=\"s2\">Na forma de solu\u00e7\u00e3o xaroposa, 100% natural.<\/span><\/li>\n<li>Acalma\/controla a tosse e protege a garganta.<\/li>\n<li>Para al\u00e9m da sua efic\u00e1cia comprovada, tem um sabor muito agrad\u00e1vel a mel e morango.<\/li>\n<li>Pode ser utilizado a partir de 1 ano de idade.<\/li>\n<li>Sem lactose, gl\u00faten, \u00e1lcool ou conservantes.<\/li>\n<\/ul>","protected":false},"excerpt":{"rendered":"<p><strong>140 ml de Solu\u00e7\u00e3o Xaroposa com sabor a Mel e Morango<\/strong><\/p>\n<h4><span class=\"s2\">Indications:<\/span><\/h4>\n<ul>\n<li><span class=\"s2\">Garganta, faringe e cordas vocais.<\/span><\/li>\n<li><span class=\"s2\">Expetora\u00e7\u00e3o.<\/span><\/li>\n<\/ul>","protected":false},"featured_media":15356,"template":"","meta":{"inline_featured_image":false},"product_brand":[],"product_cat":[129,115],"product_tag":[],"class_list":{"0":"post-15355","1":"product","2":"type-product","3":"status-publish","4":"has-post-thumbnail","6":"product_cat-inverno","7":"product_cat-vias-respiratorias","9":"first","10":"instock","11":"shipping-taxable","12":"purchasable","13":"product-type-simple"},"yoast_head":"<!-- This site is optimized with the Yoast SEO plugin v27.3 - https:\/\/yoast.com\/product\/yoast-seo-wordpress\/ -->\n<title>VELTUSS Crian\u00e7a Dispositivo M\u00e9dico - Velvet Med<\/title>\n<meta name=\"description\" content=\"Trate a tosse dos mais pequenos com Veltuss Crian\u00e7a. Alivia e controla a tosse seca e produtiva. Tamb\u00e9m alivia e protege a garganta. Sabor agrad\u00e1vel.\" \/>\n<meta name=\"robots\" content=\"index, follow, max-snippet:-1, max-image-preview:large, max-video-preview:-1\" \/>\n<link rel=\"canonical\" href=\"https:\/\/velvet-med.pt\/fr\/produit\/veltuss-crianca-dispositivo-medico\/\" \/>\n<meta property=\"og:locale\" content=\"fr_FR\" \/>\n<meta property=\"og:type\" content=\"article\" \/>\n<meta property=\"og:title\" content=\"VELTUSS Crian\u00e7a Dispositivo M\u00e9dico - Velvet Med\" \/>\n<meta property=\"og:description\" content=\"Trate a tosse dos mais pequenos com Veltuss Crian\u00e7a. Alivia e controla a tosse seca e produtiva. Tamb\u00e9m alivia e protege a garganta. Sabor agrad\u00e1vel.\" \/>\n<meta property=\"og:url\" content=\"https:\/\/velvet-med.pt\/fr\/produit\/veltuss-crianca-dispositivo-medico\/\" \/>\n<meta property=\"og:site_name\" content=\"Velvet Med\" \/>\n<meta property=\"article:modified_time\" content=\"2026-01-20T11:07:58+00:00\" \/>\n<meta property=\"og:image\" content=\"https:\/\/velvet-med.pt\/wp-content\/uploads\/2023\/10\/Veltuss_Cr_dm_front_site.jpg\" \/>\n\t<meta property=\"og:image:width\" content=\"1000\" \/>\n\t<meta property=\"og:image:height\" content=\"1000\" \/>\n\t<meta property=\"og:image:type\" content=\"image\/jpeg\" \/>\n<meta name=\"twitter:card\" content=\"summary_large_image\" \/>\n<meta name=\"twitter:label1\" content=\"Dur\u00e9e de lecture estim\u00e9e\" \/>\n\t<meta name=\"twitter:data1\" content=\"1 minute\" \/>\n<script type=\"application\/ld+json\" class=\"yoast-schema-graph\">{\"@context\":\"https:\\\/\\\/schema.org\",\"@graph\":[{\"@type\":\"WebPage\",\"@id\":\"https:\\\/\\\/velvet-med.pt\\\/produto\\\/veltuss-crianca-dispositivo-medico\\\/\",\"url\":\"https:\\\/\\\/velvet-med.pt\\\/produto\\\/veltuss-crianca-dispositivo-medico\\\/\",\"name\":\"VELTUSS Crian\u00e7a Dispositivo M\u00e9dico - Velvet Med\",\"isPartOf\":{\"@id\":\"https:\\\/\\\/velvet-med.pt\\\/#website\"},\"primaryImageOfPage\":{\"@id\":\"https:\\\/\\\/velvet-med.pt\\\/produto\\\/veltuss-crianca-dispositivo-medico\\\/#primaryimage\"},\"image\":{\"@id\":\"https:\\\/\\\/velvet-med.pt\\\/produto\\\/veltuss-crianca-dispositivo-medico\\\/#primaryimage\"},\"thumbnailUrl\":\"https:\\\/\\\/velvet-med.pt\\\/wp-content\\\/uploads\\\/2023\\\/10\\\/Veltuss_Cr_dm_front_site.jpg\",\"datePublished\":\"2023-10-30T14:37:17+00:00\",\"dateModified\":\"2026-01-20T11:07:58+00:00\",\"description\":\"Trate a tosse dos mais pequenos com Veltuss Crian\u00e7a. Alivia e controla a tosse seca e produtiva. Tamb\u00e9m alivia e protege a garganta. Sabor agrad\u00e1vel.\",\"breadcrumb\":{\"@id\":\"https:\\\/\\\/velvet-med.pt\\\/produto\\\/veltuss-crianca-dispositivo-medico\\\/#breadcrumb\"},\"inLanguage\":\"fr-FR\",\"potentialAction\":[{\"@type\":\"ReadAction\",\"target\":[\"https:\\\/\\\/velvet-med.pt\\\/produto\\\/veltuss-crianca-dispositivo-medico\\\/\"]}]},{\"@type\":\"ImageObject\",\"inLanguage\":\"fr-FR\",\"@id\":\"https:\\\/\\\/velvet-med.pt\\\/produto\\\/veltuss-crianca-dispositivo-medico\\\/#primaryimage\",\"url\":\"https:\\\/\\\/velvet-med.pt\\\/wp-content\\\/uploads\\\/2023\\\/10\\\/Veltuss_Cr_dm_front_site.jpg\",\"contentUrl\":\"https:\\\/\\\/velvet-med.pt\\\/wp-content\\\/uploads\\\/2023\\\/10\\\/Veltuss_Cr_dm_front_site.jpg\",\"width\":1000,\"height\":1000,\"caption\":\"Um dispositivo m\u00e9dico 100% natural e com um excelente sabor que os mais novos v\u00e3o adorar\"},{\"@type\":\"BreadcrumbList\",\"@id\":\"https:\\\/\\\/velvet-med.pt\\\/produto\\\/veltuss-crianca-dispositivo-medico\\\/#breadcrumb\",\"itemListElement\":[{\"@type\":\"ListItem\",\"position\":1,\"name\":\"Home\",\"item\":\"https:\\\/\\\/velvet-med.pt\\\/\"},{\"@type\":\"ListItem\",\"position\":2,\"name\":\"Loja\",\"item\":\"https:\\\/\\\/velvet-med.pt\\\/loja\\\/\"},{\"@type\":\"ListItem\",\"position\":3,\"name\":\"VELTUSS Crian\u00e7a Dispositivo M\u00e9dico\"}]},{\"@type\":\"WebSite\",\"@id\":\"https:\\\/\\\/velvet-med.pt\\\/#website\",\"url\":\"https:\\\/\\\/velvet-med.pt\\\/\",\"name\":\"Velvet Med\",\"description\":\"Healthcare Solutions | Choose a Healthier Life\",\"potentialAction\":[{\"@type\":\"SearchAction\",\"target\":{\"@type\":\"EntryPoint\",\"urlTemplate\":\"https:\\\/\\\/velvet-med.pt\\\/?s={search_term_string}\"},\"query-input\":{\"@type\":\"PropertyValueSpecification\",\"valueRequired\":true,\"valueName\":\"search_term_string\"}}],\"inLanguage\":\"fr-FR\"}]}<\/script>\n<!-- \/ Yoast SEO plugin. -->","yoast_head_json":{"title":"VELTUSS Crian\u00e7a Dispositivo M\u00e9dico - Velvet Med","description":"Trate a tosse dos mais pequenos com Veltuss Crian\u00e7a. Alivia e controla a tosse seca e produtiva. Tamb\u00e9m alivia e protege a garganta. Sabor agrad\u00e1vel.","robots":{"index":"index","follow":"follow","max-snippet":"max-snippet:-1","max-image-preview":"max-image-preview:large","max-video-preview":"max-video-preview:-1"},"canonical":"https:\/\/velvet-med.pt\/fr\/produit\/veltuss-crianca-dispositivo-medico\/","og_locale":"fr_FR","og_type":"article","og_title":"VELTUSS Crian\u00e7a Dispositivo M\u00e9dico - Velvet Med","og_description":"Trate a tosse dos mais pequenos com Veltuss Crian\u00e7a. Alivia e controla a tosse seca e produtiva. Tamb\u00e9m alivia e protege a garganta. Sabor agrad\u00e1vel.","og_url":"https:\/\/velvet-med.pt\/fr\/produit\/veltuss-crianca-dispositivo-medico\/","og_site_name":"Velvet Med","article_modified_time":"2026-01-20T11:07:58+00:00","og_image":[{"width":1000,"height":1000,"url":"https:\/\/velvet-med.pt\/wp-content\/uploads\/2023\/10\/Veltuss_Cr_dm_front_site.jpg","type":"image\/jpeg"}],"twitter_card":"summary_large_image","twitter_misc":{"Dur\u00e9e de lecture estim\u00e9e":"1 minute"},"schema":{"@context":"https:\/\/schema.org","@graph":[{"@type":"WebPage","@id":"https:\/\/velvet-med.pt\/produto\/veltuss-crianca-dispositivo-medico\/","url":"https:\/\/velvet-med.pt\/produto\/veltuss-crianca-dispositivo-medico\/","name":"VELTUSS Crian\u00e7a Dispositivo M\u00e9dico - Velvet Med","isPartOf":{"@id":"https:\/\/velvet-med.pt\/#website"},"primaryImageOfPage":{"@id":"https:\/\/velvet-med.pt\/produto\/veltuss-crianca-dispositivo-medico\/#primaryimage"},"image":{"@id":"https:\/\/velvet-med.pt\/produto\/veltuss-crianca-dispositivo-medico\/#primaryimage"},"thumbnailUrl":"https:\/\/velvet-med.pt\/wp-content\/uploads\/2023\/10\/Veltuss_Cr_dm_front_site.jpg","datePublished":"2023-10-30T14:37:17+00:00","dateModified":"2026-01-20T11:07:58+00:00","description":"Trate a tosse dos mais pequenos com Veltuss Crian\u00e7a. Alivia e controla a tosse seca e produtiva. Tamb\u00e9m alivia e protege a garganta. Sabor agrad\u00e1vel.","breadcrumb":{"@id":"https:\/\/velvet-med.pt\/produto\/veltuss-crianca-dispositivo-medico\/#breadcrumb"},"inLanguage":"fr-FR","potentialAction":[{"@type":"ReadAction","target":["https:\/\/velvet-med.pt\/produto\/veltuss-crianca-dispositivo-medico\/"]}]},{"@type":"ImageObject","inLanguage":"fr-FR","@id":"https:\/\/velvet-med.pt\/produto\/veltuss-crianca-dispositivo-medico\/#primaryimage","url":"https:\/\/velvet-med.pt\/wp-content\/uploads\/2023\/10\/Veltuss_Cr_dm_front_site.jpg","contentUrl":"https:\/\/velvet-med.pt\/wp-content\/uploads\/2023\/10\/Veltuss_Cr_dm_front_site.jpg","width":1000,"height":1000,"caption":"Um dispositivo m\u00e9dico 100% natural e com um excelente sabor que os mais novos v\u00e3o adorar"},{"@type":"BreadcrumbList","@id":"https:\/\/velvet-med.pt\/produto\/veltuss-crianca-dispositivo-medico\/#breadcrumb","itemListElement":[{"@type":"ListItem","position":1,"name":"Home","item":"https:\/\/velvet-med.pt\/"},{"@type":"ListItem","position":2,"name":"Loja","item":"https:\/\/velvet-med.pt\/loja\/"},{"@type":"ListItem","position":3,"name":"VELTUSS Crian\u00e7a Dispositivo M\u00e9dico"}]},{"@type":"WebSite","@id":"https:\/\/velvet-med.pt\/#website","url":"https:\/\/velvet-med.pt\/","name":"Velvet Med","description":"Healthcare Solutions | Choose a Healthier Life","potentialAction":[{"@type":"SearchAction","target":{"@type":"EntryPoint","urlTemplate":"https:\/\/velvet-med.pt\/?s={search_term_string}"},"query-input":{"@type":"PropertyValueSpecification","valueRequired":true,"valueName":"search_term_string"}}],"inLanguage":"fr-FR"}]}},"_links":{"self":[{"href":"https:\/\/velvet-med.pt\/fr\/wp-json\/wp\/v2\/product\/15355","targetHints":{"allow":["GET"]}}],"collection":[{"href":"https:\/\/velvet-med.pt\/fr\/wp-json\/wp\/v2\/product"}],"about":[{"href":"https:\/\/velvet-med.pt\/fr\/wp-json\/wp\/v2\/types\/product"}],"wp:featuredmedia":[{"embeddable":true,"href":"https:\/\/velvet-med.pt\/fr\/wp-json\/wp\/v2\/media\/15356"}],"wp:attachment":[{"href":"https:\/\/velvet-med.pt\/fr\/wp-json\/wp\/v2\/media?parent=15355"}],"wp:term":[{"taxonomy":"product_brand","embeddable":true,"href":"https:\/\/velvet-med.pt\/fr\/wp-json\/wp\/v2\/product_brand?post=15355"},{"taxonomy":"product_cat","embeddable":true,"href":"https:\/\/velvet-med.pt\/fr\/wp-json\/wp\/v2\/product_cat?post=15355"},{"taxonomy":"product_tag","embeddable":true,"href":"https:\/\/velvet-med.pt\/fr\/wp-json\/wp\/v2\/product_tag?post=15355"}],"curies":[{"name":"wp","href":"https:\/\/api.w.org\/{rel}","templated":true}]}}