{"id":7754,"date":"2021-05-04T14:35:43","date_gmt":"2021-05-04T14:35:43","guid":{"rendered":"https:\/\/velvet-med.pt\/?post_type=product&#038;p=7754"},"modified":"2026-01-20T10:42:56","modified_gmt":"2026-01-20T10:42:56","slug":"hidrarapid-2","status":"publish","type":"product","link":"https:\/\/velvet-med.pt\/fr\/produit\/hidrarapid-2\/","title":{"rendered":"HIDRARAPID &#8211; Solu\u00e7\u00e3o de Reidrata\u00e7\u00e3o Oral"},"content":{"rendered":"<h1>\u00c1gua s\u00f3 n\u00e3o basta para uma boa reidrata\u00e7\u00e3o<\/h1>\n<ul class=\"ul1\">\n<li class=\"li1\"><span class=\"s2\">HidraRapid \u00e9 uma solu\u00e7\u00e3o de reidrata\u00e7\u00e3o oral especificamente formulada para situa\u00e7\u00f5es de perda de \u00e1gua e sais minerais.<\/span><\/li>\n<li class=\"li1\"><span class=\"s2\">Formula\u00e7\u00e3o de acordo com as indica\u00e7\u00f5es da Organiza\u00e7\u00e3o Mundial de Sa\u00fade (OMS).<\/span><\/li>\n<li>Pode utiliz\u00e1-lo para fazer a corre\u00e7\u00e3o de perdas de l\u00edquidos e eletr\u00f3litos. Para al\u00e9m disso, \u00e9 um excelente parceiro na gest\u00e3o da desidrata\u00e7\u00e3o ligeira a moderada, associada a <a href=\"https:\/\/velvet-med.pt\/fr\/vomitos-e-diarreia-nas-criancas\/\">v\u00f3mitos e\/ou diarreias<\/a>. \u00c9 ainda adequado para desportistas, ap\u00f3s o exerc\u00edcio f\u00edsico intenso.<\/li>\n<li class=\"li1\"><span class=\"s2\">Aroma a laranja.<\/span><\/li>\n<li>Para todas as idades.<\/li>\n<\/ul>","protected":false},"excerpt":{"rendered":"<p><strong>20\u00a0sachets<\/strong><\/p>\n<h4><span class=\"s2\">Indications:<\/span><\/h4>\n<ul>\n<li><span class=\"s2\">Diarrh\u00e9e<\/span><\/li>\n<li><span class=\"s2\">Vomissements<\/span><\/li>\n<li><span class=\"s2\">D\u00e9ficit en eau<\/span><\/li>\n<li><span class=\"s2\">Transpiration excessive<\/span><\/li>\n<\/ul>","protected":false},"featured_media":7270,"template":"","meta":{"inline_featured_image":false},"product_brand":[],"product_cat":[76],"product_tag":[],"class_list":{"0":"post-7754","1":"product","2":"type-product","3":"status-publish","4":"has-post-thumbnail","6":"product_cat-sistema-digestivo-e-hidratacao","8":"first","9":"instock","10":"shipping-taxable","11":"purchasable","12":"product-type-simple"},"yoast_head":"<!-- This site is optimized with the Yoast SEO plugin v27.3 - https:\/\/yoast.com\/product\/yoast-seo-wordpress\/ -->\n<title>HIDRARAPID - Solu\u00e7\u00e3o de Reidrata\u00e7\u00e3o Oral - Velvet Med<\/title>\n<meta name=\"description\" content=\"HidraRapid - solu\u00e7\u00e3o de reidrata\u00e7\u00e3o. F\u00f3rmula de acordo com as indica\u00e7\u00f5es da OMS. Perdas de l\u00edquidos, eletr\u00f3litos, v\u00f3mito, diarreia, exerc\u00edcio f\u00edsico intenso\" \/>\n<meta name=\"robots\" content=\"index, follow, max-snippet:-1, max-image-preview:large, max-video-preview:-1\" \/>\n<link rel=\"canonical\" href=\"https:\/\/velvet-med.pt\/fr\/produit\/hidrarapid-2\/\" \/>\n<meta property=\"og:locale\" content=\"fr_FR\" \/>\n<meta property=\"og:type\" content=\"article\" \/>\n<meta property=\"og:title\" content=\"HIDRARAPID - Solu\u00e7\u00e3o de Reidrata\u00e7\u00e3o Oral - Velvet Med\" \/>\n<meta property=\"og:description\" content=\"HidraRapid - solu\u00e7\u00e3o de reidrata\u00e7\u00e3o. F\u00f3rmula de acordo com as indica\u00e7\u00f5es da OMS. Perdas de l\u00edquidos, eletr\u00f3litos, v\u00f3mito, diarreia, exerc\u00edcio f\u00edsico intenso\" \/>\n<meta property=\"og:url\" content=\"https:\/\/velvet-med.pt\/fr\/produit\/hidrarapid-2\/\" \/>\n<meta property=\"og:site_name\" content=\"Velvet Med\" \/>\n<meta property=\"article:modified_time\" content=\"2026-01-20T10:42:56+00:00\" \/>\n<meta property=\"og:image\" content=\"https:\/\/velvet-med.pt\/wp-content\/uploads\/2021\/02\/HidraRapid-produto.png\" \/>\n\t<meta property=\"og:image:width\" content=\"1080\" \/>\n\t<meta property=\"og:image:height\" content=\"1080\" \/>\n\t<meta property=\"og:image:type\" content=\"image\/png\" \/>\n<meta name=\"twitter:card\" content=\"summary_large_image\" \/>\n<meta name=\"twitter:label1\" content=\"Dur\u00e9e de lecture estim\u00e9e\" \/>\n\t<meta name=\"twitter:data1\" content=\"1 minute\" \/>\n<script type=\"application\/ld+json\" class=\"yoast-schema-graph\">{\"@context\":\"https:\\\/\\\/schema.org\",\"@graph\":[{\"@type\":\"WebPage\",\"@id\":\"https:\\\/\\\/velvet-med.pt\\\/produto\\\/hidrarapid-2\\\/\",\"url\":\"https:\\\/\\\/velvet-med.pt\\\/produto\\\/hidrarapid-2\\\/\",\"name\":\"HIDRARAPID - Solu\u00e7\u00e3o de Reidrata\u00e7\u00e3o Oral - Velvet Med\",\"isPartOf\":{\"@id\":\"https:\\\/\\\/velvet-med.pt\\\/#website\"},\"primaryImageOfPage\":{\"@id\":\"https:\\\/\\\/velvet-med.pt\\\/produto\\\/hidrarapid-2\\\/#primaryimage\"},\"image\":{\"@id\":\"https:\\\/\\\/velvet-med.pt\\\/produto\\\/hidrarapid-2\\\/#primaryimage\"},\"thumbnailUrl\":\"https:\\\/\\\/velvet-med.pt\\\/wp-content\\\/uploads\\\/2021\\\/02\\\/HidraRapid-produto.png\",\"datePublished\":\"2021-05-04T14:35:43+00:00\",\"dateModified\":\"2026-01-20T10:42:56+00:00\",\"description\":\"HidraRapid - solu\u00e7\u00e3o de reidrata\u00e7\u00e3o. F\u00f3rmula de acordo com as indica\u00e7\u00f5es da OMS. Perdas de l\u00edquidos, eletr\u00f3litos, v\u00f3mito, diarreia, exerc\u00edcio f\u00edsico intenso\",\"breadcrumb\":{\"@id\":\"https:\\\/\\\/velvet-med.pt\\\/produto\\\/hidrarapid-2\\\/#breadcrumb\"},\"inLanguage\":\"fr-FR\",\"potentialAction\":[{\"@type\":\"ReadAction\",\"target\":[\"https:\\\/\\\/velvet-med.pt\\\/produto\\\/hidrarapid-2\\\/\"]}]},{\"@type\":\"ImageObject\",\"inLanguage\":\"fr-FR\",\"@id\":\"https:\\\/\\\/velvet-med.pt\\\/produto\\\/hidrarapid-2\\\/#primaryimage\",\"url\":\"https:\\\/\\\/velvet-med.pt\\\/wp-content\\\/uploads\\\/2021\\\/02\\\/HidraRapid-produto.png\",\"contentUrl\":\"https:\\\/\\\/velvet-med.pt\\\/wp-content\\\/uploads\\\/2021\\\/02\\\/HidraRapid-produto.png\",\"width\":1080,\"height\":1080,\"caption\":\"Reidrata\u00e7\u00e3o apenas com \u00e1gua n\u00e3o basta\"},{\"@type\":\"BreadcrumbList\",\"@id\":\"https:\\\/\\\/velvet-med.pt\\\/produto\\\/hidrarapid-2\\\/#breadcrumb\",\"itemListElement\":[{\"@type\":\"ListItem\",\"position\":1,\"name\":\"Home\",\"item\":\"https:\\\/\\\/velvet-med.pt\\\/\"},{\"@type\":\"ListItem\",\"position\":2,\"name\":\"Loja\",\"item\":\"https:\\\/\\\/velvet-med.pt\\\/loja\\\/\"},{\"@type\":\"ListItem\",\"position\":3,\"name\":\"HIDRARAPID &#8211; Solu\u00e7\u00e3o de Reidrata\u00e7\u00e3o Oral\"}]},{\"@type\":\"WebSite\",\"@id\":\"https:\\\/\\\/velvet-med.pt\\\/#website\",\"url\":\"https:\\\/\\\/velvet-med.pt\\\/\",\"name\":\"Velvet Med\",\"description\":\"Healthcare Solutions | Choose a Healthier Life\",\"potentialAction\":[{\"@type\":\"SearchAction\",\"target\":{\"@type\":\"EntryPoint\",\"urlTemplate\":\"https:\\\/\\\/velvet-med.pt\\\/?s={search_term_string}\"},\"query-input\":{\"@type\":\"PropertyValueSpecification\",\"valueRequired\":true,\"valueName\":\"search_term_string\"}}],\"inLanguage\":\"fr-FR\"}]}<\/script>\n<!-- \/ Yoast SEO plugin. -->","yoast_head_json":{"title":"HIDRARAPID - Solu\u00e7\u00e3o de Reidrata\u00e7\u00e3o Oral - Velvet Med","description":"HidraRapid - solu\u00e7\u00e3o de reidrata\u00e7\u00e3o. F\u00f3rmula de acordo com as indica\u00e7\u00f5es da OMS. Perdas de l\u00edquidos, eletr\u00f3litos, v\u00f3mito, diarreia, exerc\u00edcio f\u00edsico intenso","robots":{"index":"index","follow":"follow","max-snippet":"max-snippet:-1","max-image-preview":"max-image-preview:large","max-video-preview":"max-video-preview:-1"},"canonical":"https:\/\/velvet-med.pt\/fr\/produit\/hidrarapid-2\/","og_locale":"fr_FR","og_type":"article","og_title":"HIDRARAPID - Solu\u00e7\u00e3o de Reidrata\u00e7\u00e3o Oral - Velvet Med","og_description":"HidraRapid - solu\u00e7\u00e3o de reidrata\u00e7\u00e3o. F\u00f3rmula de acordo com as indica\u00e7\u00f5es da OMS. Perdas de l\u00edquidos, eletr\u00f3litos, v\u00f3mito, diarreia, exerc\u00edcio f\u00edsico intenso","og_url":"https:\/\/velvet-med.pt\/fr\/produit\/hidrarapid-2\/","og_site_name":"Velvet Med","article_modified_time":"2026-01-20T10:42:56+00:00","og_image":[{"width":1080,"height":1080,"url":"https:\/\/velvet-med.pt\/wp-content\/uploads\/2021\/02\/HidraRapid-produto.png","type":"image\/png"}],"twitter_card":"summary_large_image","twitter_misc":{"Dur\u00e9e de lecture estim\u00e9e":"1 minute"},"schema":{"@context":"https:\/\/schema.org","@graph":[{"@type":"WebPage","@id":"https:\/\/velvet-med.pt\/produto\/hidrarapid-2\/","url":"https:\/\/velvet-med.pt\/produto\/hidrarapid-2\/","name":"HIDRARAPID - Solu\u00e7\u00e3o de Reidrata\u00e7\u00e3o Oral - Velvet Med","isPartOf":{"@id":"https:\/\/velvet-med.pt\/#website"},"primaryImageOfPage":{"@id":"https:\/\/velvet-med.pt\/produto\/hidrarapid-2\/#primaryimage"},"image":{"@id":"https:\/\/velvet-med.pt\/produto\/hidrarapid-2\/#primaryimage"},"thumbnailUrl":"https:\/\/velvet-med.pt\/wp-content\/uploads\/2021\/02\/HidraRapid-produto.png","datePublished":"2021-05-04T14:35:43+00:00","dateModified":"2026-01-20T10:42:56+00:00","description":"HidraRapid - solu\u00e7\u00e3o de reidrata\u00e7\u00e3o. F\u00f3rmula de acordo com as indica\u00e7\u00f5es da OMS. Perdas de l\u00edquidos, eletr\u00f3litos, v\u00f3mito, diarreia, exerc\u00edcio f\u00edsico intenso","breadcrumb":{"@id":"https:\/\/velvet-med.pt\/produto\/hidrarapid-2\/#breadcrumb"},"inLanguage":"fr-FR","potentialAction":[{"@type":"ReadAction","target":["https:\/\/velvet-med.pt\/produto\/hidrarapid-2\/"]}]},{"@type":"ImageObject","inLanguage":"fr-FR","@id":"https:\/\/velvet-med.pt\/produto\/hidrarapid-2\/#primaryimage","url":"https:\/\/velvet-med.pt\/wp-content\/uploads\/2021\/02\/HidraRapid-produto.png","contentUrl":"https:\/\/velvet-med.pt\/wp-content\/uploads\/2021\/02\/HidraRapid-produto.png","width":1080,"height":1080,"caption":"Reidrata\u00e7\u00e3o apenas com \u00e1gua n\u00e3o basta"},{"@type":"BreadcrumbList","@id":"https:\/\/velvet-med.pt\/produto\/hidrarapid-2\/#breadcrumb","itemListElement":[{"@type":"ListItem","position":1,"name":"Home","item":"https:\/\/velvet-med.pt\/"},{"@type":"ListItem","position":2,"name":"Loja","item":"https:\/\/velvet-med.pt\/loja\/"},{"@type":"ListItem","position":3,"name":"HIDRARAPID &#8211; Solu\u00e7\u00e3o de Reidrata\u00e7\u00e3o Oral"}]},{"@type":"WebSite","@id":"https:\/\/velvet-med.pt\/#website","url":"https:\/\/velvet-med.pt\/","name":"Velvet Med","description":"Healthcare Solutions | Choose a Healthier Life","potentialAction":[{"@type":"SearchAction","target":{"@type":"EntryPoint","urlTemplate":"https:\/\/velvet-med.pt\/?s={search_term_string}"},"query-input":{"@type":"PropertyValueSpecification","valueRequired":true,"valueName":"search_term_string"}}],"inLanguage":"fr-FR"}]}},"_links":{"self":[{"href":"https:\/\/velvet-med.pt\/fr\/wp-json\/wp\/v2\/product\/7754","targetHints":{"allow":["GET"]}}],"collection":[{"href":"https:\/\/velvet-med.pt\/fr\/wp-json\/wp\/v2\/product"}],"about":[{"href":"https:\/\/velvet-med.pt\/fr\/wp-json\/wp\/v2\/types\/product"}],"wp:featuredmedia":[{"embeddable":true,"href":"https:\/\/velvet-med.pt\/fr\/wp-json\/wp\/v2\/media\/7270"}],"wp:attachment":[{"href":"https:\/\/velvet-med.pt\/fr\/wp-json\/wp\/v2\/media?parent=7754"}],"wp:term":[{"taxonomy":"product_brand","embeddable":true,"href":"https:\/\/velvet-med.pt\/fr\/wp-json\/wp\/v2\/product_brand?post=7754"},{"taxonomy":"product_cat","embeddable":true,"href":"https:\/\/velvet-med.pt\/fr\/wp-json\/wp\/v2\/product_cat?post=7754"},{"taxonomy":"product_tag","embeddable":true,"href":"https:\/\/velvet-med.pt\/fr\/wp-json\/wp\/v2\/product_tag?post=7754"}],"curies":[{"name":"wp","href":"https:\/\/api.w.org\/{rel}","templated":true}]}}