{"id":7757,"date":"2021-05-04T14:35:43","date_gmt":"2021-05-04T14:35:43","guid":{"rendered":"https:\/\/velvet-med.pt\/?post_type=product&#038;p=7757"},"modified":"2026-01-20T10:48:42","modified_gmt":"2026-01-20T10:48:42","slug":"moviplus-artro-2","status":"publish","type":"product","link":"https:\/\/velvet-med.pt\/fr\/produit\/moviplus-artro-2\/","title":{"rendered":"MOVIPLUS ARTRO &#8211; Articula\u00e7\u00f5es e Cartilagens"},"content":{"rendered":"<h1>O aliado perfeito na manuten\u00e7\u00e3o da sua sa\u00fade articular e \u00f3ssea.<\/h1>\n<ul class=\"ul1\">\n<li class=\"li1\"><span class=\"s2\">Moviplus Artro possui uma formula\u00e7\u00e3o avan\u00e7ada \u00edmpar para <strong><a href=\"https:\/\/velvet-med.pt\/fr\/articulacoes-saudaveis\/\">articula\u00e7\u00f5es<\/a> e cartilagens<\/strong>.<\/span><\/li>\n<li class=\"li1\"><span class=\"s2\">Melhoria da mobilidade e flexibilidade articular.<\/span><\/li>\n<li>Auxilia no combate \u00e0 degenera\u00e7\u00e3o das cartilagens.<\/li>\n<li>Indicado em les\u00f5es desportivas.<\/li>\n<li>Sabor a lim\u00e3o, sem a\u00e7\u00facar.<\/li>\n<\/ul>","protected":false},"excerpt":{"rendered":"<p><strong>30 Saquetas, Sem A\u00e7\u00facar<\/strong><\/p>\n<h4><span class=\"s2\">Indications:<\/span><\/h4>\n<ul>\n<li><span class=\"s2\">Maintien de la sant\u00e9 articulaire et osseuse<\/span><\/li>\n<li><span class=\"s2\">Combate \u00e0 degenera\u00e7\u00e3o das cartilagens<\/span><\/li>\n<li><span class=\"s2\">Les\u00f5es desportistas<\/span><\/li>\n<\/ul>","protected":false},"featured_media":7286,"template":"","meta":{"inline_featured_image":false},"product_brand":[],"product_cat":[74],"product_tag":[],"class_list":{"0":"post-7757","1":"product","2":"type-product","3":"status-publish","4":"has-post-thumbnail","6":"product_cat-sistema-articular","8":"first","9":"instock","10":"shipping-taxable","11":"purchasable","12":"product-type-simple"},"yoast_head":"<!-- This site is optimized with the Yoast SEO plugin v27.3 - https:\/\/yoast.com\/product\/yoast-seo-wordpress\/ -->\n<title>MOVIPLUS ARTRO - Articula\u00e7\u00f5es e Cartilagens - Velvet Med<\/title>\n<meta name=\"description\" content=\"O Moviplus Artro \u00e9 o aliado perfeito na manuten\u00e7\u00e3o da sua sa\u00fade articular e \u00f3ssea, combate \u00e0 degenera\u00e7\u00e3o das cartilagens e les\u00f5es desportivas. Sem a\u00e7\u00facar.\" \/>\n<meta name=\"robots\" content=\"index, follow, max-snippet:-1, max-image-preview:large, max-video-preview:-1\" \/>\n<link rel=\"canonical\" href=\"https:\/\/velvet-med.pt\/fr\/produit\/moviplus-artro-2\/\" \/>\n<meta property=\"og:locale\" content=\"fr_FR\" \/>\n<meta property=\"og:type\" content=\"article\" \/>\n<meta property=\"og:title\" content=\"MOVIPLUS ARTRO - Articula\u00e7\u00f5es e Cartilagens - Velvet Med\" \/>\n<meta property=\"og:description\" content=\"O Moviplus Artro \u00e9 o aliado perfeito na manuten\u00e7\u00e3o da sua sa\u00fade articular e \u00f3ssea, combate \u00e0 degenera\u00e7\u00e3o das cartilagens e les\u00f5es desportivas. Sem a\u00e7\u00facar.\" \/>\n<meta property=\"og:url\" content=\"https:\/\/velvet-med.pt\/fr\/produit\/moviplus-artro-2\/\" \/>\n<meta property=\"og:site_name\" content=\"Velvet Med\" \/>\n<meta property=\"article:modified_time\" content=\"2026-01-20T10:48:42+00:00\" \/>\n<meta property=\"og:image\" content=\"https:\/\/velvet-med.pt\/wp-content\/uploads\/2021\/02\/Moviplus-Astro-produto.png\" \/>\n\t<meta property=\"og:image:width\" content=\"1080\" \/>\n\t<meta property=\"og:image:height\" content=\"1080\" \/>\n\t<meta property=\"og:image:type\" content=\"image\/png\" \/>\n<meta name=\"twitter:card\" content=\"summary_large_image\" \/>\n<meta name=\"twitter:label1\" content=\"Dur\u00e9e de lecture estim\u00e9e\" \/>\n\t<meta name=\"twitter:data1\" content=\"1 minute\" \/>\n<script type=\"application\/ld+json\" class=\"yoast-schema-graph\">{\"@context\":\"https:\\\/\\\/schema.org\",\"@graph\":[{\"@type\":\"WebPage\",\"@id\":\"https:\\\/\\\/velvet-med.pt\\\/produto\\\/moviplus-artro-2\\\/\",\"url\":\"https:\\\/\\\/velvet-med.pt\\\/produto\\\/moviplus-artro-2\\\/\",\"name\":\"MOVIPLUS ARTRO - Articula\u00e7\u00f5es e Cartilagens - Velvet Med\",\"isPartOf\":{\"@id\":\"https:\\\/\\\/velvet-med.pt\\\/#website\"},\"primaryImageOfPage\":{\"@id\":\"https:\\\/\\\/velvet-med.pt\\\/produto\\\/moviplus-artro-2\\\/#primaryimage\"},\"image\":{\"@id\":\"https:\\\/\\\/velvet-med.pt\\\/produto\\\/moviplus-artro-2\\\/#primaryimage\"},\"thumbnailUrl\":\"https:\\\/\\\/velvet-med.pt\\\/wp-content\\\/uploads\\\/2021\\\/02\\\/Moviplus-Astro-produto.png\",\"datePublished\":\"2021-05-04T14:35:43+00:00\",\"dateModified\":\"2026-01-20T10:48:42+00:00\",\"description\":\"O Moviplus Artro \u00e9 o aliado perfeito na manuten\u00e7\u00e3o da sua sa\u00fade articular e \u00f3ssea, combate \u00e0 degenera\u00e7\u00e3o das cartilagens e les\u00f5es desportivas. Sem a\u00e7\u00facar.\",\"breadcrumb\":{\"@id\":\"https:\\\/\\\/velvet-med.pt\\\/produto\\\/moviplus-artro-2\\\/#breadcrumb\"},\"inLanguage\":\"fr-FR\",\"potentialAction\":[{\"@type\":\"ReadAction\",\"target\":[\"https:\\\/\\\/velvet-med.pt\\\/produto\\\/moviplus-artro-2\\\/\"]}]},{\"@type\":\"ImageObject\",\"inLanguage\":\"fr-FR\",\"@id\":\"https:\\\/\\\/velvet-med.pt\\\/produto\\\/moviplus-artro-2\\\/#primaryimage\",\"url\":\"https:\\\/\\\/velvet-med.pt\\\/wp-content\\\/uploads\\\/2021\\\/02\\\/Moviplus-Astro-produto.png\",\"contentUrl\":\"https:\\\/\\\/velvet-med.pt\\\/wp-content\\\/uploads\\\/2021\\\/02\\\/Moviplus-Astro-produto.png\",\"width\":1080,\"height\":1080,\"caption\":\"Mobilidade e flexibilidade\"},{\"@type\":\"BreadcrumbList\",\"@id\":\"https:\\\/\\\/velvet-med.pt\\\/produto\\\/moviplus-artro-2\\\/#breadcrumb\",\"itemListElement\":[{\"@type\":\"ListItem\",\"position\":1,\"name\":\"Home\",\"item\":\"https:\\\/\\\/velvet-med.pt\\\/\"},{\"@type\":\"ListItem\",\"position\":2,\"name\":\"Loja\",\"item\":\"https:\\\/\\\/velvet-med.pt\\\/loja\\\/\"},{\"@type\":\"ListItem\",\"position\":3,\"name\":\"MOVIPLUS ARTRO &#8211; Articula\u00e7\u00f5es e Cartilagens\"}]},{\"@type\":\"WebSite\",\"@id\":\"https:\\\/\\\/velvet-med.pt\\\/#website\",\"url\":\"https:\\\/\\\/velvet-med.pt\\\/\",\"name\":\"Velvet Med\",\"description\":\"Healthcare Solutions | Choose a Healthier Life\",\"potentialAction\":[{\"@type\":\"SearchAction\",\"target\":{\"@type\":\"EntryPoint\",\"urlTemplate\":\"https:\\\/\\\/velvet-med.pt\\\/?s={search_term_string}\"},\"query-input\":{\"@type\":\"PropertyValueSpecification\",\"valueRequired\":true,\"valueName\":\"search_term_string\"}}],\"inLanguage\":\"fr-FR\"}]}<\/script>\n<!-- \/ Yoast SEO plugin. -->","yoast_head_json":{"title":"MOVIPLUS ARTRO - Articula\u00e7\u00f5es e Cartilagens - Velvet Med","description":"O Moviplus Artro \u00e9 o aliado perfeito na manuten\u00e7\u00e3o da sua sa\u00fade articular e \u00f3ssea, combate \u00e0 degenera\u00e7\u00e3o das cartilagens e les\u00f5es desportivas. Sem a\u00e7\u00facar.","robots":{"index":"index","follow":"follow","max-snippet":"max-snippet:-1","max-image-preview":"max-image-preview:large","max-video-preview":"max-video-preview:-1"},"canonical":"https:\/\/velvet-med.pt\/fr\/produit\/moviplus-artro-2\/","og_locale":"fr_FR","og_type":"article","og_title":"MOVIPLUS ARTRO - Articula\u00e7\u00f5es e Cartilagens - Velvet Med","og_description":"O Moviplus Artro \u00e9 o aliado perfeito na manuten\u00e7\u00e3o da sua sa\u00fade articular e \u00f3ssea, combate \u00e0 degenera\u00e7\u00e3o das cartilagens e les\u00f5es desportivas. Sem a\u00e7\u00facar.","og_url":"https:\/\/velvet-med.pt\/fr\/produit\/moviplus-artro-2\/","og_site_name":"Velvet Med","article_modified_time":"2026-01-20T10:48:42+00:00","og_image":[{"width":1080,"height":1080,"url":"https:\/\/velvet-med.pt\/wp-content\/uploads\/2021\/02\/Moviplus-Astro-produto.png","type":"image\/png"}],"twitter_card":"summary_large_image","twitter_misc":{"Dur\u00e9e de lecture estim\u00e9e":"1 minute"},"schema":{"@context":"https:\/\/schema.org","@graph":[{"@type":"WebPage","@id":"https:\/\/velvet-med.pt\/produto\/moviplus-artro-2\/","url":"https:\/\/velvet-med.pt\/produto\/moviplus-artro-2\/","name":"MOVIPLUS ARTRO - Articula\u00e7\u00f5es e Cartilagens - Velvet Med","isPartOf":{"@id":"https:\/\/velvet-med.pt\/#website"},"primaryImageOfPage":{"@id":"https:\/\/velvet-med.pt\/produto\/moviplus-artro-2\/#primaryimage"},"image":{"@id":"https:\/\/velvet-med.pt\/produto\/moviplus-artro-2\/#primaryimage"},"thumbnailUrl":"https:\/\/velvet-med.pt\/wp-content\/uploads\/2021\/02\/Moviplus-Astro-produto.png","datePublished":"2021-05-04T14:35:43+00:00","dateModified":"2026-01-20T10:48:42+00:00","description":"O Moviplus Artro \u00e9 o aliado perfeito na manuten\u00e7\u00e3o da sua sa\u00fade articular e \u00f3ssea, combate \u00e0 degenera\u00e7\u00e3o das cartilagens e les\u00f5es desportivas. Sem a\u00e7\u00facar.","breadcrumb":{"@id":"https:\/\/velvet-med.pt\/produto\/moviplus-artro-2\/#breadcrumb"},"inLanguage":"fr-FR","potentialAction":[{"@type":"ReadAction","target":["https:\/\/velvet-med.pt\/produto\/moviplus-artro-2\/"]}]},{"@type":"ImageObject","inLanguage":"fr-FR","@id":"https:\/\/velvet-med.pt\/produto\/moviplus-artro-2\/#primaryimage","url":"https:\/\/velvet-med.pt\/wp-content\/uploads\/2021\/02\/Moviplus-Astro-produto.png","contentUrl":"https:\/\/velvet-med.pt\/wp-content\/uploads\/2021\/02\/Moviplus-Astro-produto.png","width":1080,"height":1080,"caption":"Mobilidade e flexibilidade"},{"@type":"BreadcrumbList","@id":"https:\/\/velvet-med.pt\/produto\/moviplus-artro-2\/#breadcrumb","itemListElement":[{"@type":"ListItem","position":1,"name":"Home","item":"https:\/\/velvet-med.pt\/"},{"@type":"ListItem","position":2,"name":"Loja","item":"https:\/\/velvet-med.pt\/loja\/"},{"@type":"ListItem","position":3,"name":"MOVIPLUS ARTRO &#8211; Articula\u00e7\u00f5es e Cartilagens"}]},{"@type":"WebSite","@id":"https:\/\/velvet-med.pt\/#website","url":"https:\/\/velvet-med.pt\/","name":"Velvet Med","description":"Healthcare Solutions | Choose a Healthier Life","potentialAction":[{"@type":"SearchAction","target":{"@type":"EntryPoint","urlTemplate":"https:\/\/velvet-med.pt\/?s={search_term_string}"},"query-input":{"@type":"PropertyValueSpecification","valueRequired":true,"valueName":"search_term_string"}}],"inLanguage":"fr-FR"}]}},"_links":{"self":[{"href":"https:\/\/velvet-med.pt\/fr\/wp-json\/wp\/v2\/product\/7757","targetHints":{"allow":["GET"]}}],"collection":[{"href":"https:\/\/velvet-med.pt\/fr\/wp-json\/wp\/v2\/product"}],"about":[{"href":"https:\/\/velvet-med.pt\/fr\/wp-json\/wp\/v2\/types\/product"}],"wp:featuredmedia":[{"embeddable":true,"href":"https:\/\/velvet-med.pt\/fr\/wp-json\/wp\/v2\/media\/7286"}],"wp:attachment":[{"href":"https:\/\/velvet-med.pt\/fr\/wp-json\/wp\/v2\/media?parent=7757"}],"wp:term":[{"taxonomy":"product_brand","embeddable":true,"href":"https:\/\/velvet-med.pt\/fr\/wp-json\/wp\/v2\/product_brand?post=7757"},{"taxonomy":"product_cat","embeddable":true,"href":"https:\/\/velvet-med.pt\/fr\/wp-json\/wp\/v2\/product_cat?post=7757"},{"taxonomy":"product_tag","embeddable":true,"href":"https:\/\/velvet-med.pt\/fr\/wp-json\/wp\/v2\/product_tag?post=7757"}],"curies":[{"name":"wp","href":"https:\/\/api.w.org\/{rel}","templated":true}]}}