{"id":7763,"date":"2021-05-04T14:35:43","date_gmt":"2021-05-04T14:35:43","guid":{"rendered":"https:\/\/velvet-med.pt\/?post_type=product&#038;p=7763"},"modified":"2026-03-30T15:14:57","modified_gmt":"2026-03-30T15:14:57","slug":"complexo-b-forte-2","status":"publish","type":"product","link":"https:\/\/velvet-med.pt\/fr\/produit\/complexo-b-forte-2\/","title":{"rendered":"COMPLEXO B Forte comprim\u00e9s effervescents"},"content":{"rendered":"<h1><span class=\"s2\">Com Vitaminas do Complexo B<\/span><\/h1>\n<p><span class=\"s2\">Complexo B Forte Comprimidos Efervescentes possui com um elevado valor energ\u00e9tico. Pode contar com ele em casos de falta de apetite, falta de energia, cansa\u00e7o e fadiga. \u00c9 um \u00f3timo aliado na melhoria do desempenho cognitivo e mental, aftas e manuten\u00e7\u00e3o das mucosas e sistema imunit\u00e1rio.<\/span><\/p>\n<ul>\n<li style=\"list-style-type: none;\">\n<ul class=\"ul1\">\n<li class=\"li1\"><span class=\"s2\">Cont\u00e9m as Vitaminas B1, B2, B3, B5, B6, B7, B9 e B12.<\/span><\/li>\n<li class=\"li1\"><span class=\"s2\">As Vitaminas B2, B3, B5, B6, B9 e B12 contribuem para a redu\u00e7\u00e3o do cansa\u00e7o e da fadiga.<\/span><\/li>\n<li class=\"li1\"><span class=\"s2\">As Vitaminas B1, B2, B3, B5, B6, B7 e B12 contribuem para o normal metabolismo produtor de energia.<\/span><\/li>\n<li class=\"li1\"><span class=\"s2\">A Vitamina B5 contribui para um desempenho mental normal.<\/span><\/li>\n<li class=\"li1\"><span class=\"s2\">As Vitaminas B1, B2, B3, B6 e B7 contribuem para o normal funcionamento do sistema nervoso.<\/span><\/li>\n<li class=\"li1\"><span class=\"s2\">Les vitamines B1, B3, B6, B7, B9 et B12 contribuent \u00e0 une fonction psychologique normale. <\/span><\/li>\n<li class=\"li1\"><span class=\"s2\">As Vitaminas B2, B3 e B7 contribuem para a manuten\u00e7\u00e3o de mucosas normais.<\/span><\/li>\n<li class=\"li1\"><span class=\"s2\">As Vitaminas B6, B9 e B12 contribuem para o normal funcionamento do sistema imunit\u00e1rio.<\/span><\/li>\n<li class=\"li1\"><span class=\"s2\">Pode contar com ele principalmente quando precisa de um <strong>boost de energia<\/strong>.<\/span><\/li>\n<li class=\"li1\"><span class=\"s2\">Sem a\u00e7\u00facar.<\/span><\/li>\n<li class=\"li1\"><span class=\"s2\">Sabor a ma\u00e7\u00e3 verde.<\/span><\/li>\n<li class=\"li1\"><span class=\"s2\">A partir dos 12 anos de idade.<\/span><\/li>\n<\/ul>\n<\/li>\n<\/ul>","protected":false},"excerpt":{"rendered":"<p><strong>20 Comprimidos Efervescentes, Sem A\u00e7\u00facar<\/strong><\/p>\n<h4><span class=\"s1\">Indications:<\/span><\/h4>\n<ul>\n<li><span class=\"s1\">Fatigue et asth\u00e9nie physique\/mentale<\/span><\/li>\n<li><span class=\"s1\">Aphtes et autres alt\u00e9rations des muqueuses<\/span><\/li>\n<li><span class=\"s1\">Manque d'app\u00e9tit<\/span><\/li>\n<li><span class=\"s1\">Syst\u00e8me immunitaire affaibli<\/span><\/li>\n<\/ul>","protected":false},"featured_media":8130,"template":"","meta":{"inline_featured_image":false},"product_brand":[],"product_cat":[68],"product_tag":[],"class_list":{"0":"post-7763","1":"product","2":"type-product","3":"status-publish","4":"has-post-thumbnail","6":"product_cat-vitaminas-e-minerais","8":"first","9":"instock","10":"shipping-taxable","11":"purchasable","12":"product-type-simple"},"yoast_head":"<!-- This site is optimized with the Yoast SEO plugin v27.3 - https:\/\/yoast.com\/product\/yoast-seo-wordpress\/ -->\n<title>COMPLEXO B Forte Comprimidos Efervescentes - Velvet Med<\/title>\n<meta name=\"description\" content=\"Complexo B Forte cont\u00e9m as vitaminas B1, B2, B3, B5, B6, B7, B9 e B12. Pode contar com ele principalmente quando precisa de um boost de energia. Sem a\u00e7\u00facar.\" \/>\n<meta name=\"robots\" content=\"index, follow, max-snippet:-1, max-image-preview:large, max-video-preview:-1\" \/>\n<link rel=\"canonical\" href=\"https:\/\/velvet-med.pt\/fr\/produit\/complexo-b-forte-2\/\" \/>\n<meta property=\"og:locale\" content=\"fr_FR\" \/>\n<meta property=\"og:type\" content=\"article\" \/>\n<meta property=\"og:title\" content=\"COMPLEXO B Forte Comprimidos Efervescentes - Velvet Med\" \/>\n<meta property=\"og:description\" content=\"Complexo B Forte cont\u00e9m as vitaminas B1, B2, B3, B5, B6, B7, B9 e B12. Pode contar com ele principalmente quando precisa de um boost de energia. Sem a\u00e7\u00facar.\" \/>\n<meta property=\"og:url\" content=\"https:\/\/velvet-med.pt\/fr\/produit\/complexo-b-forte-2\/\" \/>\n<meta property=\"og:site_name\" content=\"Velvet Med\" \/>\n<meta property=\"article:modified_time\" content=\"2026-03-30T15:14:57+00:00\" \/>\n<meta property=\"og:image\" content=\"https:\/\/velvet-med.pt\/wp-content\/uploads\/2021\/07\/Comp-B-Forte-produto1b.png\" \/>\n\t<meta property=\"og:image:width\" content=\"1080\" \/>\n\t<meta property=\"og:image:height\" content=\"1080\" \/>\n\t<meta property=\"og:image:type\" content=\"image\/png\" \/>\n<meta name=\"twitter:card\" content=\"summary_large_image\" \/>\n<meta name=\"twitter:label1\" content=\"Dur\u00e9e de lecture estim\u00e9e\" \/>\n\t<meta name=\"twitter:data1\" content=\"2 minutes\" \/>\n<script type=\"application\/ld+json\" class=\"yoast-schema-graph\">{\"@context\":\"https:\\\/\\\/schema.org\",\"@graph\":[{\"@type\":\"WebPage\",\"@id\":\"https:\\\/\\\/velvet-med.pt\\\/produto\\\/complexo-b-forte-2\\\/\",\"url\":\"https:\\\/\\\/velvet-med.pt\\\/produto\\\/complexo-b-forte-2\\\/\",\"name\":\"COMPLEXO B Forte Comprimidos Efervescentes - Velvet Med\",\"isPartOf\":{\"@id\":\"https:\\\/\\\/velvet-med.pt\\\/#website\"},\"primaryImageOfPage\":{\"@id\":\"https:\\\/\\\/velvet-med.pt\\\/produto\\\/complexo-b-forte-2\\\/#primaryimage\"},\"image\":{\"@id\":\"https:\\\/\\\/velvet-med.pt\\\/produto\\\/complexo-b-forte-2\\\/#primaryimage\"},\"thumbnailUrl\":\"https:\\\/\\\/velvet-med.pt\\\/wp-content\\\/uploads\\\/2021\\\/07\\\/Comp-B-Forte-produto1b.png\",\"datePublished\":\"2021-05-04T14:35:43+00:00\",\"dateModified\":\"2026-03-30T15:14:57+00:00\",\"description\":\"Complexo B Forte cont\u00e9m as vitaminas B1, B2, B3, B5, B6, B7, B9 e B12. Pode contar com ele principalmente quando precisa de um boost de energia. Sem a\u00e7\u00facar.\",\"breadcrumb\":{\"@id\":\"https:\\\/\\\/velvet-med.pt\\\/produto\\\/complexo-b-forte-2\\\/#breadcrumb\"},\"inLanguage\":\"fr-FR\",\"potentialAction\":[{\"@type\":\"ReadAction\",\"target\":[\"https:\\\/\\\/velvet-med.pt\\\/produto\\\/complexo-b-forte-2\\\/\"]}]},{\"@type\":\"ImageObject\",\"inLanguage\":\"fr-FR\",\"@id\":\"https:\\\/\\\/velvet-med.pt\\\/produto\\\/complexo-b-forte-2\\\/#primaryimage\",\"url\":\"https:\\\/\\\/velvet-med.pt\\\/wp-content\\\/uploads\\\/2021\\\/07\\\/Comp-B-Forte-produto1b.png\",\"contentUrl\":\"https:\\\/\\\/velvet-med.pt\\\/wp-content\\\/uploads\\\/2021\\\/07\\\/Comp-B-Forte-produto1b.png\",\"width\":1080,\"height\":1080,\"caption\":\"Energia pura\"},{\"@type\":\"BreadcrumbList\",\"@id\":\"https:\\\/\\\/velvet-med.pt\\\/produto\\\/complexo-b-forte-2\\\/#breadcrumb\",\"itemListElement\":[{\"@type\":\"ListItem\",\"position\":1,\"name\":\"Home\",\"item\":\"https:\\\/\\\/velvet-med.pt\\\/\"},{\"@type\":\"ListItem\",\"position\":2,\"name\":\"Loja\",\"item\":\"https:\\\/\\\/velvet-med.pt\\\/loja\\\/\"},{\"@type\":\"ListItem\",\"position\":3,\"name\":\"COMPLEXO B Forte Comprimidos Efervescentes\"}]},{\"@type\":\"WebSite\",\"@id\":\"https:\\\/\\\/velvet-med.pt\\\/#website\",\"url\":\"https:\\\/\\\/velvet-med.pt\\\/\",\"name\":\"Velvet Med\",\"description\":\"Healthcare Solutions | Choose a Healthier Life\",\"potentialAction\":[{\"@type\":\"SearchAction\",\"target\":{\"@type\":\"EntryPoint\",\"urlTemplate\":\"https:\\\/\\\/velvet-med.pt\\\/?s={search_term_string}\"},\"query-input\":{\"@type\":\"PropertyValueSpecification\",\"valueRequired\":true,\"valueName\":\"search_term_string\"}}],\"inLanguage\":\"fr-FR\"}]}<\/script>\n<!-- \/ Yoast SEO plugin. -->","yoast_head_json":{"title":"COMPLEXO B Forte Comprimidos Efervescentes - Velvet Med","description":"Complexo B Forte cont\u00e9m as vitaminas B1, B2, B3, B5, B6, B7, B9 e B12. Pode contar com ele principalmente quando precisa de um boost de energia. Sem a\u00e7\u00facar.","robots":{"index":"index","follow":"follow","max-snippet":"max-snippet:-1","max-image-preview":"max-image-preview:large","max-video-preview":"max-video-preview:-1"},"canonical":"https:\/\/velvet-med.pt\/fr\/produit\/complexo-b-forte-2\/","og_locale":"fr_FR","og_type":"article","og_title":"COMPLEXO B Forte Comprimidos Efervescentes - Velvet Med","og_description":"Complexo B Forte cont\u00e9m as vitaminas B1, B2, B3, B5, B6, B7, B9 e B12. Pode contar com ele principalmente quando precisa de um boost de energia. Sem a\u00e7\u00facar.","og_url":"https:\/\/velvet-med.pt\/fr\/produit\/complexo-b-forte-2\/","og_site_name":"Velvet Med","article_modified_time":"2026-03-30T15:14:57+00:00","og_image":[{"width":1080,"height":1080,"url":"https:\/\/velvet-med.pt\/wp-content\/uploads\/2021\/07\/Comp-B-Forte-produto1b.png","type":"image\/png"}],"twitter_card":"summary_large_image","twitter_misc":{"Dur\u00e9e de lecture estim\u00e9e":"2 minutes"},"schema":{"@context":"https:\/\/schema.org","@graph":[{"@type":"WebPage","@id":"https:\/\/velvet-med.pt\/produto\/complexo-b-forte-2\/","url":"https:\/\/velvet-med.pt\/produto\/complexo-b-forte-2\/","name":"COMPLEXO B Forte Comprimidos Efervescentes - Velvet Med","isPartOf":{"@id":"https:\/\/velvet-med.pt\/#website"},"primaryImageOfPage":{"@id":"https:\/\/velvet-med.pt\/produto\/complexo-b-forte-2\/#primaryimage"},"image":{"@id":"https:\/\/velvet-med.pt\/produto\/complexo-b-forte-2\/#primaryimage"},"thumbnailUrl":"https:\/\/velvet-med.pt\/wp-content\/uploads\/2021\/07\/Comp-B-Forte-produto1b.png","datePublished":"2021-05-04T14:35:43+00:00","dateModified":"2026-03-30T15:14:57+00:00","description":"Complexo B Forte cont\u00e9m as vitaminas B1, B2, B3, B5, B6, B7, B9 e B12. Pode contar com ele principalmente quando precisa de um boost de energia. Sem a\u00e7\u00facar.","breadcrumb":{"@id":"https:\/\/velvet-med.pt\/produto\/complexo-b-forte-2\/#breadcrumb"},"inLanguage":"fr-FR","potentialAction":[{"@type":"ReadAction","target":["https:\/\/velvet-med.pt\/produto\/complexo-b-forte-2\/"]}]},{"@type":"ImageObject","inLanguage":"fr-FR","@id":"https:\/\/velvet-med.pt\/produto\/complexo-b-forte-2\/#primaryimage","url":"https:\/\/velvet-med.pt\/wp-content\/uploads\/2021\/07\/Comp-B-Forte-produto1b.png","contentUrl":"https:\/\/velvet-med.pt\/wp-content\/uploads\/2021\/07\/Comp-B-Forte-produto1b.png","width":1080,"height":1080,"caption":"Energia pura"},{"@type":"BreadcrumbList","@id":"https:\/\/velvet-med.pt\/produto\/complexo-b-forte-2\/#breadcrumb","itemListElement":[{"@type":"ListItem","position":1,"name":"Home","item":"https:\/\/velvet-med.pt\/"},{"@type":"ListItem","position":2,"name":"Loja","item":"https:\/\/velvet-med.pt\/loja\/"},{"@type":"ListItem","position":3,"name":"COMPLEXO B Forte Comprimidos Efervescentes"}]},{"@type":"WebSite","@id":"https:\/\/velvet-med.pt\/#website","url":"https:\/\/velvet-med.pt\/","name":"Velvet Med","description":"Healthcare Solutions | Choose a Healthier Life","potentialAction":[{"@type":"SearchAction","target":{"@type":"EntryPoint","urlTemplate":"https:\/\/velvet-med.pt\/?s={search_term_string}"},"query-input":{"@type":"PropertyValueSpecification","valueRequired":true,"valueName":"search_term_string"}}],"inLanguage":"fr-FR"}]}},"_links":{"self":[{"href":"https:\/\/velvet-med.pt\/fr\/wp-json\/wp\/v2\/product\/7763","targetHints":{"allow":["GET"]}}],"collection":[{"href":"https:\/\/velvet-med.pt\/fr\/wp-json\/wp\/v2\/product"}],"about":[{"href":"https:\/\/velvet-med.pt\/fr\/wp-json\/wp\/v2\/types\/product"}],"wp:featuredmedia":[{"embeddable":true,"href":"https:\/\/velvet-med.pt\/fr\/wp-json\/wp\/v2\/media\/8130"}],"wp:attachment":[{"href":"https:\/\/velvet-med.pt\/fr\/wp-json\/wp\/v2\/media?parent=7763"}],"wp:term":[{"taxonomy":"product_brand","embeddable":true,"href":"https:\/\/velvet-med.pt\/fr\/wp-json\/wp\/v2\/product_brand?post=7763"},{"taxonomy":"product_cat","embeddable":true,"href":"https:\/\/velvet-med.pt\/fr\/wp-json\/wp\/v2\/product_cat?post=7763"},{"taxonomy":"product_tag","embeddable":true,"href":"https:\/\/velvet-med.pt\/fr\/wp-json\/wp\/v2\/product_tag?post=7763"}],"curies":[{"name":"wp","href":"https:\/\/api.w.org\/{rel}","templated":true}]}}