{"id":7765,"date":"2021-05-04T14:35:44","date_gmt":"2021-05-04T14:35:44","guid":{"rendered":"https:\/\/velvet-med.pt\/?post_type=product&#038;p=7765"},"modified":"2026-01-20T11:10:23","modified_gmt":"2026-01-20T11:10:23","slug":"velvita-c-gotas-orais","status":"publish","type":"product","link":"https:\/\/velvet-med.pt\/fr\/produit\/velvita-c-gotas-orais\/","title":{"rendered":"VELVITA C Gotas Orais &#8211; Vitamina C"},"content":{"rendered":"<h1><span class=\"s2\">Fonte de Vitamina C<\/span><\/h1>\n<p><span class=\"s2\">Velvita C Gotas Orais tem sabor a laranja e n\u00e3o cont\u00e9m a\u00e7\u00facar.\u00a0<\/span><\/p>\n<ul class=\"ul1\">\n<li>A partir dos 12 anos de idade.<\/li>\n<\/ul>\n<p><span class=\"s2\">A <a href=\"https:\/\/velvet-med.pt\/fr\/vitamina-c\/\">Vitamina C<\/a>\u00a0tem diferentes fun\u00e7\u00f5es, todas elas fundamentais para o seu bem-estar:<\/span><\/p>\n<ul>\n<li style=\"list-style-type: none;\">\n<ul class=\"ul1\">\n<li class=\"li1\"><span class=\"s2\">Contribui para o normal funcionamento do sistema imunit\u00e1rio, da fun\u00e7\u00e3o psicol\u00f3gica e do sistema nervoso. Para al\u00e9m disso tamb\u00e9m \u00e9 fundamental na prote\u00e7\u00e3o das c\u00e9lulas contra as oxida\u00e7\u00f5es indesej\u00e1veis, para a redu\u00e7\u00e3o do cansa\u00e7o e da fadiga e para o normal metabolismo produtor de energia.<\/span><\/li>\n<li>Aumenta a absor\u00e7\u00e3o de ferro (principalmente relevante em situa\u00e7\u00f5es como anemia, por exemplo).<\/li>\n<li>Importante para a s\u00edntese de colag\u00e9nio e repara\u00e7\u00e3o dos tecidos.<\/li>\n<\/ul>\n<\/li>\n<\/ul>","protected":false},"excerpt":{"rendered":"<p><span class=\"s1\"><b>20 ml de Gotas Orais, Sem A\u00e7\u00facar<\/b><\/span><\/p>\n<h4><span class=\"s2\">Indications:<\/span><\/h4>\n<ul>\n<li><span class=\"s2\">Renforcement du syst\u00e8me immunitaire<\/span><\/li>\n<li><span class=\"s2\">Carences en vitamine C<\/span><\/li>\n<li><span class=\"s2\">Compl\u00e9ment de traitements avec du fer et des produits pour la r\u00e9cup\u00e9ration articulaire<\/span><\/li>\n<\/ul>","protected":false},"featured_media":7575,"template":"","meta":{"inline_featured_image":false},"product_brand":[],"product_cat":[129,72],"product_tag":[],"class_list":{"0":"post-7765","1":"product","2":"type-product","3":"status-publish","4":"has-post-thumbnail","6":"product_cat-inverno","7":"product_cat-sistema-imunitario","9":"first","10":"instock","11":"shipping-taxable","12":"purchasable","13":"product-type-simple"},"yoast_head":"<!-- This site is optimized with the Yoast SEO plugin v27.3 - https:\/\/yoast.com\/product\/yoast-seo-wordpress\/ -->\n<title>VELVITA C Gotas Orais - Vitamina C - Velvet Med<\/title>\n<meta name=\"description\" content=\"Velvita C Gotas Orais \u00e9 usado no refor\u00e7o do sistema imunit\u00e1rio, em infe\u00e7\u00f5es urin\u00e1rias, repara\u00e7\u00e3o dos tecidos ou aumento da absor\u00e7\u00e3o de ferro. Sem a\u00e7\u00facar.\" \/>\n<meta name=\"robots\" content=\"index, follow, max-snippet:-1, max-image-preview:large, max-video-preview:-1\" \/>\n<link rel=\"canonical\" href=\"https:\/\/velvet-med.pt\/fr\/produit\/velvita-c-gotas-orais\/\" \/>\n<meta property=\"og:locale\" content=\"fr_FR\" \/>\n<meta property=\"og:type\" content=\"article\" \/>\n<meta property=\"og:title\" content=\"VELVITA C Gotas Orais - Vitamina C - Velvet Med\" \/>\n<meta property=\"og:description\" content=\"Velvita C Gotas Orais \u00e9 usado no refor\u00e7o do sistema imunit\u00e1rio, em infe\u00e7\u00f5es urin\u00e1rias, repara\u00e7\u00e3o dos tecidos ou aumento da absor\u00e7\u00e3o de ferro. Sem a\u00e7\u00facar.\" \/>\n<meta property=\"og:url\" content=\"https:\/\/velvet-med.pt\/fr\/produit\/velvita-c-gotas-orais\/\" \/>\n<meta property=\"og:site_name\" content=\"Velvet Med\" \/>\n<meta property=\"article:modified_time\" content=\"2026-01-20T11:10:23+00:00\" \/>\n<meta property=\"og:image\" content=\"https:\/\/velvet-med.pt\/wp-content\/uploads\/2021\/03\/VelvitaC_Gts.jpg\" \/>\n\t<meta property=\"og:image:width\" content=\"1080\" \/>\n\t<meta property=\"og:image:height\" content=\"1080\" \/>\n\t<meta property=\"og:image:type\" content=\"image\/jpeg\" \/>\n<meta name=\"twitter:card\" content=\"summary_large_image\" \/>\n<meta name=\"twitter:label1\" content=\"Dur\u00e9e de lecture estim\u00e9e\" \/>\n\t<meta name=\"twitter:data1\" content=\"1 minute\" \/>\n<script type=\"application\/ld+json\" class=\"yoast-schema-graph\">{\"@context\":\"https:\\\/\\\/schema.org\",\"@graph\":[{\"@type\":\"WebPage\",\"@id\":\"https:\\\/\\\/velvet-med.pt\\\/produto\\\/velvita-c-gotas-orais\\\/\",\"url\":\"https:\\\/\\\/velvet-med.pt\\\/produto\\\/velvita-c-gotas-orais\\\/\",\"name\":\"VELVITA C Gotas Orais - Vitamina C - Velvet Med\",\"isPartOf\":{\"@id\":\"https:\\\/\\\/velvet-med.pt\\\/#website\"},\"primaryImageOfPage\":{\"@id\":\"https:\\\/\\\/velvet-med.pt\\\/produto\\\/velvita-c-gotas-orais\\\/#primaryimage\"},\"image\":{\"@id\":\"https:\\\/\\\/velvet-med.pt\\\/produto\\\/velvita-c-gotas-orais\\\/#primaryimage\"},\"thumbnailUrl\":\"https:\\\/\\\/velvet-med.pt\\\/wp-content\\\/uploads\\\/2021\\\/03\\\/VelvitaC_Gts.jpg\",\"datePublished\":\"2021-05-04T14:35:44+00:00\",\"dateModified\":\"2026-01-20T11:10:23+00:00\",\"description\":\"Velvita C Gotas Orais \u00e9 usado no refor\u00e7o do sistema imunit\u00e1rio, em infe\u00e7\u00f5es urin\u00e1rias, repara\u00e7\u00e3o dos tecidos ou aumento da absor\u00e7\u00e3o de ferro. Sem a\u00e7\u00facar.\",\"breadcrumb\":{\"@id\":\"https:\\\/\\\/velvet-med.pt\\\/produto\\\/velvita-c-gotas-orais\\\/#breadcrumb\"},\"inLanguage\":\"fr-FR\",\"potentialAction\":[{\"@type\":\"ReadAction\",\"target\":[\"https:\\\/\\\/velvet-med.pt\\\/produto\\\/velvita-c-gotas-orais\\\/\"]}]},{\"@type\":\"ImageObject\",\"inLanguage\":\"fr-FR\",\"@id\":\"https:\\\/\\\/velvet-med.pt\\\/produto\\\/velvita-c-gotas-orais\\\/#primaryimage\",\"url\":\"https:\\\/\\\/velvet-med.pt\\\/wp-content\\\/uploads\\\/2021\\\/03\\\/VelvitaC_Gts.jpg\",\"contentUrl\":\"https:\\\/\\\/velvet-med.pt\\\/wp-content\\\/uploads\\\/2021\\\/03\\\/VelvitaC_Gts.jpg\",\"width\":1080,\"height\":1080,\"caption\":\"Vitamina C\"},{\"@type\":\"BreadcrumbList\",\"@id\":\"https:\\\/\\\/velvet-med.pt\\\/produto\\\/velvita-c-gotas-orais\\\/#breadcrumb\",\"itemListElement\":[{\"@type\":\"ListItem\",\"position\":1,\"name\":\"Home\",\"item\":\"https:\\\/\\\/velvet-med.pt\\\/\"},{\"@type\":\"ListItem\",\"position\":2,\"name\":\"Loja\",\"item\":\"https:\\\/\\\/velvet-med.pt\\\/loja\\\/\"},{\"@type\":\"ListItem\",\"position\":3,\"name\":\"VELVITA C Gotas Orais &#8211; Vitamina C\"}]},{\"@type\":\"WebSite\",\"@id\":\"https:\\\/\\\/velvet-med.pt\\\/#website\",\"url\":\"https:\\\/\\\/velvet-med.pt\\\/\",\"name\":\"Velvet Med\",\"description\":\"Healthcare Solutions | Choose a Healthier Life\",\"potentialAction\":[{\"@type\":\"SearchAction\",\"target\":{\"@type\":\"EntryPoint\",\"urlTemplate\":\"https:\\\/\\\/velvet-med.pt\\\/?s={search_term_string}\"},\"query-input\":{\"@type\":\"PropertyValueSpecification\",\"valueRequired\":true,\"valueName\":\"search_term_string\"}}],\"inLanguage\":\"fr-FR\"}]}<\/script>\n<!-- \/ Yoast SEO plugin. -->","yoast_head_json":{"title":"VELVITA C Gotas Orais - Vitamina C - Velvet Med","description":"Velvita C Gotas Orais \u00e9 usado no refor\u00e7o do sistema imunit\u00e1rio, em infe\u00e7\u00f5es urin\u00e1rias, repara\u00e7\u00e3o dos tecidos ou aumento da absor\u00e7\u00e3o de ferro. Sem a\u00e7\u00facar.","robots":{"index":"index","follow":"follow","max-snippet":"max-snippet:-1","max-image-preview":"max-image-preview:large","max-video-preview":"max-video-preview:-1"},"canonical":"https:\/\/velvet-med.pt\/fr\/produit\/velvita-c-gotas-orais\/","og_locale":"fr_FR","og_type":"article","og_title":"VELVITA C Gotas Orais - Vitamina C - Velvet Med","og_description":"Velvita C Gotas Orais \u00e9 usado no refor\u00e7o do sistema imunit\u00e1rio, em infe\u00e7\u00f5es urin\u00e1rias, repara\u00e7\u00e3o dos tecidos ou aumento da absor\u00e7\u00e3o de ferro. Sem a\u00e7\u00facar.","og_url":"https:\/\/velvet-med.pt\/fr\/produit\/velvita-c-gotas-orais\/","og_site_name":"Velvet Med","article_modified_time":"2026-01-20T11:10:23+00:00","og_image":[{"width":1080,"height":1080,"url":"https:\/\/velvet-med.pt\/wp-content\/uploads\/2021\/03\/VelvitaC_Gts.jpg","type":"image\/jpeg"}],"twitter_card":"summary_large_image","twitter_misc":{"Dur\u00e9e de lecture estim\u00e9e":"1 minute"},"schema":{"@context":"https:\/\/schema.org","@graph":[{"@type":"WebPage","@id":"https:\/\/velvet-med.pt\/produto\/velvita-c-gotas-orais\/","url":"https:\/\/velvet-med.pt\/produto\/velvita-c-gotas-orais\/","name":"VELVITA C Gotas Orais - Vitamina C - Velvet Med","isPartOf":{"@id":"https:\/\/velvet-med.pt\/#website"},"primaryImageOfPage":{"@id":"https:\/\/velvet-med.pt\/produto\/velvita-c-gotas-orais\/#primaryimage"},"image":{"@id":"https:\/\/velvet-med.pt\/produto\/velvita-c-gotas-orais\/#primaryimage"},"thumbnailUrl":"https:\/\/velvet-med.pt\/wp-content\/uploads\/2021\/03\/VelvitaC_Gts.jpg","datePublished":"2021-05-04T14:35:44+00:00","dateModified":"2026-01-20T11:10:23+00:00","description":"Velvita C Gotas Orais \u00e9 usado no refor\u00e7o do sistema imunit\u00e1rio, em infe\u00e7\u00f5es urin\u00e1rias, repara\u00e7\u00e3o dos tecidos ou aumento da absor\u00e7\u00e3o de ferro. Sem a\u00e7\u00facar.","breadcrumb":{"@id":"https:\/\/velvet-med.pt\/produto\/velvita-c-gotas-orais\/#breadcrumb"},"inLanguage":"fr-FR","potentialAction":[{"@type":"ReadAction","target":["https:\/\/velvet-med.pt\/produto\/velvita-c-gotas-orais\/"]}]},{"@type":"ImageObject","inLanguage":"fr-FR","@id":"https:\/\/velvet-med.pt\/produto\/velvita-c-gotas-orais\/#primaryimage","url":"https:\/\/velvet-med.pt\/wp-content\/uploads\/2021\/03\/VelvitaC_Gts.jpg","contentUrl":"https:\/\/velvet-med.pt\/wp-content\/uploads\/2021\/03\/VelvitaC_Gts.jpg","width":1080,"height":1080,"caption":"Vitamina C"},{"@type":"BreadcrumbList","@id":"https:\/\/velvet-med.pt\/produto\/velvita-c-gotas-orais\/#breadcrumb","itemListElement":[{"@type":"ListItem","position":1,"name":"Home","item":"https:\/\/velvet-med.pt\/"},{"@type":"ListItem","position":2,"name":"Loja","item":"https:\/\/velvet-med.pt\/loja\/"},{"@type":"ListItem","position":3,"name":"VELVITA C Gotas Orais &#8211; Vitamina C"}]},{"@type":"WebSite","@id":"https:\/\/velvet-med.pt\/#website","url":"https:\/\/velvet-med.pt\/","name":"Velvet Med","description":"Healthcare Solutions | Choose a Healthier Life","potentialAction":[{"@type":"SearchAction","target":{"@type":"EntryPoint","urlTemplate":"https:\/\/velvet-med.pt\/?s={search_term_string}"},"query-input":{"@type":"PropertyValueSpecification","valueRequired":true,"valueName":"search_term_string"}}],"inLanguage":"fr-FR"}]}},"_links":{"self":[{"href":"https:\/\/velvet-med.pt\/fr\/wp-json\/wp\/v2\/product\/7765","targetHints":{"allow":["GET"]}}],"collection":[{"href":"https:\/\/velvet-med.pt\/fr\/wp-json\/wp\/v2\/product"}],"about":[{"href":"https:\/\/velvet-med.pt\/fr\/wp-json\/wp\/v2\/types\/product"}],"wp:featuredmedia":[{"embeddable":true,"href":"https:\/\/velvet-med.pt\/fr\/wp-json\/wp\/v2\/media\/7575"}],"wp:attachment":[{"href":"https:\/\/velvet-med.pt\/fr\/wp-json\/wp\/v2\/media?parent=7765"}],"wp:term":[{"taxonomy":"product_brand","embeddable":true,"href":"https:\/\/velvet-med.pt\/fr\/wp-json\/wp\/v2\/product_brand?post=7765"},{"taxonomy":"product_cat","embeddable":true,"href":"https:\/\/velvet-med.pt\/fr\/wp-json\/wp\/v2\/product_cat?post=7765"},{"taxonomy":"product_tag","embeddable":true,"href":"https:\/\/velvet-med.pt\/fr\/wp-json\/wp\/v2\/product_tag?post=7765"}],"curies":[{"name":"wp","href":"https:\/\/api.w.org\/{rel}","templated":true}]}}