{"id":7768,"date":"2021-05-04T14:35:44","date_gmt":"2021-05-04T14:35:44","guid":{"rendered":"https:\/\/velvet-med.pt\/?post_type=product&#038;p=7768"},"modified":"2025-10-30T23:45:08","modified_gmt":"2025-10-30T23:45:08","slug":"velderma-sabonete-de-enxofre-2","status":"publish","type":"product","link":"https:\/\/velvet-med.pt\/fr\/produit\/velderma-sabonete-de-enxofre-2\/","title":{"rendered":"VELDERMA Savon au soufre"},"content":{"rendered":"<h1>Sabonete de enxofre<\/h1>\n<p>Le soufre a des propri\u00e9t\u00e9s antimicrobiennes et r\u00e9gulatrices de s\u00e9bum. Savon de nettoyage qui agit comme d\u00e9sinfectant et purificateur de la peau.<\/p>","protected":false},"excerpt":{"rendered":"<p><span class=\"s1\"><b>90 g<\/b><\/span><\/p>\n<h4>Indications:<\/h4>\n<ul>\n<li>Dermatite s\u00e9borrh\u00e9ique<\/li>\n<li>Acn\u00e9<\/li>\n<li>Gale<\/li>\n<li>Ecz\u00e9ma et autres irritations<\/li>\n<\/ul>","protected":false},"featured_media":7538,"template":"","meta":{"inline_featured_image":false},"product_brand":[],"product_cat":[79],"product_tag":[],"class_list":{"0":"post-7768","1":"product","2":"type-product","3":"status-publish","4":"has-post-thumbnail","6":"product_cat-cosmetica","8":"first","9":"instock","10":"shipping-taxable","11":"purchasable","12":"product-type-simple"},"yoast_head":"<!-- This site is optimized with the Yoast SEO plugin v27.3 - https:\/\/yoast.com\/product\/yoast-seo-wordpress\/ -->\n<title>VELDERMA Sabonete de Enxofre - Velvet Med<\/title>\n<meta name=\"description\" content=\"Velderma Sabonete de enxofre \u00e9 um sabonete de limpeza. Atua como desinfetante e purificante da pele.\" \/>\n<meta name=\"robots\" content=\"index, follow, max-snippet:-1, max-image-preview:large, max-video-preview:-1\" \/>\n<link rel=\"canonical\" href=\"https:\/\/velvet-med.pt\/fr\/produit\/velderma-sabonete-de-enxofre-2\/\" \/>\n<meta property=\"og:locale\" content=\"fr_FR\" \/>\n<meta property=\"og:type\" content=\"article\" \/>\n<meta property=\"og:title\" content=\"VELDERMA Sabonete de Enxofre - Velvet Med\" \/>\n<meta property=\"og:description\" content=\"Velderma Sabonete de enxofre \u00e9 um sabonete de limpeza. Atua como desinfetante e purificante da pele.\" \/>\n<meta property=\"og:url\" content=\"https:\/\/velvet-med.pt\/fr\/produit\/velderma-sabonete-de-enxofre-2\/\" \/>\n<meta property=\"og:site_name\" content=\"Velvet Med\" \/>\n<meta property=\"article:modified_time\" content=\"2025-10-30T23:45:08+00:00\" \/>\n<meta property=\"og:image\" content=\"https:\/\/velvet-med.pt\/wp-content\/uploads\/2021\/03\/VELDERMA-Sabonete-de-Enxofre-produto.jpg\" \/>\n\t<meta property=\"og:image:width\" content=\"1080\" \/>\n\t<meta property=\"og:image:height\" content=\"1080\" \/>\n\t<meta property=\"og:image:type\" content=\"image\/jpeg\" \/>\n<meta name=\"twitter:card\" content=\"summary_large_image\" \/>\n<meta name=\"twitter:label1\" content=\"Dur\u00e9e de lecture estim\u00e9e\" \/>\n\t<meta name=\"twitter:data1\" content=\"1 minute\" \/>\n<script type=\"application\/ld+json\" class=\"yoast-schema-graph\">{\"@context\":\"https:\\\/\\\/schema.org\",\"@graph\":[{\"@type\":\"WebPage\",\"@id\":\"https:\\\/\\\/velvet-med.pt\\\/produto\\\/velderma-sabonete-de-enxofre-2\\\/\",\"url\":\"https:\\\/\\\/velvet-med.pt\\\/produto\\\/velderma-sabonete-de-enxofre-2\\\/\",\"name\":\"VELDERMA Sabonete de Enxofre - Velvet Med\",\"isPartOf\":{\"@id\":\"https:\\\/\\\/velvet-med.pt\\\/#website\"},\"primaryImageOfPage\":{\"@id\":\"https:\\\/\\\/velvet-med.pt\\\/produto\\\/velderma-sabonete-de-enxofre-2\\\/#primaryimage\"},\"image\":{\"@id\":\"https:\\\/\\\/velvet-med.pt\\\/produto\\\/velderma-sabonete-de-enxofre-2\\\/#primaryimage\"},\"thumbnailUrl\":\"https:\\\/\\\/velvet-med.pt\\\/wp-content\\\/uploads\\\/2021\\\/03\\\/VELDERMA-Sabonete-de-Enxofre-produto.jpg\",\"datePublished\":\"2021-05-04T14:35:44+00:00\",\"dateModified\":\"2025-10-30T23:45:08+00:00\",\"description\":\"Velderma Sabonete de enxofre \u00e9 um sabonete de limpeza. Atua como desinfetante e purificante da pele.\",\"breadcrumb\":{\"@id\":\"https:\\\/\\\/velvet-med.pt\\\/produto\\\/velderma-sabonete-de-enxofre-2\\\/#breadcrumb\"},\"inLanguage\":\"fr-FR\",\"potentialAction\":[{\"@type\":\"ReadAction\",\"target\":[\"https:\\\/\\\/velvet-med.pt\\\/produto\\\/velderma-sabonete-de-enxofre-2\\\/\"]}]},{\"@type\":\"ImageObject\",\"inLanguage\":\"fr-FR\",\"@id\":\"https:\\\/\\\/velvet-med.pt\\\/produto\\\/velderma-sabonete-de-enxofre-2\\\/#primaryimage\",\"url\":\"https:\\\/\\\/velvet-med.pt\\\/wp-content\\\/uploads\\\/2021\\\/03\\\/VELDERMA-Sabonete-de-Enxofre-produto.jpg\",\"contentUrl\":\"https:\\\/\\\/velvet-med.pt\\\/wp-content\\\/uploads\\\/2021\\\/03\\\/VELDERMA-Sabonete-de-Enxofre-produto.jpg\",\"width\":1080,\"height\":1080,\"caption\":\"Embalagem branca e castanha de VELDERMA Sabonete de Enxofre\"},{\"@type\":\"BreadcrumbList\",\"@id\":\"https:\\\/\\\/velvet-med.pt\\\/produto\\\/velderma-sabonete-de-enxofre-2\\\/#breadcrumb\",\"itemListElement\":[{\"@type\":\"ListItem\",\"position\":1,\"name\":\"Home\",\"item\":\"https:\\\/\\\/velvet-med.pt\\\/\"},{\"@type\":\"ListItem\",\"position\":2,\"name\":\"Loja\",\"item\":\"https:\\\/\\\/velvet-med.pt\\\/loja\\\/\"},{\"@type\":\"ListItem\",\"position\":3,\"name\":\"VELDERMA Sabonete de Enxofre\"}]},{\"@type\":\"WebSite\",\"@id\":\"https:\\\/\\\/velvet-med.pt\\\/#website\",\"url\":\"https:\\\/\\\/velvet-med.pt\\\/\",\"name\":\"Velvet Med\",\"description\":\"Healthcare Solutions | Choose a Healthier Life\",\"potentialAction\":[{\"@type\":\"SearchAction\",\"target\":{\"@type\":\"EntryPoint\",\"urlTemplate\":\"https:\\\/\\\/velvet-med.pt\\\/?s={search_term_string}\"},\"query-input\":{\"@type\":\"PropertyValueSpecification\",\"valueRequired\":true,\"valueName\":\"search_term_string\"}}],\"inLanguage\":\"fr-FR\"}]}<\/script>\n<!-- \/ Yoast SEO plugin. -->","yoast_head_json":{"title":"VELDERMA Sabonete de Enxofre - Velvet Med","description":"Velderma Sabonete de enxofre \u00e9 um sabonete de limpeza. Atua como desinfetante e purificante da pele.","robots":{"index":"index","follow":"follow","max-snippet":"max-snippet:-1","max-image-preview":"max-image-preview:large","max-video-preview":"max-video-preview:-1"},"canonical":"https:\/\/velvet-med.pt\/fr\/produit\/velderma-sabonete-de-enxofre-2\/","og_locale":"fr_FR","og_type":"article","og_title":"VELDERMA Sabonete de Enxofre - Velvet Med","og_description":"Velderma Sabonete de enxofre \u00e9 um sabonete de limpeza. Atua como desinfetante e purificante da pele.","og_url":"https:\/\/velvet-med.pt\/fr\/produit\/velderma-sabonete-de-enxofre-2\/","og_site_name":"Velvet Med","article_modified_time":"2025-10-30T23:45:08+00:00","og_image":[{"width":1080,"height":1080,"url":"https:\/\/velvet-med.pt\/wp-content\/uploads\/2021\/03\/VELDERMA-Sabonete-de-Enxofre-produto.jpg","type":"image\/jpeg"}],"twitter_card":"summary_large_image","twitter_misc":{"Dur\u00e9e de lecture estim\u00e9e":"1 minute"},"schema":{"@context":"https:\/\/schema.org","@graph":[{"@type":"WebPage","@id":"https:\/\/velvet-med.pt\/produto\/velderma-sabonete-de-enxofre-2\/","url":"https:\/\/velvet-med.pt\/produto\/velderma-sabonete-de-enxofre-2\/","name":"VELDERMA Sabonete de Enxofre - Velvet Med","isPartOf":{"@id":"https:\/\/velvet-med.pt\/#website"},"primaryImageOfPage":{"@id":"https:\/\/velvet-med.pt\/produto\/velderma-sabonete-de-enxofre-2\/#primaryimage"},"image":{"@id":"https:\/\/velvet-med.pt\/produto\/velderma-sabonete-de-enxofre-2\/#primaryimage"},"thumbnailUrl":"https:\/\/velvet-med.pt\/wp-content\/uploads\/2021\/03\/VELDERMA-Sabonete-de-Enxofre-produto.jpg","datePublished":"2021-05-04T14:35:44+00:00","dateModified":"2025-10-30T23:45:08+00:00","description":"Velderma Sabonete de enxofre \u00e9 um sabonete de limpeza. Atua como desinfetante e purificante da pele.","breadcrumb":{"@id":"https:\/\/velvet-med.pt\/produto\/velderma-sabonete-de-enxofre-2\/#breadcrumb"},"inLanguage":"fr-FR","potentialAction":[{"@type":"ReadAction","target":["https:\/\/velvet-med.pt\/produto\/velderma-sabonete-de-enxofre-2\/"]}]},{"@type":"ImageObject","inLanguage":"fr-FR","@id":"https:\/\/velvet-med.pt\/produto\/velderma-sabonete-de-enxofre-2\/#primaryimage","url":"https:\/\/velvet-med.pt\/wp-content\/uploads\/2021\/03\/VELDERMA-Sabonete-de-Enxofre-produto.jpg","contentUrl":"https:\/\/velvet-med.pt\/wp-content\/uploads\/2021\/03\/VELDERMA-Sabonete-de-Enxofre-produto.jpg","width":1080,"height":1080,"caption":"Embalagem branca e castanha de VELDERMA Sabonete de Enxofre"},{"@type":"BreadcrumbList","@id":"https:\/\/velvet-med.pt\/produto\/velderma-sabonete-de-enxofre-2\/#breadcrumb","itemListElement":[{"@type":"ListItem","position":1,"name":"Home","item":"https:\/\/velvet-med.pt\/"},{"@type":"ListItem","position":2,"name":"Loja","item":"https:\/\/velvet-med.pt\/loja\/"},{"@type":"ListItem","position":3,"name":"VELDERMA Sabonete de Enxofre"}]},{"@type":"WebSite","@id":"https:\/\/velvet-med.pt\/#website","url":"https:\/\/velvet-med.pt\/","name":"Velvet Med","description":"Healthcare Solutions | Choose a Healthier Life","potentialAction":[{"@type":"SearchAction","target":{"@type":"EntryPoint","urlTemplate":"https:\/\/velvet-med.pt\/?s={search_term_string}"},"query-input":{"@type":"PropertyValueSpecification","valueRequired":true,"valueName":"search_term_string"}}],"inLanguage":"fr-FR"}]}},"_links":{"self":[{"href":"https:\/\/velvet-med.pt\/fr\/wp-json\/wp\/v2\/product\/7768","targetHints":{"allow":["GET"]}}],"collection":[{"href":"https:\/\/velvet-med.pt\/fr\/wp-json\/wp\/v2\/product"}],"about":[{"href":"https:\/\/velvet-med.pt\/fr\/wp-json\/wp\/v2\/types\/product"}],"wp:featuredmedia":[{"embeddable":true,"href":"https:\/\/velvet-med.pt\/fr\/wp-json\/wp\/v2\/media\/7538"}],"wp:attachment":[{"href":"https:\/\/velvet-med.pt\/fr\/wp-json\/wp\/v2\/media?parent=7768"}],"wp:term":[{"taxonomy":"product_brand","embeddable":true,"href":"https:\/\/velvet-med.pt\/fr\/wp-json\/wp\/v2\/product_brand?post=7768"},{"taxonomy":"product_cat","embeddable":true,"href":"https:\/\/velvet-med.pt\/fr\/wp-json\/wp\/v2\/product_cat?post=7768"},{"taxonomy":"product_tag","embeddable":true,"href":"https:\/\/velvet-med.pt\/fr\/wp-json\/wp\/v2\/product_tag?post=7768"}],"curies":[{"name":"wp","href":"https:\/\/api.w.org\/{rel}","templated":true}]}}